{"id":1120,"date":"2020-12-08T10:58:03","date_gmt":"2020-12-08T10:58:03","guid":{"rendered":"https:\/\/personal-shopper-graz.at\/?page_id=1120"},"modified":"2026-01-23T09:35:39","modified_gmt":"2026-01-23T09:35:39","slug":"ueber-mich","status":"publish","type":"page","link":"https:\/\/personal-shopper-graz.at\/?page_id=1120","title":{"rendered":"\u00dcber mich"},"content":{"rendered":"<p style=\"text-align: center;\"><img loading=\"lazy\" decoding=\"async\" class=\"alignnone size-medium wp-image-2651\" src=\"https:\/\/personal-shopper-graz.at\/wp-content\/uploads\/2024\/05\/Businessfoto-2023-217x300.jpg\" alt=\"\" width=\"217\" height=\"300\" srcset=\"https:\/\/personal-shopper-graz.at\/wp-content\/uploads\/2024\/05\/Businessfoto-2023-217x300.jpg 217w, https:\/\/personal-shopper-graz.at\/wp-content\/uploads\/2024\/05\/Businessfoto-2023-360x499.jpg 360w, https:\/\/personal-shopper-graz.at\/wp-content\/uploads\/2024\/05\/Businessfoto-2023-739x1024.jpg 739w, https:\/\/personal-shopper-graz.at\/wp-content\/uploads\/2024\/05\/Businessfoto-2023-768x1064.jpg 768w, https:\/\/personal-shopper-graz.at\/wp-content\/uploads\/2024\/05\/Businessfoto-2023-1109x1536.jpg 1109w, https:\/\/personal-shopper-graz.at\/wp-content\/uploads\/2024\/05\/Businessfoto-2023-1479x2048.jpg 1479w, https:\/\/personal-shopper-graz.at\/wp-content\/uploads\/2024\/05\/Businessfoto-2023-370x512.jpg 370w, https:\/\/personal-shopper-graz.at\/wp-content\/uploads\/2024\/05\/Businessfoto-2023-1040x1440.jpg 1040w, https:\/\/personal-shopper-graz.at\/wp-content\/uploads\/2024\/05\/Businessfoto-2023-600x831.jpg 600w, https:\/\/personal-shopper-graz.at\/wp-content\/uploads\/2024\/05\/Businessfoto-2023.jpg 1535w\" sizes=\"auto, (max-width: 217px) 100vw, 217px\" \/><\/p>\n<p><strong><span style=\"color: #ff9900;\">\u00dcber mich \u2013 Ihre Farb-, Stil- &amp; Imageberaterin in Graz<\/span><\/strong><\/p>\n<p data-start=\"1350\" data-end=\"1730\">Seit \u00fcber <strong data-start=\"1360\" data-end=\"1444\">30 Jahren begleitet mich meine Leidenschaft f\u00fcr Mode, Wirkung und Pers\u00f6nlichkeit<\/strong>. Als ehemalige <strong data-start=\"1460\" data-end=\"1481\">Textileink\u00e4uferin<\/strong> habe ich fundierte Einblicke in Materialien, Schnitte, Farben und Trends gewonnen. Dieses Wissen setze ich seit der Gr\u00fcndung meines Unternehmens <strong data-start=\"1627\" data-end=\"1686\">\u201ePersonal Shopper &amp; More \u2013 Monika Gerhold\u201c im Jahr 2013<\/strong> gezielt f\u00fcr meine Kundinnen und Kunden ein.<\/p>\n<p data-start=\"1732\" data-end=\"2043\">Durch zahlreiche nationale und internationale Ausbildungen im Bereich Farb-, Stil- und Imageberatung sowie laufende Weiterbildungen habe ich mir ein fundiertes Fachwissen aufgebaut. In meiner Arbeit nutze ich die Methode der <strong data-start=\"417\" data-end=\"433\">12 Farbtypen<\/strong> als Basis meiner <strong data-start=\"451\" data-end=\"485\">professionellen Farbtypanalyse<\/strong>, und nach der Beratung erhalten Sie einen <strong data-start=\"528\" data-end=\"561\">von Hand gefertigten Farbpass<\/strong>, der bei jeder Beratung <strong data-start=\"586\" data-end=\"599\">inklusive<\/strong> ist. Dabei analysiere ich <strong data-start=\"626\" data-end=\"666\">Hautunterton, Kontrast und S\u00e4ttigung<\/strong> und zeige auf, <strong data-start=\"682\" data-end=\"758\">welche Farben im Alltag, im Business und im Make-up optimal unterst\u00fctzen<\/strong>. Doch neben der Technik sind f\u00fcr mich vor allem <strong data-start=\"807\" data-end=\"879\">Feingef\u00fchl, Erfahrung, Ehrlichkeit und Begeisterung f\u00fcr den Menschen<\/strong> entscheidend.<\/p>\n<p><strong><span style=\"color: #ff9900;\">Warum sollten Sie mich w\u00e4hlen?<\/span><\/strong><\/p>\n<p data-start=\"2086\" data-end=\"2295\">Aus \u00fcber <strong data-start=\"2095\" data-end=\"2191\">3.000 erfolgreichen Farb-, Stil- und Personal-Shopping-Beratungen in Graz und der Steiermark<\/strong> wei\u00df ich eines ganz sicher:<br data-start=\"2219\" data-end=\"2222\" \/><strong data-start=\"2222\" data-end=\"2295\">Stil ist keine Frage des Geldes \u2013 sondern der richtigen Entscheidung.<\/strong><\/p>\n<p data-start=\"2297\" data-end=\"2403\">In meiner <strong data-start=\"2307\" data-end=\"2355\">individuellen Image-, Farb.-Typ &#8211; und Stilberatung<\/strong> stehen immer <strong data-start=\"2369\" data-end=\"2402\">Sie als Mensch im Mittelpunkt<\/strong>:<\/p>\n<ul data-start=\"2405\" data-end=\"2773\">\n<li data-start=\"2405\" data-end=\"2466\">\n<p data-start=\"2407\" data-end=\"2466\">Welche <strong data-start=\"2414\" data-end=\"2424\">Farben<\/strong> bringen Ihre Pers\u00f6nlichkeit zum Strahlen?<\/p>\n<\/li>\n<li data-start=\"2467\" data-end=\"2536\">\n<p data-start=\"2469\" data-end=\"2536\">Welcher <strong data-start=\"2477\" data-end=\"2485\">Stil<\/strong> unterstreicht Ihre Wirkung \u2013 privat wie beruflich?<\/p>\n<\/li>\n<li data-start=\"2537\" data-end=\"2603\">\n<p data-start=\"2539\" data-end=\"2603\">Welche <strong data-start=\"2546\" data-end=\"2569\">Schnitte und Formen<\/strong> passen harmonisch zu Ihrer Figur?<\/p>\n<\/li>\n<li data-start=\"2604\" data-end=\"2656\">\n<p data-start=\"2606\" data-end=\"2656\">Wirken Sie <strong data-start=\"2617\" data-end=\"2656\">authentisch \u2013 oder noch verkleidet?<\/strong><\/p>\n<\/li>\n<li data-start=\"2657\" data-end=\"2697\">\n<p data-start=\"2659\" data-end=\"2697\">Sind Sie der <strong data-start=\"2672\" data-end=\"2697\">Muster- oder Uni-Typ?<\/strong><\/p>\n<\/li>\n<li data-start=\"2698\" data-end=\"2773\">\n<p data-start=\"2700\" data-end=\"2773\">Wie k\u00f6nnen Sie Ihren Kleiderschrank <strong data-start=\"2736\" data-end=\"2773\">nachhaltig &amp; sinnvoll optimieren?<\/strong><\/p>\n<\/li>\n<\/ul>\n<p data-start=\"2775\" data-end=\"2866\">Mein Ziel ist nicht, Sie zu ver\u00e4ndern \u2013 sondern <strong data-start=\"2823\" data-end=\"2865\">Ihre Pers\u00f6nlichkeit sichtbar zu machen<\/strong>.<\/p>\n<p><strong><span style=\"color: #ff9900;\">F\u00fcr wen ist meine Beratung ideal?<\/span><\/strong><\/p>\n<p data-start=\"2912\" data-end=\"2963\">Meine Kundinnen und Kunden kommen zu mir, wenn sie:<\/p>\n<ul data-start=\"2965\" data-end=\"3259\">\n<li data-start=\"2965\" data-end=\"3013\">\n<p data-start=\"2967\" data-end=\"3013\">sich <strong data-start=\"2972\" data-end=\"3003\">stilistisch neu orientieren<\/strong> m\u00f6chten<\/p>\n<\/li>\n<li data-start=\"3014\" data-end=\"3069\">\n<p data-start=\"3016\" data-end=\"3069\">sich im Alltag <strong data-start=\"3031\" data-end=\"3067\">endlich wieder wohlf\u00fchlen wollen<\/strong><\/p>\n<\/li>\n<li data-start=\"3070\" data-end=\"3121\">\n<p data-start=\"3072\" data-end=\"3121\">beruflich <strong data-start=\"3082\" data-end=\"3119\">selbstbewusster auftreten m\u00f6chten<\/strong><\/p>\n<\/li>\n<li data-start=\"3122\" data-end=\"3175\">\n<p data-start=\"3124\" data-end=\"3175\">ihren <strong data-start=\"3130\" data-end=\"3166\">Kleiderschrank neu strukturieren<\/strong> wollen<\/p>\n<\/li>\n<li data-start=\"3176\" data-end=\"3210\">\n<p data-start=\"3178\" data-end=\"3210\">nachhaltiger einkaufen m\u00f6chten<\/p>\n<\/li>\n<li data-start=\"3211\" data-end=\"3259\">\n<p data-start=\"3213\" data-end=\"3259\">eine <strong data-start=\"3218\" data-end=\"3250\">klare, stimmige Au\u00dfenwirkung<\/strong> suchen<\/p>\n<\/li>\n<\/ul>\n<p data-start=\"3261\" data-end=\"3412\">Sie m\u00fcssen nur den <strong data-start=\"3280\" data-end=\"3326\">ersten Schritt und den Mut zur Ver\u00e4nderung<\/strong> mitbringen \u2013 ich begleite Sie fachlich, ehrlich und mit gro\u00dfer Freude auf diesem Weg.<\/p>\n<p data-start=\"3261\" data-end=\"3412\"><span style=\"color: #ff9900;\"><strong data-start=\"3419\" data-end=\"3494\">Ihre Dipl. Farb.-Typ &#8211; Stil &amp; Imageberaterin und Personal Shopperin in Graz<\/strong><\/span><br data-start=\"3494\" data-end=\"3497\" \/><span style=\"color: #ff9900;\"><strong data-start=\"3497\" data-end=\"3515\">Monika Gerhold<\/strong><\/span><\/p>\n<hr data-start=\"3414\" data-end=\"3417\" \/>\n\n\n<div class=\"wp-block-image\"><figure class=\"aligncenter size-large is-resized\"><img loading=\"lazy\" decoding=\"async\" src=\"https:\/\/personal-shopper-graz.at\/wp-content\/uploads\/2025\/12\/Siegel-Imageberatung-2023@4x-875x1024.png\" alt=\"\" class=\"wp-image-3295\" width=\"219\" height=\"256\" srcset=\"https:\/\/personal-shopper-graz.at\/wp-content\/uploads\/2025\/12\/Siegel-Imageberatung-2023@4x-875x1024.png 875w, https:\/\/personal-shopper-graz.at\/wp-content\/uploads\/2025\/12\/Siegel-Imageberatung-2023@4x-360x422.png 360w, https:\/\/personal-shopper-graz.at\/wp-content\/uploads\/2025\/12\/Siegel-Imageberatung-2023@4x-256x300.png 256w, https:\/\/personal-shopper-graz.at\/wp-content\/uploads\/2025\/12\/Siegel-Imageberatung-2023@4x-768x899.png 768w, https:\/\/personal-shopper-graz.at\/wp-content\/uploads\/2025\/12\/Siegel-Imageberatung-2023@4x-1312x1536.png 1312w, https:\/\/personal-shopper-graz.at\/wp-content\/uploads\/2025\/12\/Siegel-Imageberatung-2023@4x-1749x2048.png 1749w, https:\/\/personal-shopper-graz.at\/wp-content\/uploads\/2025\/12\/Siegel-Imageberatung-2023@4x-370x433.png 370w, https:\/\/personal-shopper-graz.at\/wp-content\/uploads\/2025\/12\/Siegel-Imageberatung-2023@4x-1040x1218.png 1040w, https:\/\/personal-shopper-graz.at\/wp-content\/uploads\/2025\/12\/Siegel-Imageberatung-2023@4x-600x703.png 600w, https:\/\/personal-shopper-graz.at\/wp-content\/uploads\/2025\/12\/Siegel-Imageberatung-2023@4x.png 1879w\" sizes=\"auto, (max-width: 219px) 100vw, 219px\" \/><\/figure><\/div>\n","protected":false},"excerpt":{"rendered":"<p>\u00dcber mich \u2013 Ihre Farb-, Stil- &amp; Imageberaterin in Graz Seit \u00fcber 30 Jahren begleitet mich meine Leidenschaft f\u00fcr Mode, Wirkung und Pers\u00f6nlichkeit. Als ehemalige Textileink\u00e4uferin habe ich fundierte Einblicke in Materialien, Schnitte, Farben und Trends gewonnen. Dieses Wissen setze ich seit der Gr\u00fcndung meines Unternehmens \u201ePersonal Shopper &amp; More \u2013 Monika Gerhold\u201c im Jahr&#8230;<\/p>\n","protected":false},"author":5,"featured_media":0,"parent":0,"menu_order":0,"comment_status":"closed","ping_status":"closed","template":"","meta":{"_kad_post_transparent":"","_kad_post_title":"","_kad_post_layout":"","_kad_post_sidebar_id":"","_kad_post_content_style":"","_kad_post_vertical_padding":"","_kad_post_feature":"","_kad_post_feature_position":"","_kad_post_header":false,"_kad_post_footer":false,"_kad_post_classname":"","footnotes":""},"class_list":["post-1120","page","type-page","status-publish","hentry"],"_links":{"self":[{"href":"https:\/\/personal-shopper-graz.at\/index.php?rest_route=\/wp\/v2\/pages\/1120","targetHints":{"allow":["GET"]}}],"collection":[{"href":"https:\/\/personal-shopper-graz.at\/index.php?rest_route=\/wp\/v2\/pages"}],"about":[{"href":"https:\/\/personal-shopper-graz.at\/index.php?rest_route=\/wp\/v2\/types\/page"}],"author":[{"embeddable":true,"href":"https:\/\/personal-shopper-graz.at\/index.php?rest_route=\/wp\/v2\/users\/5"}],"replies":[{"embeddable":true,"href":"https:\/\/personal-shopper-graz.at\/index.php?rest_route=%2Fwp%2Fv2%2Fcomments&post=1120"}],"version-history":[{"count":8,"href":"https:\/\/personal-shopper-graz.at\/index.php?rest_route=\/wp\/v2\/pages\/1120\/revisions"}],"predecessor-version":[{"id":3466,"href":"https:\/\/personal-shopper-graz.at\/index.php?rest_route=\/wp\/v2\/pages\/1120\/revisions\/3466"}],"wp:attachment":[{"href":"https:\/\/personal-shopper-graz.at\/index.php?rest_route=%2Fwp%2Fv2%2Fmedia&parent=1120"}],"curies":[{"name":"wp","href":"https:\/\/api.w.org\/{rel}","templated":true}]}}