{"id":411,"date":"2017-11-29T07:11:42","date_gmt":"2017-11-29T07:11:42","guid":{"rendered":"http:\/\/personal-shopper-graz.at\/?page_id=411"},"modified":"2026-01-28T06:58:48","modified_gmt":"2026-01-28T06:58:48","slug":"beratung","status":"publish","type":"page","link":"https:\/\/personal-shopper-graz.at\/?page_id=411","title":{"rendered":"Beratung"},"content":{"rendered":"<p style=\"text-align: center;\"><img loading=\"lazy\" decoding=\"async\" class=\"alignnone  wp-image-2601\" src=\"https:\/\/personal-shopper-graz.at\/wp-content\/uploads\/2024\/02\/12-Farbtypen-264x300.jpg\" alt=\"\" width=\"294\" height=\"335\" srcset=\"https:\/\/personal-shopper-graz.at\/wp-content\/uploads\/2024\/02\/12-Farbtypen-264x300.jpg 264w, https:\/\/personal-shopper-graz.at\/wp-content\/uploads\/2024\/02\/12-Farbtypen-scaled-360x409.jpg 360w, https:\/\/personal-shopper-graz.at\/wp-content\/uploads\/2024\/02\/12-Farbtypen-901x1024.jpg 901w, https:\/\/personal-shopper-graz.at\/wp-content\/uploads\/2024\/02\/12-Farbtypen-768x873.jpg 768w, https:\/\/personal-shopper-graz.at\/wp-content\/uploads\/2024\/02\/12-Farbtypen-1352x1536.jpg 1352w, https:\/\/personal-shopper-graz.at\/wp-content\/uploads\/2024\/02\/12-Farbtypen-1802x2048.jpg 1802w, https:\/\/personal-shopper-graz.at\/wp-content\/uploads\/2024\/02\/12-Farbtypen-370x420.jpg 370w, https:\/\/personal-shopper-graz.at\/wp-content\/uploads\/2024\/02\/12-Farbtypen-1040x1182.jpg 1040w, https:\/\/personal-shopper-graz.at\/wp-content\/uploads\/2024\/02\/12-Farbtypen-600x682.jpg 600w\" sizes=\"auto, (max-width: 294px) 100vw, 294px\" \/><\/p>\n<figure id=\"attachment_550\" aria-describedby=\"caption-attachment-550\" style=\"width: 300px\" class=\"wp-caption aligncenter\"><img loading=\"lazy\" decoding=\"async\" class=\"size-medium wp-image-550\" src=\"https:\/\/personal-shopper-graz.at\/wp-content\/uploads\/2019\/01\/m140128c002-300x200.jpg\" alt=\"\" width=\"300\" height=\"200\" srcset=\"https:\/\/personal-shopper-graz.at\/wp-content\/uploads\/2019\/01\/m140128c002-300x200.jpg 300w, https:\/\/personal-shopper-graz.at\/wp-content\/uploads\/2019\/01\/m140128c002-scaled-360x240.jpg 360w, https:\/\/personal-shopper-graz.at\/wp-content\/uploads\/2019\/01\/m140128c002-768x512.jpg 768w, https:\/\/personal-shopper-graz.at\/wp-content\/uploads\/2019\/01\/m140128c002-1024x683.jpg 1024w, https:\/\/personal-shopper-graz.at\/wp-content\/uploads\/2019\/01\/m140128c002-370x247.jpg 370w, https:\/\/personal-shopper-graz.at\/wp-content\/uploads\/2019\/01\/m140128c002-1040x693.jpg 1040w\" sizes=\"auto, (max-width: 300px) 100vw, 300px\" \/><figcaption id=\"caption-attachment-550\" class=\"wp-caption-text\">wifi-stmk, testimonial, monika gerhold<\/figcaption><\/figure>\n<p><img loading=\"lazy\" decoding=\"async\" class=\"size-medium wp-image-3000 aligncenter\" src=\"https:\/\/personal-shopper-graz.at\/wp-content\/uploads\/2025\/05\/Siegel-Imageberatung-2023@4x-256x300.png\" alt=\"\" width=\"256\" height=\"300\" srcset=\"https:\/\/personal-shopper-graz.at\/wp-content\/uploads\/2025\/05\/Siegel-Imageberatung-2023@4x-256x300.png 256w, https:\/\/personal-shopper-graz.at\/wp-content\/uploads\/2025\/05\/Siegel-Imageberatung-2023@4x-360x422.png 360w, https:\/\/personal-shopper-graz.at\/wp-content\/uploads\/2025\/05\/Siegel-Imageberatung-2023@4x-875x1024.png 875w, https:\/\/personal-shopper-graz.at\/wp-content\/uploads\/2025\/05\/Siegel-Imageberatung-2023@4x-768x899.png 768w, https:\/\/personal-shopper-graz.at\/wp-content\/uploads\/2025\/05\/Siegel-Imageberatung-2023@4x-1312x1536.png 1312w, https:\/\/personal-shopper-graz.at\/wp-content\/uploads\/2025\/05\/Siegel-Imageberatung-2023@4x-1749x2048.png 1749w, https:\/\/personal-shopper-graz.at\/wp-content\/uploads\/2025\/05\/Siegel-Imageberatung-2023@4x-370x433.png 370w, https:\/\/personal-shopper-graz.at\/wp-content\/uploads\/2025\/05\/Siegel-Imageberatung-2023@4x-1040x1218.png 1040w, https:\/\/personal-shopper-graz.at\/wp-content\/uploads\/2025\/05\/Siegel-Imageberatung-2023@4x-600x703.png 600w, https:\/\/personal-shopper-graz.at\/wp-content\/uploads\/2025\/05\/Siegel-Imageberatung-2023@4x.png 1879w\" sizes=\"auto, (max-width: 256px) 100vw, 256px\" \/><\/p>\n<p><strong>Farbberatung mit 12 Farbtypen f\u00fcr Damen, Herren und\u00a0 \u00a0 \u00a0 \u00a0 \u00a0 \u00a0 \u00a0 \u00a0 \u00a0 \u00a0 Kinder <\/strong><strong>( bis 14 Jahren )<\/strong><\/p>\n<p>Dauer:\u00a0 \u00a0 \u00a0 \u00a0 \u00a0 \u00a0 \u00a0 \u00a0 \u00a0 \u00a0 \u00a0 \u00a0 \u00a0 \u00a0 \u00a0 \u00a0 \u00a0 \u00a0Preis:<br \/>2,0 Stunden bei Damen\u00a0 \u00a0 \u00a0<strong>\u20ac 220,00 inkl. Farbpass aus Stoff im Wert \u20ac32,00<\/strong><br \/>1,5 Stunden bei Herren\u00a0 \u00a0 \u00a0<strong>\u20ac 165,00 inkl. Farbpass aus Stoff im Wert \u20ac32,00<\/strong><br \/>1,0 Stunden bei Kinder\u00a0 \u00a0 \u00a0<strong> \u20ac 110,00 inkl. Farbpass aus Stoff im Wert \u20ac32,00<\/strong><\/p>\n<p><span style=\"color: #ff9900;\"><strong>Farbberatung in der Gruppe ab 2 Personen inkl. Farbpass pro Person \u20ac179,00<\/strong><\/span><\/p>\n<p><strong>Inhalt:<\/strong><\/p>\n<div class=\"flex flex-grow flex-col max-w-full\">\n<div class=\"min-h-[20px] text-message flex flex-col items-start gap-3 whitespace-pre-wrap break-words [.text-message+&amp;]:mt-5 overflow-x-auto\" data-message-author-role=\"assistant\" data-message-id=\"daa6d041-b205-423c-bf10-0e0ac3bcefcb\">\n<div class=\"markdown prose w-full break-words dark:prose-invert light\">\n<p>Entdecken Sie die <strong>perfekte Haarfarbe, den richtigen Haarschnitt, die passende Brillenform und die Farben, die Ihre Augen zum Leuchten bringen<\/strong> \u2013 Gold oder Silber? Welches Make-up betont Ihre nat\u00fcrliche Sch\u00f6nheit am besten? Wir nehmen uns die Zeit f\u00fcr eine umfassende <strong>Analyse der 12 Farbtypen,<\/strong> damit Sie genau wissen, welche Farben Ihnen am besten stehen. Damen erleben abschlie\u00dfend eine farbenfrohe Make-up-Anwendung in ihren typgerechten Nuancen. F\u00fcr Herren finden wir heraus, welche Bartform perfekt zu ihrem Stil passt! Und vergessen Sie nicht Ihren pers\u00f6nlichen Farbpass aus handgefertigtem Stoff \u2013 er ist unverzichtbar!<\/p>\n<p><strong>Sie k\u00f6nnen auch gerne eine Gruppenfarbberatung f\u00fcr bis zu 5 Personen buchen. Diese Beratung kostet pro Person \u20ac179,00 inkl. Farbpass aus Stoff im Wert von \u20ac32,00<\/strong><\/p>\n<\/div>\n<\/div>\n<\/div>\n<hr \/>\n<p><strong>Ganzheitliche Stilberatung<\/strong><\/p>\n<p>Dauer:\u00a0 \u00a0 \u00a0 \u00a0 \u00a0 \u00a0 \u00a0 \u00a0 \u00a0 \u00a0 \u00a0 \u00a0 \u00a0 \u00a0 \u00a0 \u00a0 \u00a0 \u00a0 \u00a0 \u00a0 \u00a0 \u00a0 \u00a0<br \/><strong>2 Stunden bei Damen und Herren\u00a0 \u00a0 \u00a0 \u00a0 \u00a0 \u00a0 \u00a0 \u00a0 \u00a0 \u00a0 \u00a0 \u00a0 \u00a0 \u00a0 \u00a0 \u00a0 \u00a0 \u00a0 \u00a0 \u00a0 \u00a0 \u00a0 \u00a0 \u00a0 \u00a0 \u00a0 \u00a0 \u00a0 \u00a0 \u00a0 \u00a0 \u00a0 \u00a0 \u00a0 Preis: \u20ac 220,00 inkl. pers\u00f6nliche Stilmappe\u00a0<\/strong><\/p>\n<p><strong>Inhalt:<\/strong><\/p>\n<p data-path-to-node=\"4\"><b data-path-to-node=\"4\" data-index-in-node=\"0\">Entdecken Sie die sch\u00f6nste Version Ihrer selbst<\/b><\/p>\n<p data-path-to-node=\"5\">Gemeinsam tauchen wir ein in die faszinierende Welt Ihres individuellen Stils. Wir bringen das zum Strahlen, was in Ihnen schlummert: Mit einer pr\u00e4zisen Analyse finden wir heraus, welche Schnitte, L\u00e4ngen und Formen Ihre Pers\u00f6nlichkeit perfekt unterstreichen.<\/p>\n<p data-path-to-node=\"6\">Ob die ideale Ausschnittform, die optimale Hosenl\u00e4nge oder der Rock, der Ihre Silhouette schmeichelt \u2013 durch eine exakte Vermessung Ihrer K\u00f6rperproportionen definieren wir Ihre ganz pers\u00f6nliche L\u00e4ngenf\u00fchrung. Bringen Sie gerne Ihre Lieblingsst\u00fccke mit! Wir analysieren gemeinsam, warum diese Teile funktionieren (oder eben nicht).<\/p>\n<p data-path-to-node=\"7\">Als Kompass f\u00fcr die Zukunft erhalten Sie Ihre exklusive <b data-path-to-node=\"7\" data-index-in-node=\"56\">Stilmappe<\/b>. Ein wertvoller Begleiter, der Ihren Look auf ein v\u00f6llig neues Niveau hebt und Fehlk\u00e4ufe endg\u00fcltig der Vergangenheit angeh\u00f6ren l\u00e4sst.<\/p>\n<hr \/>\n<p><strong>Kleine Stilberatung und Kleiderkastencheck<\/strong><\/p>\n<p>Dauer:\u00a0 \u00a0 \u00a0 \u00a0 \u00a0 \u00a0 \u00a0 \u00a0 \u00a0 \u00a0 \u00a0<br \/><strong>2 Stunden\u00a0 Preis: \u20ac220,00 inkl. pers\u00f6nliche Stilmappe<\/strong><\/p>\n<p><strong>Inhalt:<\/strong><br \/>Gemeinsam \u00fcberpr\u00fcfen wir Ihre vorsortierten Kleidungsst\u00fccke und testen, ob sie immer noch zu Ihrem individuellen Stil und Typ passen.<\/p>\n<hr \/>\n<p><strong>Komplette Farb-Typ und Stilberatung<\/strong><\/p>\n<p>Dauer:\u00a0 \u00a0 \u00a0 \u00a0 \u00a0 \u00a0<br \/><strong>4 Stunden bei Damen Preis: \u20ac 440,00 inkl. Farbpass aus Stoff &amp; pers\u00f6nliche Stilmappe<\/strong><br \/><strong>3 Stunden bei Herren Preis: \u20ac 330,00 inkl. Farbpass aus Stoffe &amp; pers\u00f6nliche Stilmappe<\/strong><\/p>\n<p><strong>Inhalt:<\/strong><\/p>\n<p>Tauchen Sie ein in die faszinierende Welt <strong>der pers\u00f6nlichen Stil- und Farbberatung<\/strong>! Wir analysieren Ihre <strong>perfekte Haarfarbe, den passenden Haarschnitt, die ideale Brillenform und Farbe sowie die Schmuckwahl zwischen Gold und Silber.<\/strong> Welches Make-up unterstreicht Ihre nat\u00fcrliche Sch\u00f6nheit am besten? Wir nehmen uns Zeit, um die Farben zu identifizieren, die Sie im Gesichtsbereich tragen sollten, und <strong>Damen werden abschlie\u00dfend in ihren typgerechten Farben geschminkt.<\/strong> Auch die Herren werden nicht vergessen \u2013 wir finden heraus, welche Bartform am besten zu Ihnen passt!<\/p>\n<p><strong>Und als Sahneh\u00e4ubchen: Ihr pers\u00f6nlicher handgefertigter Farbpass aus Stoff ist Teil dieser Beratung!<\/strong><\/p>\n<p>Aber damit nicht genug \u2013 gemeinsam erkunden wir Ihren <strong>individuellen Stil!<\/strong> Welcher Stiltyp steckt in Ihnen? <strong>Welche Ausschnittformen, Hosen- und R\u00f6ckenl\u00e4ngen passen perfekt zu Ihrer Pers\u00f6nlichkeit? B<\/strong>ringen Sie Ihre Lieblingsst\u00fccke mit, denn wir analysieren sie gr\u00fcndlich. Ihr K\u00f6rper wird vermessen, um die perfekte L\u00e4ngenf\u00fchrung zu bestimmen. A<strong>m Ende erhalten Sie Ihre pers\u00f6nliche Stilmappe, die Ihren Look auf ein neues Level hebt!<\/strong><\/p>\n<hr \/>\n<p>Foto privat<\/p>\n<p><strong>Vorher\u00a0 <img loading=\"lazy\" decoding=\"async\" class=\"alignnone  wp-image-554\" src=\"https:\/\/personal-shopper-graz.at\/wp-content\/uploads\/2019\/01\/WhatsApp-Image-2018-02-16-at-13.10.531-225x300.jpeg\" alt=\"\" width=\"157\" height=\"209\" srcset=\"https:\/\/personal-shopper-graz.at\/wp-content\/uploads\/2019\/01\/WhatsApp-Image-2018-02-16-at-13.10.531-225x300.jpeg 225w, https:\/\/personal-shopper-graz.at\/wp-content\/uploads\/2019\/01\/WhatsApp-Image-2018-02-16-at-13.10.531-360x480.jpeg 360w, https:\/\/personal-shopper-graz.at\/wp-content\/uploads\/2019\/01\/WhatsApp-Image-2018-02-16-at-13.10.531-768x1024.jpeg 768w, https:\/\/personal-shopper-graz.at\/wp-content\/uploads\/2019\/01\/WhatsApp-Image-2018-02-16-at-13.10.531-370x493.jpeg 370w, https:\/\/personal-shopper-graz.at\/wp-content\/uploads\/2019\/01\/WhatsApp-Image-2018-02-16-at-13.10.531-1040x1387.jpeg 1040w, https:\/\/personal-shopper-graz.at\/wp-content\/uploads\/2019\/01\/WhatsApp-Image-2018-02-16-at-13.10.531.jpeg 1200w\" sizes=\"auto, (max-width: 157px) 100vw, 157px\" \/> <img loading=\"lazy\" decoding=\"async\" class=\"alignnone  wp-image-555\" src=\"https:\/\/personal-shopper-graz.at\/wp-content\/uploads\/2019\/01\/WhatsApp-Image-2018-02-16-at-13.10.53-225x300.jpeg\" alt=\"\" width=\"155\" height=\"207\" srcset=\"https:\/\/personal-shopper-graz.at\/wp-content\/uploads\/2019\/01\/WhatsApp-Image-2018-02-16-at-13.10.53-225x300.jpeg 225w, https:\/\/personal-shopper-graz.at\/wp-content\/uploads\/2019\/01\/WhatsApp-Image-2018-02-16-at-13.10.53-360x480.jpeg 360w, https:\/\/personal-shopper-graz.at\/wp-content\/uploads\/2019\/01\/WhatsApp-Image-2018-02-16-at-13.10.53-768x1024.jpeg 768w, https:\/\/personal-shopper-graz.at\/wp-content\/uploads\/2019\/01\/WhatsApp-Image-2018-02-16-at-13.10.53-370x493.jpeg 370w, https:\/\/personal-shopper-graz.at\/wp-content\/uploads\/2019\/01\/WhatsApp-Image-2018-02-16-at-13.10.53-1040x1387.jpeg 1040w, https:\/\/personal-shopper-graz.at\/wp-content\/uploads\/2019\/01\/WhatsApp-Image-2018-02-16-at-13.10.53.jpeg 1200w\" sizes=\"auto, (max-width: 155px) 100vw, 155px\" \/>\u00a0 Nachher<\/strong><\/p>\n<hr \/>\n<p><strong>Imageberatung\u00a0<\/strong><\/p>\n<p><strong>Selbstbild \/ Fremdbild \/ Wunschbild &#8211; Ihre Wirkung\/ Ihr Auftritt<\/strong><\/p>\n<p>Dauer:<br \/><strong>5 Stunden bei Damen \u20ac 550,00 inkl. Farbpass aus Stoff, pers.Stilmappe\u00a0<\/strong><br \/><strong>4 Stunden bei Herren \u20ac 440,00 inkl. Farbpass aus Stoff, pers.Stilmappe<\/strong><\/p>\n<p><strong>Inhalt:<\/strong><\/p>\n<p><strong>Die Imageberatung umfasst eine umfassende Farb-, Typ- und Stilberatung, wie oben beschrieben.<\/strong><\/p>\n<p>Eine professionelle Imageberatung steigert Ihr Wohlbefinden, unterst\u00fctzt ein souver\u00e4nes Auftreten und spart Ihnen Zeit und Geld. Stil ist dabei keine Frage der Mode oder des Geschmacks, sondern vor allem der Pers\u00f6nlichkeit. Als Diplomierte Imageberaterin inszeniere ich Ihren Charakter in all seinen Facetten. <strong>Meine F\u00e4higkeit besteht darin, Ihre Pers\u00f6nlichkeit schnell zu erfassen und in einen Look zu \u00fcbersetzen, der bei anderen Eindruck hinterl\u00e4sst.<\/strong> Die gesamte Beratung wird auf Ihre pers\u00f6nlichen und beruflichen Bed\u00fcrfnisse und Ziele zugeschnitten.<\/p>\n<p>Schon mit kleinen Ver\u00e4nderungen lassen sich gro\u00dfe Erfolge erzielen.<\/p>\n<p><strong>Wie werden Sie wahrgenommen?<\/strong> Gemeinsam finden wir heraus, welchen Eindruck Sie auf andere machen. Beim Image geht es um Ihr Verhalten, Ihre Kommunikation und die Wahrnehmung.<\/p>\n<hr \/><hr \/>\n<p><strong>Personal Shopping<\/strong><\/p>\n<p><strong>Dauer:<\/strong> Stundenweise\u00a0 Preis: pro Stunde \u20ac79,00<\/p>\n<p><strong>Inhalt:<\/strong> Personal Shopping ist eine gro\u00dfartige M\u00f6glichkeit, <strong>Zeit und Geld zu sparen! <\/strong>Ich treffe f\u00fcr Sie eine typgerechte Vorauswahl in dem Gesch\u00e4ft Ihrer Wahl oder w\u00e4hle eines f\u00fcr Sie aus. Sie m\u00fcssen nur noch kommen, probieren und ausw\u00e4hlen, was Ihnen gef\u00e4llt. Das Vorabgespr\u00e4ch und die Vorauswahl werden nicht berechnet. Die Abrechnung beginnt erst, wenn Sie sich in der Umkleidekabine befinden.<\/p>\n<hr \/>\n<p><strong>Brillenberatung<\/strong><\/p>\n<p>Dauer:<br \/><strong>Stundenweise pro Stunde \u20ac79,00<\/strong><\/p>\n<p><strong>Inhalt:<\/strong><\/p>\n<p><strong>gemeinsamer Brillenkauf<\/strong><\/p>\n<hr \/>\n<p><strong>Kleiderkastencheck\u00a0\u00a0<\/strong><\/p>\n<p>Dauer:<br \/><strong>Stundenweise pro Stunde \u20ac79,00<\/strong><\/p>\n<p><strong>Inhalt:<\/strong><br \/>\u2022 <strong>Gemeinsam<\/strong> schauen wir uns Ihren <strong>Kleiderkasten<\/strong> an,<br \/>\u2022 schauen, welche <strong>Kleidungsst\u00fccke noch tragbar<\/strong> sind,<br \/>\u2022 welche Kleidungsst\u00fccke <strong>ge\u00e4ndert w<\/strong>erden m\u00fcssen,<br \/>\u2022 was k\u00f6nnen Sie <strong>erg\u00e4nzen<\/strong>, damit das Kleidungsst\u00fcck <strong>wieder tragbar wird<\/strong>,<br \/>\u2022 <strong>neue Kombinationen<\/strong> werden zusammengestellt<br \/>\u2022 auf Wunsch werden die Kombinationen auch fotografiert, als Ged\u00e4chtnisst\u00fctze<\/p>\n<p>Nehmen Sie <a href=\"mailto:office@personal-shopper-graz.at\"><span style=\"color: #0000ff;\">Kontakt<\/span><\/a> mit Monika Gerhold auf, um einen individuelle Beratungstermin zu vereinbaren.<\/p>\n\n\n<p><\/p>\n","protected":false},"excerpt":{"rendered":"<p>Farbberatung mit 12 Farbtypen f\u00fcr Damen, Herren und\u00a0 \u00a0 \u00a0 \u00a0 \u00a0 \u00a0 \u00a0 \u00a0 \u00a0 \u00a0 Kinder ( bis 14 Jahren ) Dauer:\u00a0 \u00a0 \u00a0 \u00a0 \u00a0 \u00a0 \u00a0 \u00a0 \u00a0 \u00a0 \u00a0 \u00a0 \u00a0 \u00a0 \u00a0 \u00a0 \u00a0 \u00a0Preis:2,0 Stunden bei Damen\u00a0 \u00a0 \u00a0\u20ac 220,00 inkl. Farbpass aus Stoff im Wert \u20ac32,001,5 Stunden&#8230;<\/p>\n","protected":false},"author":4,"featured_media":0,"parent":0,"menu_order":0,"comment_status":"closed","ping_status":"closed","template":"","meta":{"_kad_post_transparent":"","_kad_post_title":"","_kad_post_layout":"","_kad_post_sidebar_id":"","_kad_post_content_style":"","_kad_post_vertical_padding":"","_kad_post_feature":"","_kad_post_feature_position":"","_kad_post_header":false,"_kad_post_footer":false,"_kad_post_classname":"","footnotes":""},"class_list":["post-411","page","type-page","status-publish","hentry"],"_links":{"self":[{"href":"https:\/\/personal-shopper-graz.at\/index.php?rest_route=\/wp\/v2\/pages\/411","targetHints":{"allow":["GET"]}}],"collection":[{"href":"https:\/\/personal-shopper-graz.at\/index.php?rest_route=\/wp\/v2\/pages"}],"about":[{"href":"https:\/\/personal-shopper-graz.at\/index.php?rest_route=\/wp\/v2\/types\/page"}],"author":[{"embeddable":true,"href":"https:\/\/personal-shopper-graz.at\/index.php?rest_route=\/wp\/v2\/users\/4"}],"replies":[{"embeddable":true,"href":"https:\/\/personal-shopper-graz.at\/index.php?rest_route=%2Fwp%2Fv2%2Fcomments&post=411"}],"version-history":[{"count":23,"href":"https:\/\/personal-shopper-graz.at\/index.php?rest_route=\/wp\/v2\/pages\/411\/revisions"}],"predecessor-version":[{"id":3471,"href":"https:\/\/personal-shopper-graz.at\/index.php?rest_route=\/wp\/v2\/pages\/411\/revisions\/3471"}],"wp:attachment":[{"href":"https:\/\/personal-shopper-graz.at\/index.php?rest_route=%2Fwp%2Fv2%2Fmedia&parent=411"}],"curies":[{"name":"wp","href":"https:\/\/api.w.org\/{rel}","templated":true}]}}