{"id":73,"date":"2016-10-26T12:05:05","date_gmt":"2016-10-26T12:05:05","guid":{"rendered":"http:\/\/test.personal-shopper-graz.at\/?page_id=73"},"modified":"2026-02-25T12:35:31","modified_gmt":"2026-02-25T12:35:31","slug":"kontakt","status":"publish","type":"page","link":"https:\/\/personal-shopper-graz.at\/?page_id=73","title":{"rendered":"Kontakt und Wegbeschreibung"},"content":{"rendered":"<h3 style=\"text-align: center;\">Monika Gerhold<\/h3>\n<p style=\"text-align: center;\">Mitterstrasse 141<br \/>\n8055 Seiersberg<br \/>\n+43 676 470 73 16<br \/>\n<a href=\"mailto:office@personal-shopper-graz.at\">office@personal-shopper-graz.at<\/a><br \/>\n<a href=\"http:\/\/www.personal-shopper-graz.at\">www.personal-shopper-graz.at<\/a><\/p>\n<header class=\"entry-header\">\n<h1 class=\"entry-title\">Wegbeschreibung<\/h1>\n<\/header>\n<div class=\"entry-content\">\n<p>Wie kommt man zur mir<strong>? 8055 Graz \/ Seiersberg, Mitterstra\u00dfe 141<\/strong><\/p>\n<p>1.)\u00a0\u00a0\u00a0 \u00d6ffentliche Verkehrsmittel<br \/>\n2.)\u00a0\u00a0\u00a0 Sonstige Verkehrsmittel<\/p>\n<p>Zu 1.) <strong>Anreise mit \u00f6ffentlichen Verkehrsmitteln<\/strong><\/p>\n<p>1a)\u00a0\u00a0\u00a0\u00a0\u00a0 Ab <strong>Graz Hauptbahnhof:<\/strong><\/p>\n<ul>\n<li>mit der Schnellbahn S5 (Graz \u2013 Spielfeld-Stra\u00df) oder S6 (Graz \u2013 Wies-Eibiswald<strong>)<\/strong> bis zum Bahnhof Graz-Puntigam (Fahrzeit ca. 7 Minuten)<\/li>\n<li>mit der Buslinie 78 bis zu Haltestelle Blumengasse (Fahrzeit ca. 4 Minuten)<\/li>\n<li>nun noch 130 m zu Fu\u00df und schon ist die Mitterstra\u00dfe 141 (linke Stra\u00dfenseite) erreicht1b)\u00a0 \u00a0 \u00a0 \u00a0 \u00a0 \u00a0 \u00a0 \u00a0 \u00a0 \u00a0 \u00a0 \u00a0 \u00a0 \u00a0 \u00a0 \u00a0 \u00a0 \u00a0 \u00a0 \u00a0 \u00a0 \u00a0 \u00a0 \u00a0 \u00a0 \u00a0 \u00a0 \u00a0 \u00a0 \u00a0 \u00a0 \u00a0 \u00a0 \u00a0 \u00a0 \u00a0 \u00a0 \u00a0 \u00a0 \u00a0 Ab <strong>Graz Jakominiplatz<\/strong>\n<ul>\n<li>Abfahrt Jakominiplatz F mit der Stra\u00dfenbahn 3\/5 bis Puntigam Bahnhof A (Fahrzeit ca. 18 Minuten)<\/li>\n<li>3 Minuten zu Fu\u00df bis Puntigam Bahnhof<\/li>\n<li>mit der Buslinie 78 bis zur Haltestelle Blumengasse (Fahrzeit ca. 4 Minuten)<\/li>\n<li>nun noch 130 m zu Fu\u00df und schon ist die Mitterstra\u00dfe 141 (linke Stra\u00dfenseite) erreicht<\/li>\n<\/ul>\n<p>Der Nahverkehrsknoten Bahnhof Puntigam ist auch mit folgenden Buslinien erreichbar:<\/p>\n<p>Buslinie 62:\u00a0\u00a0\u00a0\u00a0\u00a0\u00a0\u00a0\u00a0 Bahnhof Puntigam C \u2013 WKO\/WIFI\/tim<br \/>\nBuslinie 64:\u00a0\u00a0\u00a0\u00a0\u00a0\u00a0\u00a0\u00a0 Puntigam Bahnhof D \u2013 St. Leonhard\/Klinikum Mitte<br \/>\nBuslinie 65:\u00a0\u00a0\u00a0\u00a0\u00a0\u00a0\u00a0\u00a0 Puntigam Bahnhof \u2013 G\u00f6sting<\/p>\n<p>Zu 2.) <strong>Anreise mit PKW, Motorrad<\/strong>, womit auch immer:<\/p>\n<p>2a)\u00a0\u00a0\u00a0\u00a0\u00a0 <strong>Von Norden kommend<\/strong> auf der Autobahn A9 (Richtung Graz):<\/p>\n<ul>\n<li>den Plabutschtunnel durchfahren<\/li>\n<li>danach Ausfahrt Graz-Webling Richtung Graz nehmen<\/li>\n<li>im Kreisverkehr die 2. Ausfahrt Richtung Puntigam nehmen (B67a) \u2013 links sieht man schon SPAR, OBI, IKEA = Center West<\/li>\n<li>nach ca. 1 km die Ausfahrt Richtung\u00a0Ikea\/Center West nehmen<\/li>\n<li>im Kreisverkehr 2. Ausfahrt Puntigam nehmen<\/li>\n<li>beim n\u00e4chsten Kreisverkehr 1. Ausfahrt (Am Wagrain) nehmen<\/li>\n<li>entlang der L\u00e4rmschutzwand (\u00d6BB) und Am Wagrain geht nach einer leichten Rechtsbiegung nach ca. 350 m in die Mitterstra\u00dfe \u00fcber<\/li>\n<li>nach ca. 300 m kommt man zu einem weiteren Kreisverkehr \u2013 gerade aus weiterfahren (= 2. Ausfahrt = Mitterstra\u00dfe)<\/li>\n<li>nach ca. 700 m haben Sie die Mitterstra\u00dfe 141 auf der linken Seite erreicht! (Achtung ab Ortsbeginn Seiersberg-Pirka 30 km\/h Geschwindigkeitsbeschr\u00e4nkung!!!)<\/li>\n<li>parken entweder im Hof oder stra\u00dfenseitig vor dem Haus<\/li>\n<\/ul>\n<p><strong>KLINGT KOMPLIZIERT, SIE SIND ABER NACH AUSFAHRT AUS DEM TUNNELS IN CA. 1<\/strong><strong>5 MINUTEN BEI MIR<\/strong><\/p>\n<p>2b)\u00a0 \u00a0 \u00a0 <strong>Von Norden kommend<\/strong> aus dem Stadtgebiet von Graz (\u2026\u2026. Beschreibung ab Citypark!):<\/p>\n<ul>\n<li>die Triesterstra\u00dfe (B67) Richtung S\u00fcden fahren (ca. 5,5 km) \u2013 vorbei an: Reifenhaus Plankenauer (links), Justizanstalt Karlau (links), Zentralfriedhof (rechts), Brauhaus Puntigam (links), Louis Graz Motorradbekleidung (links)<\/li>\n<li>direkt bei Lous Graz nach rechts in die Gradnerstra\u00dfe abbiegen \u2013 unter der Eisenbahnunterf\u00fchrung durchfahren und beim Kreisverkehr die 3. Ausfahrt (Mitterstra\u00dfe) nehmen<\/li>\n<li>nach ca. 700 m haben Sie die Mitterstra\u00dfe 141 auf der linken Seite erreicht! (Achtung ab Ortsbeginn Seiersberg-Pirka 30 km\/h Geschwindigkeitsbeschr\u00e4nkung!!!)<\/li>\n<li>parken entweder im Hof oder stra\u00dfenseitig vor dem Haus<\/li>\n<\/ul>\n<p><strong>KLINGT KOMPLIZIERTRS ALS ES IST<\/strong><\/p>\n<p>2c)\u00a0 \u00a0 \u00a0<strong>Von Osten kommend<\/strong> auf der Autobahn A2 Richtung Graz :<\/p>\n<ul>\n<li>Ausfahrt Flughafen Graz\/Feldkirchen nehmen<\/li>\n<li>an der Gabelung rechts halten \u2013 Beschilderung Richtung Graz-Puntigam<\/li>\n<li>nun fahren sie durch eine Unterflurtrasse<\/li>\n<li>am Ende der Unterflurtrasse nehmen sie im (2. Ausfahrt)<\/li>\n<li>nach ca. 350 m, beim n\u00e4chsten Kreisverkehr Richtung Seiersberg ( Ausfahrt Feldkirchnerstra\u00dfe) und fahren ca. 500 m bis zur Ampel<\/li>\n<li>an der Ampel biegen sie nach rechts in die Mitterstra\u00dfe ab (Achtung 30 km\/h Geschwindigkeitsbeschr\u00e4nkung!!!)<\/li>\n<li>nach ca. 850 m haben sie die Mitterstra\u00dfe 141 (rechts) erreicht\n<ul>\n<li>parken entweder im Hof oder stra\u00dfenseitig vor dem Haus<\/li>\n<\/ul>\n<p><strong>AB AUTOBAHNABFAHRT SIND SIE IN CA. 3 MINUTEN BEI MIR<\/strong><\/p>\n<p>2d)\u00a0 \u00a0 <strong>Von S\u00fcden kommend<\/strong> auf der Autobahn A9 Richtung Graz:<\/p>\n<ul>\n<li>auf A9 fahren bis zum Knoten Graz-West \u2013 rechts halten und auf der A2 Richtung Wien\/Ungarn\/Graz-Ost fahren<\/li>\n<li>nach ca. 3 Kilometern die Ausfahrt Flughafen Graz\/Feldkirchen nehmen<\/li>\n<li>beim Kreisverkehr die Ausfahrt (B67) nehmen<\/li>\n<li>nun fahren sie durch eine Unterflurtrasse<\/li>\n<li>am Ende der Unterflurtrasse nehmen sie im (2. Ausfahrt)<\/li>\n<li>nach ca. 350 m, beim n\u00e4chsten Kreisverkehr Richtung Seiersberg ( Ausfahrt Feldkirchnerstra\u00dfe) und fahren ca. 500 m bis zur Ampel<\/li>\n<li>an der Ampel biegen sie nach rechts in die Mitterstra\u00dfe ab (Achtung 30 km\/h Geschwindigkeitsbeschr\u00e4nkung!!!)<\/li>\n<li>nach ca. 850 m haben sie die Mitterstra\u00dfe 141 (rechts) erreicht<\/li>\n<li>parken entweder im Hof oder stra\u00dfenseitig vor dem Haus<\/li>\n<\/ul>\n<p><strong>AB AUTOBAHNABFAHRT SIND SIE IN CA. 3 MINUTEN BEI MIR<\/strong><\/p>\n<p>2e)\u00a0 \u00a0 \u00a0<strong>Von Westen kommend<\/strong> auf der Autobahn A2 Richtung Graz:<\/p>\n<ul>\n<li>der A2 folgen und die Ausfahrt Flughafen Graz\/Feldkirchen nehmen<\/li>\n<li>beim Kreisverkehr die dritte Ausfahrt (B67) nehmen<\/li>\n<li>nun fahren sie durch eine Unterflurtrasse<\/li>\n<li>am Ende der Unterflurtrasse nehmen sie im (2. Ausfahrt)<\/li>\n<li>nach ca. 350 m, beim n\u00e4chsten Kreisverkehr Richtung Seiersberg ( Ausfahrt Feldkirchnerstra\u00dfe) und fahren ca. 500 m bis zur Ampel<\/li>\n<li>an der Ampel biegen sie nach rechts in die Mitterstra\u00dfe ab (Achtung 30 km\/h Geschwindigkeitsbeschr\u00e4nkung!!!)<\/li>\n<li>nach ca. 850 m haben sie die Mitterstra\u00dfe 141 (rechts) erreicht<\/li>\n<li>parken entweder im Hof oder stra\u00dfenseitig vor dem Haus<\/li>\n<\/ul>\n<p><strong>AB AUTOBAHNABFAHRT SIND SIE IN CA. 3 MINUTEN BEI MIR<\/strong><\/li>\n<\/ul>\n<\/li>\n<\/ul>\n<\/div>\n","protected":false},"excerpt":{"rendered":"<p>Monika Gerhold Mitterstrasse 141 8055 Seiersberg +43 676 470 73 16 office@personal-shopper-graz.at www.personal-shopper-graz.at Wegbeschreibung Wie kommt man zur mir? 8055 Graz \/ Seiersberg, Mitterstra\u00dfe 141 1.)\u00a0\u00a0\u00a0 \u00d6ffentliche Verkehrsmittel 2.)\u00a0\u00a0\u00a0 Sonstige Verkehrsmittel Zu 1.) Anreise mit \u00f6ffentlichen Verkehrsmitteln 1a)\u00a0\u00a0\u00a0\u00a0\u00a0 Ab Graz Hauptbahnhof: mit der Schnellbahn S5 (Graz \u2013 Spielfeld-Stra\u00df) oder S6 (Graz \u2013 Wies-Eibiswald) bis zum&#8230;<\/p>\n","protected":false},"author":4,"featured_media":0,"parent":0,"menu_order":3,"comment_status":"closed","ping_status":"closed","template":"","meta":{"_kad_post_transparent":"","_kad_post_title":"","_kad_post_layout":"","_kad_post_sidebar_id":"","_kad_post_content_style":"","_kad_post_vertical_padding":"","_kad_post_feature":"","_kad_post_feature_position":"","_kad_post_header":false,"_kad_post_footer":false,"_kad_post_classname":"","footnotes":""},"class_list":["post-73","page","type-page","status-publish","hentry"],"_links":{"self":[{"href":"https:\/\/personal-shopper-graz.at\/index.php?rest_route=\/wp\/v2\/pages\/73","targetHints":{"allow":["GET"]}}],"collection":[{"href":"https:\/\/personal-shopper-graz.at\/index.php?rest_route=\/wp\/v2\/pages"}],"about":[{"href":"https:\/\/personal-shopper-graz.at\/index.php?rest_route=\/wp\/v2\/types\/page"}],"author":[{"embeddable":true,"href":"https:\/\/personal-shopper-graz.at\/index.php?rest_route=\/wp\/v2\/users\/4"}],"replies":[{"embeddable":true,"href":"https:\/\/personal-shopper-graz.at\/index.php?rest_route=%2Fwp%2Fv2%2Fcomments&post=73"}],"version-history":[{"count":12,"href":"https:\/\/personal-shopper-graz.at\/index.php?rest_route=\/wp\/v2\/pages\/73\/revisions"}],"predecessor-version":[{"id":3517,"href":"https:\/\/personal-shopper-graz.at\/index.php?rest_route=\/wp\/v2\/pages\/73\/revisions\/3517"}],"wp:attachment":[{"href":"https:\/\/personal-shopper-graz.at\/index.php?rest_route=%2Fwp%2Fv2%2Fmedia&parent=73"}],"curies":[{"name":"wp","href":"https:\/\/api.w.org\/{rel}","templated":true}]}}