{"id":887,"date":"2020-05-26T08:51:16","date_gmt":"2020-05-26T08:51:16","guid":{"rendered":"https:\/\/personal-shopper-graz.at\/?page_id=887"},"modified":"2022-05-31T13:52:02","modified_gmt":"2022-05-31T13:52:02","slug":"agb","status":"publish","type":"page","link":"https:\/\/personal-shopper-graz.at\/?page_id=887","title":{"rendered":"AGB"},"content":{"rendered":"\n<p>Die Firma Personal Shopper Monika Gerhold Betreiberin der Webseite www.personal-shopper-graz.at wird im Folgenden kurz Shopbetreiberin genannt.<\/p>\n\n\n\n<p>F\u00fcr alle Bestellungen gelten ausdr\u00fccklich folgende Allgemeine Gesch\u00e4fts- und Lieferbedingungen:<\/p>\n\n\n\n<p><strong>\u00a7 1 Lieferung und Leistungen<\/strong><br>Alle Lieferungen und Leistungen aufgrund von Onlinebestellungen \u00fcber das Internet unterliegen diesen Allgemeinen Gesch\u00e4ftsbedingungen. Abweichende und \/ oder erg\u00e4nzende Vereinbarungen bed\u00fcrfen der ausdr\u00fccklichen Zustimmung von der Shopbetreiberin. Die Darstellung der Produkte im Online-Shop stellt kein rechtlich bindendes Angebot, sondern einen unverbindlichen Online-Katalog dar. Durch Anklicken des Bestellbuttons geben Sie eine verbindliche Bestellung der im Warenkorb enthaltenen Waren ab. Die Best\u00e4tigung des Eingangs der Bestellung erfolgt zusammen mit der Annahme der Bestellung unmittelbar nach dem Absenden durch eine automatisierte E-Mail. Mit dieser E-Mail-Best\u00e4tigung ist der Kaufvertrag zustande gekommen. Lieferungen sind nur an Lieferadressen in \u00d6sterreich<\/p>\n\n\n\n<p>\u00a7 <strong>2 Online Bestellungen<\/strong><br>Shopbetreiberin wird eingehende Online Bestellungen unverz\u00fcglich bearbeiten und versenden.<\/p>\n\n\n\n<p><strong>\u00a7 3 Transport<\/strong><br>Transportsch\u00e4den: Werden Waren mit offensichtlichen Transportsch\u00e4den angeliefert, so reklamieren Sie solche Fehler bitte sofort bei dem Zusteller und nehmen Sie schnellstm\u00f6glich mit uns Kontakt auf. Eine Vers\u00e4umung einer Reklamation oder Kontaktaufnahme hat auf die gesetzlichen Gew\u00e4hrleistungsanspr\u00fcche von Verbrauchern keine Konsequenzen und dient lediglich dazu, den Anbieter zu unterst\u00fctzen, seine Anspr\u00fcche gegen\u00fcber dem mit der Auslieferung der Ware beauftragten Unternehmen bzw. der Versicherung geltend zu machen.<\/p>\n\n\n\n<p>Die hinterlegte E-Mail-Adresse des Kunden bei Bestellung wird dem Transportunternehmen der \u00f6sterr. Post mitgeteilt, um einen Mehrwert f\u00fcr den Kunden durch die Zulieferung zu gew\u00e4hrleisten. Die \u00f6sterr. Post informiert den Kunden anhand der E-Mail-Adresse \u00fcber den Paketstatus und Zustellung, wobei der Kunde die Lieferadresse und Zustellungszeit nachtr\u00e4glich \u00e4ndern kann.<\/p>\n\n\n\n<p>\u00a7 <strong>4. Rechnung und Zahlungen<\/strong><br>Rechnungen sind sofort f\u00e4llig und ohne jeden Abzug zahlbar, es sei denn es wurden abweichende Zahlungsmodalit\u00e4ten vereinbart. Offene Rechnungen sind innerhalb von 14 Tagen zur Zahlung f\u00e4llig. Ab dem 30. Tag nach Rechnungsdatum ist die Shopbetreiberin berechtigt, Verzugszinsen in H\u00f6he von 3% \u00fcber dem jeweiligen Diskontsatz der&nbsp;\u00f6sterreichischen Bundesbank zu verlangen. Eine Aufrechnung ist nur mit unbestrittenen oder gerichtlich rechtskr\u00e4ftig festgestellten Forderungen zul\u00e4ssig. Ein Zur\u00fcckbehaltungsrecht kann der Kunde nur dann geltend machen, soweit es auf demselben Vertragsverh\u00e4ltnis beruht. Ausstellung von Netto-Rechnungen ohne Mehrwertsteuer sind bei Lieferung ins EU-Ausland nur bei \u00dcbermittlung einer g\u00fcltigen Ust Id Nr. m\u00f6glich.<\/p>\n\n\n\n<p>\u00a7 5 <strong>M\u00e4ngelhaftung \/ Beanstandungen<\/strong><br>1) Die gesetzlichen M\u00e4ngelhaftungsrechte haben bestand.<br>2) Verbraucher werden gebeten, die Ware bei Lieferung auf Vollst\u00e4ndigkeit, offensichtliche M\u00e4ngel und Transportsch\u00e4den zu \u00fcberpr\u00fcfen und der Shop-Betreiberin schnellstm\u00f6glich mitzuteilen. Wird dem nicht vom Kunden nachgekommen hat dies keine Auswirkung auf seine gesetzlichen Gew\u00e4hrleistungsanspr\u00fcche.<\/p>\n\n\n\n<p>\u00a7 <strong>6. Kaufgegenstand und Eigentumsverh\u00e4ltnisse<\/strong><br>Der Kaufgegenstand bleibt bis zur vollst\u00e4ndigen Bezahlung Eigentum von der Shopbetreiberin. Der Eigentumsvorbehalt bleibt auch bestehen f\u00fcr alle Forderungen gegen den K\u00e4ufer im Zusammenhang mit dem Kaufgegenstand, z. B. aufgrund von Reparaturen sowie sonstigen Leistungen, nachtr\u00e4glich erwirbt. W\u00e4hrend der Dauer des Eigentumsvorbehaltes ist der K\u00e4ufer zum Besitz und vertragsgem\u00e4ssen Gebrauch des Kaufgegenstandes berechtigt, solange er seinen Verpflichtungen aus dem Eigentumsvorbehalt und seinen Verpflichtungen aus der Gesch\u00e4ftsverbindung fristgerecht nachkommt. Der Kunde ist verpflichtet, dem Betreiber alle im Rahmen einer Rechteverfolgung aus vereinbartem Eigentumsvorbehalt erforderlichen Ausk\u00fcnfte zu erteilen.<\/p>\n\n\n\n<p><strong>\u00a7 7 Nichtabnahme der Ware<\/strong><br>Bestellte und nicht abgenommene Ware berechtigen der Shopbetreiberin zur K\u00fcndigung des Vertrages. Der Besteller akzeptiert die AGB- Bestellbedingungen mit dem Absenden der Bestellung.<\/p>\n\n\n\n<p>\u00a7 8<strong> Schlussbestimmungen<\/strong><br>Die Unwirksamkeit einzelner Punkte dieser Allgemeinen Gesch\u00e4fts- Bestellbedingungen ber\u00fchrt die Wirksamkeit der \u00fcbrigen Bestimmungen nicht. An die Stelle der unwirksamen Bestimmung tritt eine neue Bestimmung, die in ihrer wirtschaftlichen Auswirkung der unwirksamen Bestimmung m\u00f6glichst nahe kommt.<br>Alle Verkaufspreise sind in EURO inklusive Mehrwertsteuer angegeben. Irrtum bei Produktbeschreibungen und Warenverf\u00fcgbarkeit sind vorbehalten.<\/p>\n\n\n\n<p>\u00a7 9 K<strong>ostentragungsvereinbarung<\/strong><br>Machen Sie von Ihrem Widerrufsrecht Gebrauch, haben Sie die regelm\u00e4\u00dfigen Kosten der R\u00fccksendung zu tragen, wenn die gelieferte Ware der bestellten entspricht.<\/p>\n\n\n\n<p>Verbraucherhinweise gem. Fernabsatzbestimmungen<br>Bei einer Warenbestellung per E- Mail \/ Telefon \/ Fax oder Brief, die weder ihre gewerbliche noch selbst\u00e4ndige T\u00e4tigkeit betrifft, beachten Sie bitte folgende gesetzlich vorgeschriebene Hinweise.<br>1. Unsere AGB- Lieferbedingungen gelten f\u00fcr den Versand innerhalb \u00d6sterreich,<br>2. Die angegebenen Produktpreise beinhalten grunds\u00e4tzlich die jeweils g\u00fcltige Mehrwertsteuer.<br>3. Sie k\u00f6nnen per Vorkasse bezahlen.<br>4. Die Belastung Ihres Kreditkartenkontos erfolgt mit Abschluss der Bestellung.<br>5. Es gelten grunds\u00e4tzlich die angegebenen Versandhinweise und Versandkosten.<br>6. Unsere AGB- Lieferbedingungen sowie Verbraucherhinweise m\u00fcssen vor Abschluss des Bestellvorgang akzeptiert werden, andernfalls ist eine Bestellung nicht m\u00f6glich.<br>\u00a0<br>Personal Shopper Monika Gerhold<br>Mitterstrasse 141<br>8055 Seiersberg<br>Tel: 06764707316<br>Mail: office@personal-shopper-graz.at<\/p>\n","protected":false},"excerpt":{"rendered":"<p>Die Firma Personal Shopper Monika Gerhold Betreiberin der Webseite www.personal-shopper-graz.at wird im Folgenden kurz Shopbetreiberin genannt. F\u00fcr alle Bestellungen gelten ausdr\u00fccklich folgende Allgemeine Gesch\u00e4fts- und Lieferbedingungen: \u00a7 1 Lieferung und LeistungenAlle Lieferungen und Leistungen aufgrund von Onlinebestellungen \u00fcber das Internet unterliegen diesen Allgemeinen Gesch\u00e4ftsbedingungen. Abweichende und \/ oder erg\u00e4nzende Vereinbarungen bed\u00fcrfen der ausdr\u00fccklichen Zustimmung von&#8230;<\/p>\n","protected":false},"author":4,"featured_media":0,"parent":0,"menu_order":0,"comment_status":"closed","ping_status":"closed","template":"","meta":{"_kad_post_transparent":"","_kad_post_title":"","_kad_post_layout":"","_kad_post_sidebar_id":"","_kad_post_content_style":"","_kad_post_vertical_padding":"","_kad_post_feature":"","_kad_post_feature_position":"","_kad_post_header":false,"_kad_post_footer":false,"_kad_post_classname":"","footnotes":""},"class_list":["post-887","page","type-page","status-publish","hentry"],"_links":{"self":[{"href":"https:\/\/personal-shopper-graz.at\/index.php?rest_route=\/wp\/v2\/pages\/887","targetHints":{"allow":["GET"]}}],"collection":[{"href":"https:\/\/personal-shopper-graz.at\/index.php?rest_route=\/wp\/v2\/pages"}],"about":[{"href":"https:\/\/personal-shopper-graz.at\/index.php?rest_route=\/wp\/v2\/types\/page"}],"author":[{"embeddable":true,"href":"https:\/\/personal-shopper-graz.at\/index.php?rest_route=\/wp\/v2\/users\/4"}],"replies":[{"embeddable":true,"href":"https:\/\/personal-shopper-graz.at\/index.php?rest_route=%2Fwp%2Fv2%2Fcomments&post=887"}],"version-history":[{"count":6,"href":"https:\/\/personal-shopper-graz.at\/index.php?rest_route=\/wp\/v2\/pages\/887\/revisions"}],"predecessor-version":[{"id":1988,"href":"https:\/\/personal-shopper-graz.at\/index.php?rest_route=\/wp\/v2\/pages\/887\/revisions\/1988"}],"wp:attachment":[{"href":"https:\/\/personal-shopper-graz.at\/index.php?rest_route=%2Fwp%2Fv2%2Fmedia&parent=887"}],"curies":[{"name":"wp","href":"https:\/\/api.w.org\/{rel}","templated":true}]}}