{"id":1278,"date":"2021-03-03T06:12:04","date_gmt":"2021-03-03T06:12:04","guid":{"rendered":"https:\/\/personal-shopper-graz.at\/?post_type=product&#038;p=1278"},"modified":"2025-12-07T16:45:07","modified_gmt":"2025-12-07T16:45:07","slug":"dr-grandel-effect-peeling-verfeinerndes-enzympeeling-fuer-ebenmaessigen-teint","status":"publish","type":"product","link":"https:\/\/personal-shopper-graz.at\/?product=dr-grandel-effect-peeling-verfeinerndes-enzympeeling-fuer-ebenmaessigen-teint","title":{"rendered":"Dr. Grandel Effect Peeling Verfeinerndes Enzympeeling f\u00fcr ebenm\u00e4\u00dfigen Teint"},"content":{"rendered":"<p>DR. GRANDEL Effect Peeling ist ein <strong>Enzympeeling<\/strong>, das abgestorbene Hautsch\u00fcppchen verschwinden l\u00e4sst und das Hautbild verfeinert.<\/p>\n<p>Grauschleier ade. Wei\u00dfe Tonerde absorbiert \u00fcbersch\u00fcssigen Talg, verfeinert die Poren und gl\u00e4ttet das Hautrelief. Die enthaltenen Enzyme entfernen sanft abgestorbene Hautzellen der obersten Hautschicht. Die Zirkulation der Haut wird dabei durch die einmassierten Schleifpartikel des fein gemahlenen Bambus angeregt.<br \/>\nDas Enzympeeling sorgt f\u00fcr einen ebenm\u00e4\u00dfigen und strahlenden Teint. Ob Anwendung bei normaler, trockener oder unreiner Haut, das Produkt ist f\u00fcr alle Hauttypen geeignet.<\/p>\n<p>DR. GRANDEL Effect Peeling mit Hautbild verfeinernder Wirkung &#8211; feel fine<\/p>\n<p>VERPACKUNG: Tube<\/p>\n<div id=\"dpahahyoutubeVideoPipContainer\" class=\"youtubeVideoPipScaleup\"><\/div>\n<div id=\"dpahahyoutubeVideoPipContainer\" class=\"youtubeVideoPipScaleup\" style=\"z-index: 1102; display: none;\"><\/div>\n","protected":false},"excerpt":{"rendered":"<p>Ein bis zwei Mal w\u00f6chentlich das Enzympeeling DR. GRANDEL Effect Peeling auf die gereinigte Haut von Gesicht, Hals und Dekollet\u00e9 auftragen. Idealerweise 10 Minuten einwirken lassen. Bei Bedarf mit kreisenden Bewegungen sanft einmassieren. Mit lauwarmem Wasser abwaschen. NICHT IN DIE AUGEN GELANGEN LASSEN<\/p>\n","protected":false},"featured_media":3313,"template":"","meta":{"_kad_post_transparent":"","_kad_post_title":"","_kad_post_layout":"","_kad_post_sidebar_id":"","_kad_post_content_style":"","_kad_post_vertical_padding":"","_kad_post_feature":"","_kad_post_feature_position":"","_kad_post_header":false,"_kad_post_footer":false,"_kad_post_classname":""},"product_brand":[],"product_cat":[24],"product_tag":[],"class_list":{"0":"post-1278","1":"product","2":"type-product","3":"status-publish","4":"has-post-thumbnail","6":"product_cat-pflege","8":"first","9":"instock","10":"shipping-taxable","11":"purchasable","12":"product-type-simple","13":"entry","14":"content-bg","15":"loop-entry"},"_links":{"self":[{"href":"https:\/\/personal-shopper-graz.at\/index.php?rest_route=\/wp\/v2\/product\/1278","targetHints":{"allow":["GET"]}}],"collection":[{"href":"https:\/\/personal-shopper-graz.at\/index.php?rest_route=\/wp\/v2\/product"}],"about":[{"href":"https:\/\/personal-shopper-graz.at\/index.php?rest_route=\/wp\/v2\/types\/product"}],"wp:featuredmedia":[{"embeddable":true,"href":"https:\/\/personal-shopper-graz.at\/index.php?rest_route=\/wp\/v2\/media\/3313"}],"wp:attachment":[{"href":"https:\/\/personal-shopper-graz.at\/index.php?rest_route=%2Fwp%2Fv2%2Fmedia&parent=1278"}],"wp:term":[{"taxonomy":"product_brand","embeddable":true,"href":"https:\/\/personal-shopper-graz.at\/index.php?rest_route=%2Fwp%2Fv2%2Fproduct_brand&post=1278"},{"taxonomy":"product_cat","embeddable":true,"href":"https:\/\/personal-shopper-graz.at\/index.php?rest_route=%2Fwp%2Fv2%2Fproduct_cat&post=1278"},{"taxonomy":"product_tag","embeddable":true,"href":"https:\/\/personal-shopper-graz.at\/index.php?rest_route=%2Fwp%2Fv2%2Fproduct_tag&post=1278"}],"curies":[{"name":"wp","href":"https:\/\/api.w.org\/{rel}","templated":true}]}}