{"id":1557,"date":"2021-10-26T11:06:50","date_gmt":"2021-10-26T11:06:50","guid":{"rendered":"https:\/\/personal-shopper-graz.at\/?post_type=product&#038;p=1557"},"modified":"2026-03-20T07:48:24","modified_gmt":"2026-03-20T07:48:24","slug":"arabesque-eyebrow-styling-gel","status":"publish","type":"product","link":"https:\/\/personal-shopper-graz.at\/?product=arabesque-eyebrow-styling-gel","title":{"rendered":"Arabesque Eyebrow Styling Gel"},"content":{"rendered":"<p>Das ARABESQUE Eyebrow Styling Gel ist ein <strong>Augenbrauengel<\/strong>\u00a0f\u00fcr einen nat\u00fcrlichen Look mit\u00a0perfekt definierten Augenbrauen.<\/p>\n<p><strong>Was kann das Eyebrow Styling Gel?<\/strong><\/p>\n<ul>\n<li>Es f\u00e4rbt die Brauen fixiert die H\u00e4rchen und definiert die Form optimal und lang anhaltend.<\/li>\n<li>Es verdichtet die Augenbrauen und kaschiert L\u00fccken.<\/li>\n<li>Das geschmeidige, parf\u00fcmfreie Gel beruhigt mit Panthenol.<\/li>\n<\/ul>\n<p><strong>So einfach geht&#8217;s: <\/strong>Dank der praktischen B\u00fcrste l\u00e4sst sich die Textur einfach, kontrolliert und pr\u00e4zise auftragen. Das Augenbrauengel l\u00e4sst sich entweder \u00fcber dem Arabesque Precision Eyebrow Liner Augenbrauenstift anwenden oder auch pur auf die Augenbrauen auftragen.<\/p>\n<p>F\u00fcr perfekt in Form gebrachte Augenbrauen mit hohem Tragekomfort.<\/p>\n<p><strong>Der ARABESQUE Profi-Tipp:<\/strong><\/p>\n<p>Ideal f\u00fcr den Beauty Trend: Feathered Brows. Dabei geht es nicht darum die Augenbrauen m\u00f6glichst kompakt auszumalen, sondern eine nat\u00fcrlich aussehende, buschige Braue zu kreieren. Die H\u00e4rchen werden daf\u00fcr gerade nach oben gek\u00e4mmt und mit dem Eyebrow Styling Gel von ARABESQUE fixiert.<\/p>\n<div><\/div>\n<div id=\"dpahahyoutubeVideoPipContainer\" class=\"youtubeVideoPipScaleup\" style=\"z-index: 1102; display: none;\"><\/div>\n","protected":false},"excerpt":{"rendered":"<h1><span class=\"PRODUKT_KURZBESCHREIBUNG h2\">Augenbrauengel f\u00fcr perfekt gestylte Brauen<\/span><\/h1>\n<p>F\u00e4rbt die Augenbrauen, verdichtet und fixiert. Geschmeidiges, parf\u00fcmfreies Augenbrauengel<\/p>\n","protected":false},"featured_media":1561,"template":"","meta":{"_kad_post_transparent":"default","_kad_post_title":"","_kad_post_layout":"default","_kad_post_sidebar_id":"","_kad_post_content_style":"default","_kad_post_vertical_padding":"default","_kad_post_feature":"","_kad_post_feature_position":"","_kad_post_header":false,"_kad_post_footer":false,"_kad_post_classname":""},"product_brand":[],"product_cat":[19],"product_tag":[],"class_list":{"0":"post-1557","1":"product","2":"type-product","3":"status-publish","4":"has-post-thumbnail","6":"product_cat-augen-make-up","8":"first","9":"instock","10":"shipping-taxable","11":"purchasable","12":"product-type-variable","13":"entry","14":"content-bg","15":"loop-entry"},"_links":{"self":[{"href":"https:\/\/personal-shopper-graz.at\/index.php?rest_route=\/wp\/v2\/product\/1557","targetHints":{"allow":["GET"]}}],"collection":[{"href":"https:\/\/personal-shopper-graz.at\/index.php?rest_route=\/wp\/v2\/product"}],"about":[{"href":"https:\/\/personal-shopper-graz.at\/index.php?rest_route=\/wp\/v2\/types\/product"}],"wp:featuredmedia":[{"embeddable":true,"href":"https:\/\/personal-shopper-graz.at\/index.php?rest_route=\/wp\/v2\/media\/1561"}],"wp:attachment":[{"href":"https:\/\/personal-shopper-graz.at\/index.php?rest_route=%2Fwp%2Fv2%2Fmedia&parent=1557"}],"wp:term":[{"taxonomy":"product_brand","embeddable":true,"href":"https:\/\/personal-shopper-graz.at\/index.php?rest_route=%2Fwp%2Fv2%2Fproduct_brand&post=1557"},{"taxonomy":"product_cat","embeddable":true,"href":"https:\/\/personal-shopper-graz.at\/index.php?rest_route=%2Fwp%2Fv2%2Fproduct_cat&post=1557"},{"taxonomy":"product_tag","embeddable":true,"href":"https:\/\/personal-shopper-graz.at\/index.php?rest_route=%2Fwp%2Fv2%2Fproduct_tag&post=1557"}],"curies":[{"name":"wp","href":"https:\/\/api.w.org\/{rel}","templated":true}]}}