{"id":1575,"date":"2021-10-26T11:31:05","date_gmt":"2021-10-26T11:31:05","guid":{"rendered":"https:\/\/personal-shopper-graz.at\/?post_type=product&#038;p=1575"},"modified":"2026-02-16T04:48:33","modified_gmt":"2026-02-16T04:48:33","slug":"arabesque-maximum-comfort-foundation","status":"publish","type":"product","link":"https:\/\/personal-shopper-graz.at\/?product=arabesque-maximum-comfort-foundation","title":{"rendered":"Arabesque Maximum Comfort Foundation"},"content":{"rendered":"<p>Das pflegende <strong>Creme Make-up <\/strong>von ARABESQUE beschert mit ihrer mittleren Deckkraft einen strahlenden, makellosen Teint im Gesicht.\u00a0Hautgl\u00e4ttende und Feuchtigkeit spendende Wirkstoffe schenken der Haut samtige Frische und Geschmeidigkeit.<\/p>\n<p>Mithilfe von lichtreflektierenden Pigmenten gleicht die Maximum Comfort Foundation F\u00e4ltchen und Hautunregelm\u00e4\u00dfigkeiten aus und verfeinert optisch die Hautstruktur.<\/p>\n<p>Dank ihrer pflegenden, cremigen Textur ist die <strong>Creme Foundation<\/strong> hervorragend f\u00fcr normale, trockene und anspruchsvolle Haut sowie in den kalten Wintermonaten geeignet.<\/p>\n<p><strong>Der ARABESQUE Profi-Tipp:<\/strong><\/p>\n<p>Aufgrund ihrer pflegenden cremigen textur ist die Maximum Comfort Foundation von AUABESQUE das ideale\u00a0Make-up f\u00fcr die Ski-Session und f\u00fcr den schicken Apr\u00e8s Ski Abend.<\/p>\n<p>Nehmen Sie die Creme Foundation mit einem Make-up Pinsel oder Schw\u00e4mmchen auf und tragen die Textur gleichm\u00e4\u00dfig auf die Haut auf. F\u00fcr eine h\u00f6here Deckkraft Vorgang gegebenenfalls wiederholen. Sparen Sie den Augenbereich gro\u00dfz\u00fcgig aus, idealerweise wird hier der passende Illuminating Concealer verwendet.<\/p>\n<div><\/div>\n<div id=\"dpahahyoutubeVideoPipContainer\" class=\"youtubeVideoPipScaleup\" style=\"z-index: 1102; display: none;\"><\/div>\n","protected":false},"excerpt":{"rendered":"<h1><span class=\"PRODUKT_KURZBESCHREIBUNG h2\">Pflegendes Creme Make-up<\/span><\/h1>\n<p>Creme Foundation mit lichtreflektierenden Pigmentent<\/p>\n","protected":false},"featured_media":1517,"template":"","meta":{"_kad_post_transparent":"","_kad_post_title":"","_kad_post_layout":"","_kad_post_sidebar_id":"","_kad_post_content_style":"","_kad_post_vertical_padding":"","_kad_post_feature":"","_kad_post_feature_position":"","_kad_post_header":false,"_kad_post_footer":false,"_kad_post_classname":""},"product_brand":[],"product_cat":[26],"product_tag":[39],"class_list":{"0":"post-1575","1":"product","2":"type-product","3":"status-publish","4":"has-post-thumbnail","6":"product_cat-make-up","7":"product_tag-make-up","9":"first","10":"instock","11":"shipping-taxable","12":"purchasable","13":"product-type-variable","14":"entry","15":"content-bg","16":"loop-entry"},"_links":{"self":[{"href":"https:\/\/personal-shopper-graz.at\/index.php?rest_route=\/wp\/v2\/product\/1575","targetHints":{"allow":["GET"]}}],"collection":[{"href":"https:\/\/personal-shopper-graz.at\/index.php?rest_route=\/wp\/v2\/product"}],"about":[{"href":"https:\/\/personal-shopper-graz.at\/index.php?rest_route=\/wp\/v2\/types\/product"}],"wp:featuredmedia":[{"embeddable":true,"href":"https:\/\/personal-shopper-graz.at\/index.php?rest_route=\/wp\/v2\/media\/1517"}],"wp:attachment":[{"href":"https:\/\/personal-shopper-graz.at\/index.php?rest_route=%2Fwp%2Fv2%2Fmedia&parent=1575"}],"wp:term":[{"taxonomy":"product_brand","embeddable":true,"href":"https:\/\/personal-shopper-graz.at\/index.php?rest_route=%2Fwp%2Fv2%2Fproduct_brand&post=1575"},{"taxonomy":"product_cat","embeddable":true,"href":"https:\/\/personal-shopper-graz.at\/index.php?rest_route=%2Fwp%2Fv2%2Fproduct_cat&post=1575"},{"taxonomy":"product_tag","embeddable":true,"href":"https:\/\/personal-shopper-graz.at\/index.php?rest_route=%2Fwp%2Fv2%2Fproduct_tag&post=1575"}],"curies":[{"name":"wp","href":"https:\/\/api.w.org\/{rel}","templated":true}]}}