{"id":1583,"date":"2021-10-26T11:37:31","date_gmt":"2021-10-26T11:37:31","guid":{"rendered":"https:\/\/personal-shopper-graz.at\/?post_type=product&#038;p=1583"},"modified":"2026-04-20T15:29:34","modified_gmt":"2026-04-20T15:29:34","slug":"arabesque-perfect-cover-foundation","status":"publish","type":"product","link":"https:\/\/personal-shopper-graz.at\/?product=arabesque-perfect-cover-foundation","title":{"rendered":"Arabesque Perfect Cover Foundation"},"content":{"rendered":"<p>Die <strong>stark deckende Foundation<\/strong> von ARABESQUE sorgt f\u00fcr ein seidenmattes, langanhaltendes Finish. Mit\u00a0ihrer hochpigmentierten Textur deckt sie Hautunebenheiten zuverl\u00e4ssig ab und l\u00e4sst den Teint optisch ebenm\u00e4\u00dfiger und feiner erscheinen.<\/p>\n<p>Das enthaltene Hyaluron spendet der Haut Feuchtigkeit und hinterl\u00e4sst einen angenehmen Tragekomfort.<\/p>\n<p>Dank der praktischen Kan\u00fclentube kann\u00a0die Perfect Cover Foundation exakt und sparsam dosiert werden.<\/p>\n<p>Die stark deckende Foundation ist auch f\u00fcr sensible Haut geeignet.<\/p>\n<p>Tragen Sie die stark deckende Foundation mit einem Make-up Pinsel, einem Make-up Schw\u00e4mmchen oder mit den Fingerspitzen gleichm\u00e4\u00dfig auf die Haut auf. Sparen Sie den Augenbereich gro\u00dfz\u00fcgig aus, hier wird der passende Illuminating Concealer verwendet.<\/p>\n<div id=\"dpahahyoutubeVideoPipContainer\" class=\"youtubeVideoPipScaleup\" style=\"z-index: 1102;\"><\/div>\n","protected":false},"excerpt":{"rendered":"<h1><span class=\"PRODUKT_KURZBESCHREIBUNG h2\">Stark deckende Foundation<\/span><\/h1>\n<p>Fl\u00fcssiges, gut deckendes Make-up zum Kaschieren von Hautunebenheiten &#8211; f\u00fcr einen optisch ebenm\u00e4\u00dfigen Teint<\/p>\n","protected":false},"featured_media":1584,"template":"","meta":{"_kad_post_transparent":"","_kad_post_title":"","_kad_post_layout":"","_kad_post_sidebar_id":"","_kad_post_content_style":"","_kad_post_vertical_padding":"","_kad_post_feature":"","_kad_post_feature_position":"","_kad_post_header":false,"_kad_post_footer":false,"_kad_post_classname":""},"product_brand":[],"product_cat":[26],"product_tag":[39],"class_list":{"0":"post-1583","1":"product","2":"type-product","3":"status-publish","4":"has-post-thumbnail","6":"product_cat-make-up","7":"product_tag-make-up","9":"first","10":"instock","11":"sale","12":"shipping-taxable","13":"purchasable","14":"product-type-variable","15":"entry","16":"content-bg","17":"loop-entry"},"_links":{"self":[{"href":"https:\/\/personal-shopper-graz.at\/index.php?rest_route=\/wp\/v2\/product\/1583","targetHints":{"allow":["GET"]}}],"collection":[{"href":"https:\/\/personal-shopper-graz.at\/index.php?rest_route=\/wp\/v2\/product"}],"about":[{"href":"https:\/\/personal-shopper-graz.at\/index.php?rest_route=\/wp\/v2\/types\/product"}],"wp:featuredmedia":[{"embeddable":true,"href":"https:\/\/personal-shopper-graz.at\/index.php?rest_route=\/wp\/v2\/media\/1584"}],"wp:attachment":[{"href":"https:\/\/personal-shopper-graz.at\/index.php?rest_route=%2Fwp%2Fv2%2Fmedia&parent=1583"}],"wp:term":[{"taxonomy":"product_brand","embeddable":true,"href":"https:\/\/personal-shopper-graz.at\/index.php?rest_route=%2Fwp%2Fv2%2Fproduct_brand&post=1583"},{"taxonomy":"product_cat","embeddable":true,"href":"https:\/\/personal-shopper-graz.at\/index.php?rest_route=%2Fwp%2Fv2%2Fproduct_cat&post=1583"},{"taxonomy":"product_tag","embeddable":true,"href":"https:\/\/personal-shopper-graz.at\/index.php?rest_route=%2Fwp%2Fv2%2Fproduct_tag&post=1583"}],"curies":[{"name":"wp","href":"https:\/\/api.w.org\/{rel}","templated":true}]}}