{"id":1954,"date":"2022-05-13T08:38:37","date_gmt":"2022-05-13T08:38:37","guid":{"rendered":"https:\/\/personal-shopper-graz.at\/?post_type=product&#038;p=1954"},"modified":"2026-03-10T19:19:35","modified_gmt":"2026-03-10T19:19:35","slug":"hydro-active-hyaluron-refill-cream","status":"publish","type":"product","link":"https:\/\/personal-shopper-graz.at\/?product=hydro-active-hyaluron-refill-cream","title":{"rendered":"Hydro Active Hyaluron Refill Cream"},"content":{"rendered":"<div id=\"tabs\">\n<div id=\"tabs-1\" class=\"singleTab\">\n<p>HYALURON REFILL CREAM wirkt mit einer speziellen Hyaluronvariante gegen F\u00e4ltchen &#8211; mit sofort sichtbarem gl\u00e4ttenden Effekt. Die neuartige Textur schmilzt sanft auf der Haut und zieht schnell ein. HYALURON REFILL CREAM<\/p>\n<ul>\n<li>versorgt die Haut schnell und gezielt mit Feuchtigkeit<\/li>\n<li>Polstert selbst ausgepr\u00e4gte Trockenheitsf\u00e4ltchen von innen heraus auf<\/li>\n<li>Schenkt der Haut ein frisches und pralles Aussehen.<\/li>\n<\/ul>\n<p>Falten einfach auff\u00fcllen ?<br \/>\n&#8211;\u00a0mit Hyaluron Refill Cream von Dr. Grandel<br \/>\nLinien und F\u00e4ltchen ganz einfach wegcremen\u00a0&#8211; geht das? Ja, es geht\u00a0&#8211; dank einer innovativen Hyaluron-Variante, eingebettet in die Hyaluron Refill Cream von DR. GRANDEL. Die Intensiv-Feuchtigkeitspflegecreme polstert selbst ausgepr\u00e4gte Trockenheitsf\u00e4ltchen ganz einfach von innen auf, spendet bereits beim Auftragen maximale Feuchtigkeit und sorgt so f\u00fcr verbl\u00fcffende, sofort sichtbare und f\u00fchlbare Resultate!<\/p>\n<p>Ein ausgekl\u00fcgelter Wirkstoffmix aus Hyalurons\u00e4ure, Algen und Meerwasser f\u00fchrt der trockenen Haut pure Feuchtigkeit zu und restrukturiert ihre nat\u00fcrlichen Feuchthaltefaktoren. Die neuartige Textur der Hyaluron Refill Cream schmilzt sanft auf der Haut, zieht schnell ein und hinterl\u00e4sst ein gepflegtes, seidenmattes Finish. Ein &#8222;Feuchtigkeitsboost&#8220;, der Ihrem Teint sofort eine frische und glatte Ausstrahlung schenkt!<\/p>\n<\/div>\n<div id=\"tabs-2\" class=\"singleTab\">\n<h3>Anwendung<\/h3>\n<p>Morgens und abends auf die gereinigte Haut von Gesicht, Hals und Dekollet\u00e9 einmassieren. Um den Effekt zu steigern, unter die Creme HYDRO ACTIVE Hyaluron Filler Caps auftragen.<\/p>\n<\/div>\n<div id=\"tabs-4\" class=\"singleTab\">\n<h3>Inci<\/h3>\n<p>Aqua (Water), Cyclopentasiloxane, Dimethicone, Pentylene Glycol, Squalane, Glycerin, Distarch Phosphate, C12-15 Alkyl Benzoate, Ethylhexyl Palmitate, Glyceryl Stearate, Cetearyl Alcohol, Dimethicone Crosspolymer, Theobroma Cacao (Cocoa) Seed Butter, Butyrospermum Parkii (Shea) Butter, Potassium Palmitoyl Hydrolyzed Wheat Protein, Cyclohexasiloxane, Sodium Stearoyl Glutamate, Acrylates\/C10-30 Alkyl Acrylate Crosspolymer, Xanthan Gum, Hydrolyzed Algin, Disodium EDTA, Sodium Hydroxide, Silica Dimethyl Silylate, Maris Aqua (Sea Water), Butylene Glycol, Chlorella Vulgaris Extract, Caprylyl Glycol, Lecithin, Tocopherol, Ascorbyl Palmitate, Sodium Hyaluronate, Hydrogenated Palm Glycerides Citrate, Hexylene Glycol, Glycine Soja (Soybean) Oil, Phenoxyethanol, Linalool, Hexyl Cinnamal, Limonene, Citronellol, Coumarin, Eugenol, Benzyl Alcohol, Parfum (Fragrance)<\/p>\n<\/div>\n<\/div>\n<div class=\"uebersichtbuttonstage\" align=\"left\"><\/div>\n<div id=\"dpahahyoutubeVideoPipContainer\" class=\"youtubeVideoPipScaleup\" style=\"z-index: 1102; display: none;\"><\/div>\n","protected":false},"excerpt":{"rendered":"<p>Feuchtigkeitspflege mit &#8222;Falten-F\u00fcller-Effekt&#8220;<br \/>\nFalten einfach auff\u00fcllen &#8211; &#8230; mit Hyaluron Refill Cream von Dr. Grandel<br \/>\nLinien und F\u00e4ltchen ganz einfach wegcremen &#8211; geht das? Ja, es geht &#8211; dank einer innovativen Hyaluron-Variante, eingebettet in die Hyaluron Refill Cream von DR. GRANDEL.<\/p>\n","protected":false},"featured_media":3312,"template":"","meta":{"_kad_post_transparent":"default","_kad_post_title":"","_kad_post_layout":"default","_kad_post_sidebar_id":"","_kad_post_content_style":"default","_kad_post_vertical_padding":"default","_kad_post_feature":"","_kad_post_feature_position":"","_kad_post_header":false,"_kad_post_footer":false,"_kad_post_classname":""},"product_brand":[],"product_cat":[43,24],"product_tag":[],"class_list":{"0":"post-1954","1":"product","2":"type-product","3":"status-publish","4":"has-post-thumbnail","6":"product_cat-dr-grandel","7":"product_cat-pflege","9":"first","10":"outofstock","11":"shipping-taxable","12":"purchasable","13":"product-type-simple","14":"entry","15":"content-bg","16":"loop-entry"},"_links":{"self":[{"href":"https:\/\/personal-shopper-graz.at\/index.php?rest_route=\/wp\/v2\/product\/1954","targetHints":{"allow":["GET"]}}],"collection":[{"href":"https:\/\/personal-shopper-graz.at\/index.php?rest_route=\/wp\/v2\/product"}],"about":[{"href":"https:\/\/personal-shopper-graz.at\/index.php?rest_route=\/wp\/v2\/types\/product"}],"wp:featuredmedia":[{"embeddable":true,"href":"https:\/\/personal-shopper-graz.at\/index.php?rest_route=\/wp\/v2\/media\/3312"}],"wp:attachment":[{"href":"https:\/\/personal-shopper-graz.at\/index.php?rest_route=%2Fwp%2Fv2%2Fmedia&parent=1954"}],"wp:term":[{"taxonomy":"product_brand","embeddable":true,"href":"https:\/\/personal-shopper-graz.at\/index.php?rest_route=%2Fwp%2Fv2%2Fproduct_brand&post=1954"},{"taxonomy":"product_cat","embeddable":true,"href":"https:\/\/personal-shopper-graz.at\/index.php?rest_route=%2Fwp%2Fv2%2Fproduct_cat&post=1954"},{"taxonomy":"product_tag","embeddable":true,"href":"https:\/\/personal-shopper-graz.at\/index.php?rest_route=%2Fwp%2Fv2%2Fproduct_tag&post=1954"}],"curies":[{"name":"wp","href":"https:\/\/api.w.org\/{rel}","templated":true}]}}