{"id":1957,"date":"2022-05-13T08:42:40","date_gmt":"2022-05-13T08:42:40","guid":{"rendered":"https:\/\/personal-shopper-graz.at\/?post_type=product&#038;p=1957"},"modified":"2025-12-07T16:38:54","modified_gmt":"2025-12-07T16:38:54","slug":"hydro-active-eye-contour-cream-mask","status":"publish","type":"product","link":"https:\/\/personal-shopper-graz.at\/?product=hydro-active-eye-contour-cream-mask","title":{"rendered":"Hydro Active Eye Contour Cream &#038; Mask"},"content":{"rendered":"<div id=\"tabs\">\n<div id=\"tabs-2\" class=\"singleTab\">\n<h3>Anwendung<\/h3>\n<p><strong>Als Pflege:<\/strong><br \/>\nMorgens und\/oder abends nach der Reinigung auf die Augenpartie auftragen &#8211; danach die gewohnte Pflege verwenden.<br \/>\n<strong>Als Maske:<\/strong><br \/>\n1-2 Mal w\u00f6chentlich nach der Reinigung auf die Augenpartie auftragen und ca. 15-20 Minuten einwirken lassen &#8211; verbleibende Reste entweder einmassieren oder mit einem Kosmetiktuch entfernen.<br \/>\n<strong>Augen- und Wimpernkontakt vermeiden!<\/strong><\/p>\n<p><strong>Tipp:<\/strong><br \/>\nF\u00fcr den besonderen Frische-Kick die Augenpflege im K\u00fchlschrank aufbewahren!<\/p>\n<\/div>\n<div id=\"tabs-4\" class=\"singleTab\">\n<h3>Inci<\/h3>\n<p>Aqua (Water), Ethylhexyl Isononanoate, Alumina, Zea Mays (Corn) Germ Oil, Glyceryl Stearate, PEG-100 Stearate, Stearic Acid, Palmitic Acid, Butylene Glycol, PEG-30 Dipolyhydroxystearate, Dimethicone, Glycerin, Sodium Hydroxide, Acrylates\/C10-30 Alkyl Acrylate Crosspolymer, Hesperidin Methyl Chalcone, Triticum Vulgare (Wheat) Germ Oil, Hydrolyzed Algin, Sodium Hyaluronate, Ethylhexylglycerin, Steareth-20, Saccharomyces\/Magnesium Ferment, Maris Aqua (Sea Water), Chlorella Vulgaris Extract, Saccharomyces\/Iron Ferment, Sodium Citrate, Saccharomyces\/Copper Ferment, Saccharomyces\/Silicon Ferment, Saccharomyces\/Zinc Ferment, Tocopherol, Caprylyl Glycol, Dipeptide-2, Glycine Soja (Soybean) Oil, Disodium EDTA, Hydrogenated Palm Glycerides Citrate, Citric Acid, Palmitoyl Tetrapeptide-7, Acetyl Hexapeptide-8, Phenoxyethanol, Chlorhexidine Digluconate, Potassium Sorbate, Linalool, Coumarin, Limonene, Alpha-Isomethyl Ionone, Citronellol, Geraniol, Parfum (Fragrance)<\/p>\n<\/div>\n<\/div>\n<div class=\"uebersichtbuttonstage\" align=\"left\"><\/div>\n<div><\/div>\n<div id=\"dpahahyoutubeVideoPipContainer\" class=\"youtubeVideoPipScaleup\" style=\"z-index: 1102; display: none;\"><\/div>\n","protected":false},"excerpt":{"rendered":"<p>Hyalurons\u00e4ure und Alegenextrakte durchfeuchten die Haut intensiv und lassen sie prall und frisch erscheinen.<br \/>\nContour-Firmer-Komplex unterst\u00fctzt die Reduzierung von Augenringen und Schwellungen.<br \/>\nDas \u00f6lfreie Gel ist auch f\u00fcr Kontaktlinsertr\u00e4ger\/innen geeignet.<\/p>\n","protected":false},"featured_media":3311,"template":"","meta":{"_kad_post_transparent":"","_kad_post_title":"","_kad_post_layout":"","_kad_post_sidebar_id":"","_kad_post_content_style":"","_kad_post_vertical_padding":"","_kad_post_feature":"","_kad_post_feature_position":"","_kad_post_header":false,"_kad_post_footer":false,"_kad_post_classname":""},"product_brand":[],"product_cat":[43,24],"product_tag":[],"class_list":{"0":"post-1957","1":"product","2":"type-product","3":"status-publish","4":"has-post-thumbnail","6":"product_cat-dr-grandel","7":"product_cat-pflege","9":"first","10":"instock","11":"shipping-taxable","12":"purchasable","13":"product-type-simple","14":"entry","15":"content-bg","16":"loop-entry"},"_links":{"self":[{"href":"https:\/\/personal-shopper-graz.at\/index.php?rest_route=\/wp\/v2\/product\/1957","targetHints":{"allow":["GET"]}}],"collection":[{"href":"https:\/\/personal-shopper-graz.at\/index.php?rest_route=\/wp\/v2\/product"}],"about":[{"href":"https:\/\/personal-shopper-graz.at\/index.php?rest_route=\/wp\/v2\/types\/product"}],"wp:featuredmedia":[{"embeddable":true,"href":"https:\/\/personal-shopper-graz.at\/index.php?rest_route=\/wp\/v2\/media\/3311"}],"wp:attachment":[{"href":"https:\/\/personal-shopper-graz.at\/index.php?rest_route=%2Fwp%2Fv2%2Fmedia&parent=1957"}],"wp:term":[{"taxonomy":"product_brand","embeddable":true,"href":"https:\/\/personal-shopper-graz.at\/index.php?rest_route=%2Fwp%2Fv2%2Fproduct_brand&post=1957"},{"taxonomy":"product_cat","embeddable":true,"href":"https:\/\/personal-shopper-graz.at\/index.php?rest_route=%2Fwp%2Fv2%2Fproduct_cat&post=1957"},{"taxonomy":"product_tag","embeddable":true,"href":"https:\/\/personal-shopper-graz.at\/index.php?rest_route=%2Fwp%2Fv2%2Fproduct_tag&post=1957"}],"curies":[{"name":"wp","href":"https:\/\/api.w.org\/{rel}","templated":true}]}}