{"id":2198,"date":"2023-02-15T06:39:32","date_gmt":"2023-02-15T06:39:32","guid":{"rendered":"https:\/\/personal-shopper-graz.at\/?post_type=product&#038;p=2198"},"modified":"2026-02-12T15:22:47","modified_gmt":"2026-02-12T15:22:47","slug":"malu-wilz-velvet-touch-foundation","status":"publish","type":"product","link":"https:\/\/personal-shopper-graz.at\/?product=malu-wilz-velvet-touch-foundation","title":{"rendered":"Malu Wilz Velvet Touch Foundation 30ml"},"content":{"rendered":"<p>Nach der Tagespflege mit den Fingerspitzen oder mit einem Make up-Schw\u00e4mmchen auf das Gesicht auftragen und gleichm\u00e4\u00dfig verteilen.<\/p>\n<p>&nbsp;<\/p>\n<p>Inhaltsstoffe:<\/p>\n<p>AQUA (WATER), ISODODECANE, DIPHENYLSILOXY PHENYL TRIMETHICONE, SYNTHETIC FLUORPHLOGOPITE, DICAPRYLYL CARBONATE, BUTYLENE GLYCOL, VINYL DIMETHICONE\/METHICONE SILSESQUIOXANE CROSSPOLYMER, PEG-9 POLYDIMETHYLSILOXYETHYL DIMETHICONE, NIACINAMIDE, PENTYLENE GLYCOL, DIMETHICONE, DISTEARDIMONIUMHECTORITE, TRIMETHYLSILOXYSILICATE, CETYLPEG\/PPG10\/1DIMETHICONE, GLYCERIN, SODIUMCHLORIDE, DIPENTAERYTHRITYLTRIPOLYHYDROXYSTEARATE, PHENOXYETHANOL, DIMETHICONE\/VINYL DIMETHICONE CROSSPOLYMER, ALUMINUM HYDROXIDE, HYDROGEN DIMETHICONE, TRIETHOXYCAPRYLYLSILANE, TOCOPHEROL, PARFUM (FRAGRANCE), LIMONENE, BENZYL BENZOATE, LINALOOL, [+\/- (MAY CONTAIN) CI 77491 (IRON OXIDES), CI 77492 (IRON OXIDES), CI 77499 (IRON OXIDES), CI 77891 (TITANIUM DIOXIDE)<\/p>\n<p>&nbsp;<\/p>\n","protected":false},"excerpt":{"rendered":"<p>Samtiges Creme Make up f\u00fcr einen makellosen Teint. Lichtreflektierende Pigmente kaschieren optisch kleine Linien, F\u00e4ltchen und Unebenheiten. Wertvolle Anti-Aging Wirkstoffe pflegen die Haut und beleben den Teint. M\u00fcde Haut wirkt wieder frisch und strahlend! Ideal f\u00fcr trockene und anspruchsvolle Haut. UV-Filter sch\u00fctzen die Haut vor Umwelteinfl\u00fcssen. Mittlere bis hohe Deckkraft<\/p>\n<p>&nbsp;<\/p>\n<p>&nbsp;<\/p>\n<div id=\"dpahahyoutubeVideoPipContainer\" class=\"youtubeVideoPipScaleup\" style=\"z-index: 1102; display: none;\"><\/div>\n","protected":false},"featured_media":3350,"template":"","meta":{"_kad_post_transparent":"","_kad_post_title":"","_kad_post_layout":"","_kad_post_sidebar_id":"","_kad_post_content_style":"","_kad_post_vertical_padding":"","_kad_post_feature":"","_kad_post_feature_position":"","_kad_post_header":false,"_kad_post_footer":false,"_kad_post_classname":""},"product_brand":[],"product_cat":[26,44],"product_tag":[39],"class_list":{"0":"post-2198","1":"product","2":"type-product","3":"status-publish","4":"has-post-thumbnail","6":"product_cat-make-up","7":"product_cat-malu-wilz","8":"product_tag-make-up","10":"first","11":"instock","12":"shipping-taxable","13":"purchasable","14":"product-type-variable","15":"entry","16":"content-bg","17":"loop-entry"},"_links":{"self":[{"href":"https:\/\/personal-shopper-graz.at\/index.php?rest_route=\/wp\/v2\/product\/2198","targetHints":{"allow":["GET"]}}],"collection":[{"href":"https:\/\/personal-shopper-graz.at\/index.php?rest_route=\/wp\/v2\/product"}],"about":[{"href":"https:\/\/personal-shopper-graz.at\/index.php?rest_route=\/wp\/v2\/types\/product"}],"wp:featuredmedia":[{"embeddable":true,"href":"https:\/\/personal-shopper-graz.at\/index.php?rest_route=\/wp\/v2\/media\/3350"}],"wp:attachment":[{"href":"https:\/\/personal-shopper-graz.at\/index.php?rest_route=%2Fwp%2Fv2%2Fmedia&parent=2198"}],"wp:term":[{"taxonomy":"product_brand","embeddable":true,"href":"https:\/\/personal-shopper-graz.at\/index.php?rest_route=%2Fwp%2Fv2%2Fproduct_brand&post=2198"},{"taxonomy":"product_cat","embeddable":true,"href":"https:\/\/personal-shopper-graz.at\/index.php?rest_route=%2Fwp%2Fv2%2Fproduct_cat&post=2198"},{"taxonomy":"product_tag","embeddable":true,"href":"https:\/\/personal-shopper-graz.at\/index.php?rest_route=%2Fwp%2Fv2%2Fproduct_tag&post=2198"}],"curies":[{"name":"wp","href":"https:\/\/api.w.org\/{rel}","templated":true}]}}