{"id":2275,"date":"2023-02-21T12:32:20","date_gmt":"2023-02-21T12:32:20","guid":{"rendered":"https:\/\/personal-shopper-graz.at\/?post_type=product&#038;p=2275"},"modified":"2025-12-07T16:32:23","modified_gmt":"2025-12-07T16:32:23","slug":"malu-wilz-soft-lip-styler","status":"publish","type":"product","link":"https:\/\/personal-shopper-graz.at\/?product=malu-wilz-soft-lip-styler","title":{"rendered":"Malu Wilz Soft Lip Styler"},"content":{"rendered":"<div>R\u00fcckdrehbarer <strong>Lippenkonturenstift<\/strong> f\u00fcr einen akkuraten Farbauftrag.Dank der cremigen Textur \u00fcberzeugt der Liner durch sein angenehmes Tragegef\u00fchl und und trocknet die Lippen nicht aus. Die gute Haltbarkeit verhindert das Auslaufen des Lippenstiftes. Die schmale Mine f\u00fcr pr\u00e4zises Auftragen l\u00e4sst sich einfach in die Mechanik zur\u00fcckdrehen, Der integrierte Spitzer sorgt f\u00fcr die exakte Minenform. Eingearbeitetes Candelilla Cera Wachs l\u00e4sst die Stifttextur sanft \u00fcber die Haut gleiten, Hyalurons\u00e4ure spendet Feuchtigkeit f\u00fcr die zarte Lippenpartie. Paraben- und parf\u00fcmfrei.<\/div>\n","protected":false},"excerpt":{"rendered":"<p>&nbsp;<\/p>\n<div>Lippenkontur nachziehen und anschlie\u00dfend den LIPSTICK auftragen. Nach Gebrauch wieder gut verschlie\u00dfen, damit der Stift weich und geschmeidig bleibt. Tipp: f\u00fcr ein seidig mattes Finish, kann der SOFT LIP STYLER auch einzeln komplett auf die Lippen aufgetragen werden.<\/div>\n<div id=\"dpahahyoutubeVideoPipContainer\" class=\"youtubeVideoPipScaleup\" style=\"z-index: 1102;\"><\/div>\n<div id=\"dpahahyoutubeVideoPipContainer\" class=\"youtubeVideoPipScaleup\" style=\"z-index: 1102;\"><\/div>\n","protected":false},"featured_media":3309,"template":"","meta":{"_kad_post_transparent":"","_kad_post_title":"","_kad_post_layout":"","_kad_post_sidebar_id":"","_kad_post_content_style":"","_kad_post_vertical_padding":"","_kad_post_feature":"","_kad_post_feature_position":"","_kad_post_header":false,"_kad_post_footer":false,"_kad_post_classname":""},"product_brand":[],"product_cat":[20,44],"product_tag":[39],"class_list":{"0":"post-2275","1":"product","2":"type-product","3":"status-publish","4":"has-post-thumbnail","6":"product_cat-lippen","7":"product_cat-malu-wilz","8":"product_tag-make-up","10":"first","11":"instock","12":"shipping-taxable","13":"purchasable","14":"product-type-variable","15":"entry","16":"content-bg","17":"loop-entry"},"_links":{"self":[{"href":"https:\/\/personal-shopper-graz.at\/index.php?rest_route=\/wp\/v2\/product\/2275","targetHints":{"allow":["GET"]}}],"collection":[{"href":"https:\/\/personal-shopper-graz.at\/index.php?rest_route=\/wp\/v2\/product"}],"about":[{"href":"https:\/\/personal-shopper-graz.at\/index.php?rest_route=\/wp\/v2\/types\/product"}],"wp:featuredmedia":[{"embeddable":true,"href":"https:\/\/personal-shopper-graz.at\/index.php?rest_route=\/wp\/v2\/media\/3309"}],"wp:attachment":[{"href":"https:\/\/personal-shopper-graz.at\/index.php?rest_route=%2Fwp%2Fv2%2Fmedia&parent=2275"}],"wp:term":[{"taxonomy":"product_brand","embeddable":true,"href":"https:\/\/personal-shopper-graz.at\/index.php?rest_route=%2Fwp%2Fv2%2Fproduct_brand&post=2275"},{"taxonomy":"product_cat","embeddable":true,"href":"https:\/\/personal-shopper-graz.at\/index.php?rest_route=%2Fwp%2Fv2%2Fproduct_cat&post=2275"},{"taxonomy":"product_tag","embeddable":true,"href":"https:\/\/personal-shopper-graz.at\/index.php?rest_route=%2Fwp%2Fv2%2Fproduct_tag&post=2275"}],"curies":[{"name":"wp","href":"https:\/\/api.w.org\/{rel}","templated":true}]}}