{"id":2307,"date":"2023-02-21T13:23:50","date_gmt":"2023-02-21T13:23:50","guid":{"rendered":"https:\/\/personal-shopper-graz.at\/?post_type=product&#038;p=2307"},"modified":"2026-01-08T14:47:10","modified_gmt":"2026-01-08T14:47:10","slug":"malu-wilz-diva-eyes-mascara-waterproof","status":"publish","type":"product","link":"https:\/\/personal-shopper-graz.at\/?product=malu-wilz-diva-eyes-mascara-waterproof","title":{"rendered":"Malu Wilz Diva Eyes Mascara waterproof"},"content":{"rendered":"<div>\n<div class=\"product--description\">\n<p>Die konische B\u00fcrste verleiht den Augen Wimper f\u00fcr Wimper unwiderstehliches Volumen f\u00fcr einen atemberaubenden, divenhaften Blick . Durch die schmale B\u00fcrstenspitze werden selbst feinste Wimpern im Augeninnenwinkel umh\u00fcllt und in tiefstes Schwarz getaucht.\u00a0Die l\u00e4ngeren Borsten betonen die Au\u00dfenwimpern und heben diese an, sodass die Augen optisch gr\u00f6\u00dfer wirken und der Blick ge\u00f6ffnet wird.<\/p>\n<p>Durch mehrfaches hintereinander Auftragen wird der Effekt verst\u00e4rkt &#8211; \u201eBuild-up-Effekt\u201c. Eine Zusammensetzung verschiedener Wachse, formt die Wimpern schonend, pflegt diese gleichzeitig und sorgt f\u00fcr ultimatives Volumen. Langer Halt von bis zu 10 Stunden.<\/p>\n<p>F\u00fcr empfindliche Augen und Kontaktlinsentr\u00e4gerinnen geeignet.\u00a0Die Wimpern vom Ansatz zur Spitze in Zick-Zack-Bewegungen tuschen.<\/p>\n<\/div>\n<\/div>\n<div id=\"dpahahyoutubeVideoPipContainer\" class=\"youtubeVideoPipScaleup\" style=\"z-index: 1102;\"><\/div>\n","protected":false},"excerpt":{"rendered":"<p>&nbsp;<\/p>\n<div>\n<div class=\"neos-nodetypes-text\">\n<div><\/div>\n<\/div>\n<\/div>\n<div>Damit die Mascara auch an hei\u00dfen Sommertagen sicher h\u00e4lt, gibt es unseren Bestseller DIVA EYES MASCARA auch in einer Waterproof Version. Gleicher Effekt mit einem unschlagbaren, wasserfesten Halt!<\/div>\n<div id=\"dpahahyoutubeVideoPipContainer\" class=\"youtubeVideoPipScaleup\" style=\"z-index: 1102;\"><\/div>\n","protected":false},"featured_media":3308,"template":"","meta":{"_kad_post_transparent":"","_kad_post_title":"","_kad_post_layout":"","_kad_post_sidebar_id":"","_kad_post_content_style":"","_kad_post_vertical_padding":"","_kad_post_feature":"","_kad_post_feature_position":"","_kad_post_header":false,"_kad_post_footer":false,"_kad_post_classname":""},"product_brand":[],"product_cat":[19,44],"product_tag":[39],"class_list":{"0":"post-2307","1":"product","2":"type-product","3":"status-publish","4":"has-post-thumbnail","6":"product_cat-augen-make-up","7":"product_cat-malu-wilz","8":"product_tag-make-up","10":"first","11":"instock","12":"shipping-taxable","13":"purchasable","14":"product-type-simple","15":"entry","16":"content-bg","17":"loop-entry"},"_links":{"self":[{"href":"https:\/\/personal-shopper-graz.at\/index.php?rest_route=\/wp\/v2\/product\/2307","targetHints":{"allow":["GET"]}}],"collection":[{"href":"https:\/\/personal-shopper-graz.at\/index.php?rest_route=\/wp\/v2\/product"}],"about":[{"href":"https:\/\/personal-shopper-graz.at\/index.php?rest_route=\/wp\/v2\/types\/product"}],"wp:featuredmedia":[{"embeddable":true,"href":"https:\/\/personal-shopper-graz.at\/index.php?rest_route=\/wp\/v2\/media\/3308"}],"wp:attachment":[{"href":"https:\/\/personal-shopper-graz.at\/index.php?rest_route=%2Fwp%2Fv2%2Fmedia&parent=2307"}],"wp:term":[{"taxonomy":"product_brand","embeddable":true,"href":"https:\/\/personal-shopper-graz.at\/index.php?rest_route=%2Fwp%2Fv2%2Fproduct_brand&post=2307"},{"taxonomy":"product_cat","embeddable":true,"href":"https:\/\/personal-shopper-graz.at\/index.php?rest_route=%2Fwp%2Fv2%2Fproduct_cat&post=2307"},{"taxonomy":"product_tag","embeddable":true,"href":"https:\/\/personal-shopper-graz.at\/index.php?rest_route=%2Fwp%2Fv2%2Fproduct_tag&post=2307"}],"curies":[{"name":"wp","href":"https:\/\/api.w.org\/{rel}","templated":true}]}}