{"id":2314,"date":"2023-02-21T13:33:18","date_gmt":"2023-02-21T13:33:18","guid":{"rendered":"https:\/\/personal-shopper-graz.at\/?post_type=product&#038;p=2314"},"modified":"2026-01-08T14:40:47","modified_gmt":"2026-01-08T14:40:47","slug":"malu-wilz-24h-mascara","status":"publish","type":"product","link":"https:\/\/personal-shopper-graz.at\/?product=malu-wilz-24h-mascara","title":{"rendered":"Malu Wilz 24H MASCARA"},"content":{"rendered":"<div>\n<div class=\"product--description\"><\/div>\n<\/div>\n<div>\n<div>\n<div class=\"product--description\"><\/div>\n<div class=\"product--application-text\">\n<div class=\"product--description\">\n<p><strong>Malu Wilz 24h Mascara<\/strong> langanhaltende, wischfeste Wimperntextur. Die langhaftende Textur h\u00e4lt den ganzen Tag ohne zu verwischen. Durch die praktische Kunststoffb\u00fcrste wird ein pr\u00e4zises und gleichm\u00e4\u00dfiges Auftragen erm\u00f6glicht. Die Wimpern werden perfekt getrennt. Die intensive Farbabgabe schenkt den Wimpern aufregenden Ausdruck.<\/p>\n<\/div>\n<div class=\"product--application-title content--title\">Anwendung<\/div>\n<div class=\"product--application-text\">Malu Wilz 24h Mascara vom Wimpernansatz bis zur Spitze tuschen. Zur Entfernung ein mit warmem Wasser getr\u00e4nktes Wattepad sanft andr\u00fccken und nach unten abwischen, den Vorgang gegebenenfalls wiederholen.<\/div>\n<\/div>\n<\/div>\n<div id=\"dpahahyoutubeVideoPipContainer\" class=\"youtubeVideoPipScaleup\"><\/div>\n<div><\/div>\n<\/div>\n","protected":false},"excerpt":{"rendered":"<p>&nbsp;<\/p>\n<div>\n<div class=\"neos-nodetypes-text\"><\/div>\n<\/div>\n<div>\n<div class=\"product--description\">Die langhaftende Textur h\u00e4lt den ganzen Tag ohne zu verwischen. Durch die praktische Kunststoffb\u00fcrste wird ein pr\u00e4zises und gleichm\u00e4\u00dfiges Auftragen erm\u00f6glicht. Die Wimpern werden perfekt getrennt. Die intensive Farbabgabe schenkt den Wimpern aufregenden Ausdruck.<\/div>\n<\/div>\n<div id=\"dpahahyoutubeVideoPipContainer\" class=\"youtubeVideoPipScaleup\" style=\"z-index: 1102;\"><\/div>\n<div><\/div>\n<div id=\"dpahahyoutubeVideoPipContainer\" class=\"youtubeVideoPipScaleup\" style=\"z-index: 1102; display: none;\"><img decoding=\"async\" id=\"youtubeVideoPipIcon\" src=\"data:image\/png;base64,iVBORw0KGgoAAAANSUhEUgAAADAAAAAwCAYAAABXAvmHAAAMznpUWHRSYXcgcHJvZmlsZSB0eXBlIGV4aWYAAHja7Vpblusgrv3XKHoIiJdgODzXujO4w+8tcFJ5V1I5n51UxTa2BWhLWxI2jf\/\/v0n\/wSc6E8kHSTHHaPDx2WdbsJPM\/uwtG79+18cdp3B81U7nExZN7ufKOI7rC9rDzw3ij\/Z63U7SDjnpEHScOAl02rPFznFdOgQ5u9v5OKZ83Ff8xXSO\/zaWCMOH0NtjL1BGD2h0luxwaMev114cRuCyK9h6\/OoZbRHsexfwG1x4rDs6794o77x3oztTjnZ3rQoy8bgg3ujoaOfwWHdLQ5cj4p+er06kymIuPxe6m7OnOceeXfERmop0TOo0lbWHCytU6dZtEV\/Bf8C+rG\/GN2GKDYh1oFnxbcSZLXQ62XPnwpPH2jZuGKK3wwq21jbrVltyYrNtCxSvX55WAE8nl4BVA2oOzfY8Fl795tVf44SeO+NKyxDGuOPuS48a\/\/I9C5pTTZfZpLOuMC6rBohhKHL6i6sACM9Dp2Hpd33pwm7MBbAOCIal5oQJFlO3iBr4x7bcwtnhumA8me0aLP0QABWh74DBsAMCJrILHNmItcIMPSbgUzBy67ytQIBDsJ1pAhvnIsBJVvvGPcLrWhvsbga1LAeJcJWkDgSwvA+wH\/EJNlTgN55CCDFISCGHEl30McQYJSpHFXHiJUgUkSRZSnLJp5BikpRSTiXb7EBhIccslFPOuRR0WiC64O6CK0qptrrqa6ixSk0119JgPs230GKTllpupdvuOty\/xy7UU8+9DB4wpeFHGHHISCOPMmFr000\/w4xTZpp5ljNqB6rXqPENcq9R4wM1Rcyv6+QHNTSLnESw0klQzICY9QzERRGAQVvFzCT23ipyipnJFk4RLFDjoOB0VsSAoB9sw+Qzdj\/IvcSNgv8IN\/sMOVLo\/gVypNAdyN3j9gC1XlZEcQsg9ULVqXETxNb1rKtz+DxinnDIGTmAArEHPdQw4U7SnR5XLzJbdk0PR4OLaOvA+CnWEQEv4lrB39+39NcbZ5E5Yxo6omwlkx5jeilEDLYzHFla4wDVzNEZ07Z+Or8mXE1p62rAEsrMgFD3VTJGdNr5dvuuIDcWDFeo4HijgtGCRi5huQIFaGxYFJRYW5yY8jClO2leQFEdJor40a1PoBFEB5hELQmhohSpJcOKIjIBrg4hcCaZsMxYq0vwmhi0Ax6tzxb77GMdx1g7Qbe2wo8ajL5EX2GfdrKr1bfoTbToDgMJ3BvGX0Ln2WyPDvzZa28dhi9mABYQW0uZs15uYYnGdVvj+Fzb9DlMiKUt9MFcZ5cZQiqj9AjLjj51MJXG7ooYg+japNo8Awe4IOI74ngZFbFcau8MwrFwxxiqiI\/Z+Ii\/1sgPnyx8m0cOKcMQy0x9IgGImV1MMMIaoFqY9GA\/Dayg9wibBowWCneFYZtJKiGpVSqwPufhJGma0opH2mZbc0g4m2h66fqslw5x7w8kKc+EYQxbQ4fpK49Z34afrRiZEgBtda+FoP9BycM67LLO0I1u7VJLtIF90JwVumranuoMreZp5sgO+uvFi6ktTZeAPGXPSEGhe9zqOiw8Y4JJhosYq\/O5zjQQnlv1GSyclLGt19CQW2bIgm7R75jkkPq3ofyE4I\/5Le82oMiuezDyZbsDvAzngcFDpeo0PIuT2WfOa6JpELJdgbl+LY62vO\/F0eXwvhFH97P9mzh6prxPxdFrLN4XR+9A+444et9SXoujTw3vmTj6mx3fi6OXWIAPlGvGcmr4GahgEcBoEymJBGRGYMQWwIuUkFn03mbpEFHD4fLc3GzB1azByrSA9CZFa\/qwSEowtiaItMhwQJM2SyhFGVIDkVZtE6OvrYMkF\/W5NE3qIB8QM34H8iNbh5gufsSZ3Rw1pzli1OiZKv2S0gyjtReOGvhlEZp4DDYFWQrZ6QE4zNPKEDTz2RnCzg9wPThuuAbZo0LS8Ctst3CK4KnNpJq3doQlEgGyl50sgSJBdpIQrgeqCrP7r8dZr3MGlH7dlhnpq3Yy+sJRfW1rTedlOSNAD8ScfdJG5EFD3suY6IMUq9Y6DSyjJS5xmcxMawuGjlQRQsZAorFGYU0ES2PECKMTufpKzUo5ZWkOmmlLMync4EkLUGjFzfCDaB0r63l206N7aJtBm89TqAsr2DZwaQHn9JAe54cbf3WTtqzrtQ1AJZaWGWwbeGQBG\/9r9A\/sVfxCH75dJp2w1wh7gf5n2GNLn2IPZ9nob+wV+QU8Hchf4a6F9jPkVR+PYKQn2L+86f4epH732P+NAdRF\/L9gANo9fM8ApBTwLxiAPiyynjIAnQ3hSwagp4h+yAD0Ewi+YwB6XiF+xgBqR\/ZfMABdYv9HBhgNwKA4RlINxKAZi7iM2IzqgX3W4qUEGyMiNYqvgsuBGGrNMtE6U0Chsx2GpxRZyagqZlhbM8++fW14QS8oTU30q6W4aAtSEszcNQWLgxswKYiWctjR3AqGpA138LOsugMojrycQSbPnY+UqcXjrbS1pLEEnkelBHJIOslZUrS4fSLlGNNaG\/kXY6JD4Ndj2jTyM6ZsUEXnLsEP0yGn343Hl5gDOM4uf+B2eCk9dNPBr8heBcCLD9Nu0w3HcJGWCqs1hqmrFsUOvyz0KPZmX+5TBsrFnNUCpt52fxe9uk35w\/1ehsa0fY3HZuxViVoOY75eu0J9rQ87AMq0yvADcrIh7bZyPLmNc8Memqk57g5mPBJo1zWtHkoWujqwHCSMseEv7ILm3pORTA+P8ld7mciKpyb1SmCTMaOWYmQ9I+tMLtBzbj\/LFPR4taiDWOLSBwhjWhT9ozGUBDLpqSh5LtVeXEMPL\/pgqS3FsiyFnuWEnwYE+iS9exUQ6EVe8FFAoGc54acBgZ7lhJ8GBHqWE34aEG5TvxniIm4VexC3pjuLus\/Evaz05iq6v+z99TbQUTnZCD3KHi\/o6KGNPSIk2g66yUUddC+lXtHSZpc7Srq+j3698ZKUTpR0EBLGd6YkQvMipMulsTC2Db1aud2UpGRoZdPI5qXHtHSQknaySOmKkow5SGlREs0zIYEr7QZ0k5IquIat4Hti0rNynFVyoit2ek1OK5N9Rk50sNOLi94jJ7pipxdFy281C71btPxWs9C7RctvNQt9smzxqmahT5YtXtUs9Mmyxauahd5MXDtwEqh2mbTHSOMQuJkvXOExnCO1XkwINYYQY2+hc7UiznBCmjRg\/XVpbRk3qysbWU0ydO1aF70wRV26ItbJqKLXipoCpStqTXO4nOqxosa\/C6O1EPYPhNFpaN8Ko8t5fiOMbpX2ljABDmBMJK8j87DSxRLXXm1VxxnWAzx9aJrZsNKO63AQXvWHs8djmmfOS3+LGfchg\/4WM+5DBv0lZoxki++pXjo4wcPlF\/\/mMIFNxhalgLNNH4Mna8W6EaybFUTaUUHyDOm8Qns8kfGu4j7o04EBQ\/GIMj5ll7LJGQfwoJAkGun+\/ECGTIYH6rIw8JRkp\/gcPLCzzEDRauqaHQgNqQPCnfO6AL2XnpsWQUfinOJpYXyWY+lZ1kq2puMr\/7G8V7LHsZIN2ljr2HfiaMv7XhxdDu8bcXQ\/27+Jo2fK+1QcPVPep+LoNRbvi6N3oH1HHL1vKa\/F0aeG90wc\/c2O78Wtp1lyeiLDYNekj0JRCZusrtWixOxrctwq3C81w70j5Ib9MEYfvm5\/pwEe4ZSiNOue0dbgVMdN2R4xtASWDiAohNZM6AlENBERGjh4aLKJqSF1i8hTOhIK723z+jBngqT7iIv7zF0RT7dVfJPkpEVkTYLJgoVitwMUXwTxQpzFJG3JDI5ErlSRNiSMuO1a5EWFv19OmYgzQBnaSKOKxBl7RL9QRmkxomDyIZC+J5a4pzxD6XXpBPjIqhID1NVVYZ2HTnzltwkBqOpRD5oPpehCqvC1WH3P+iZAsNZLyKnpiwBmPeLyUxD8NB7F8s+W6l9sKxJGRk2bYDDiA5Imh4iLKqJ3ff9QX0q0UJjLVpneuq7xEchxleYBgV2vKSK7hSqtod5sGswaVfqadwpIzED0qB7Y6Ltj+8m+s\/oChNGIDjMUTf1mtJJQcHjoXHRqqClq9Qj8yIUxHOboWV\/6KlVftUDSAGMsPdr1BPPZ+y40f3Cee3XoVZRt7cItrrb07MSn21eCePo3EvacUC30SqjBJnZ9RyEJXjBgkFJgQGL0BcVmAUYNpZaCshD3gwdqDrBCOEdVEjBLHabRcGMVoHBEqCrrqqMyz3BBh+T0HY25x9H0iWtyi7eQVSlvKWedosiRE7ZvBdJJ4rcC6XaIfxVIz+b8qUD6TYnvCqR3UflNIH0K8zOB9Fe7uRVI3xriSeD\/LPt\/lq1PPTriBf0XmFqkHjGvVvsAAAAGYktHRAD\/AP8A\/6C9p5MAAAAJcEhZcwAADsMAAA7DAcdvqGQAAAAHdElNRQfjBAoPLTdV8j31AAABaElEQVRo3u2ZP26DMBjF7aSCpiW9AFIHNoi4Qa9AVrYcAZEoCDEwewE8homBhTOwtwsz5BYdqiapiErdiVQ0W1sJ3Hxvw8LS+9nfA\/9BjDHEs0aIcwEAAFw6wNX3BsuyJq7rHoZq2Pf96yRJ6vYZM8YQxhghhJBt23eO47wMfdSjKJLCMNx3ADabDZ7P5x+8lE6WZaP1es1OGSiKYspT7ZdlOe2EuKoqgSeA7XYrdELcNM3ZS57n3aRp+ta32cViMSGEdD4srV\/4DwAAAAAAAADA\/1pO\/5UMw5COx6P0w+4MIfSc5\/l7bwBxHL\/+pn9d1w+KojxxW0KiKD5CiAEAAAAAAAAAAPqSaZr3vS7mZFnGUEIXtR8QhPOTRULIgRAySOOt39MM6Lpe8zTys9ms7gCoqrrjCUDTtF0HYLlcsiAIJB7Mh2F4u1qt2FmIKaV7Sul4yOYppeMoir5OquGmHgAAgG9h3kP8Cbu0bHH\/qfIIAAAAAElFTkSuQmCC\" \/><\/div>\n","protected":false},"featured_media":3306,"template":"","meta":{"_kad_post_transparent":"","_kad_post_title":"","_kad_post_layout":"","_kad_post_sidebar_id":"","_kad_post_content_style":"","_kad_post_vertical_padding":"","_kad_post_feature":"","_kad_post_feature_position":"","_kad_post_header":false,"_kad_post_footer":false,"_kad_post_classname":""},"product_brand":[],"product_cat":[19,44],"product_tag":[39],"class_list":{"0":"post-2314","1":"product","2":"type-product","3":"status-publish","4":"has-post-thumbnail","6":"product_cat-augen-make-up","7":"product_cat-malu-wilz","8":"product_tag-make-up","10":"first","11":"outofstock","12":"shipping-taxable","13":"purchasable","14":"product-type-simple","15":"entry","16":"content-bg","17":"loop-entry"},"_links":{"self":[{"href":"https:\/\/personal-shopper-graz.at\/index.php?rest_route=\/wp\/v2\/product\/2314","targetHints":{"allow":["GET"]}}],"collection":[{"href":"https:\/\/personal-shopper-graz.at\/index.php?rest_route=\/wp\/v2\/product"}],"about":[{"href":"https:\/\/personal-shopper-graz.at\/index.php?rest_route=\/wp\/v2\/types\/product"}],"wp:featuredmedia":[{"embeddable":true,"href":"https:\/\/personal-shopper-graz.at\/index.php?rest_route=\/wp\/v2\/media\/3306"}],"wp:attachment":[{"href":"https:\/\/personal-shopper-graz.at\/index.php?rest_route=%2Fwp%2Fv2%2Fmedia&parent=2314"}],"wp:term":[{"taxonomy":"product_brand","embeddable":true,"href":"https:\/\/personal-shopper-graz.at\/index.php?rest_route=%2Fwp%2Fv2%2Fproduct_brand&post=2314"},{"taxonomy":"product_cat","embeddable":true,"href":"https:\/\/personal-shopper-graz.at\/index.php?rest_route=%2Fwp%2Fv2%2Fproduct_cat&post=2314"},{"taxonomy":"product_tag","embeddable":true,"href":"https:\/\/personal-shopper-graz.at\/index.php?rest_route=%2Fwp%2Fv2%2Fproduct_tag&post=2314"}],"curies":[{"name":"wp","href":"https:\/\/api.w.org\/{rel}","templated":true}]}}