{"id":2331,"date":"2023-02-21T14:11:53","date_gmt":"2023-02-21T14:11:53","guid":{"rendered":"https:\/\/personal-shopper-graz.at\/?post_type=product&#038;p=2331"},"modified":"2026-01-08T15:50:09","modified_gmt":"2026-01-08T15:50:09","slug":"malu-wilz-natural-glow-lip-oil","status":"publish","type":"product","link":"https:\/\/personal-shopper-graz.at\/?product=malu-wilz-natural-glow-lip-oil","title":{"rendered":"Malu Wilz NATURAL GLOW LIP OIL"},"content":{"rendered":"<div>\n<div>\n<div class=\"product--description\">\n<div class=\"product--application-text\">Das NATURAL GLOW LIP OIL direkt auf die Lippen auftragen.<\/div>\n<\/div>\n<div>Inhaltsstoffe:<\/div>\n<div class=\"product--description\">\n<div class=\"product--anaesthetic-title content--title\">POLYBUTENE, HYDROGENATED POLYDECENE, TRIDECYL TRIMELLITATE, ISOSTEARYL ISOSTEARATE, ETHYLENE\/PROPYLENE COPOLYMER, PRUNUS ARMENIACA (APRICOT) KERNEL OIL, PRUNUS PERSICA (PEACH) KERNEL OIL, VITIS VINIFERA (GRAPE) SEED OIL, POLYGLYCERYL-4 ISOSTEARATE, AROMA (FLAVOR), VANILLIN, TOCOPHEROL, MENTHA PIPERITA (PEPPERMINT) OIL, ASCORBYL PALMITATE, MENTHOL, MENTHA VIRIDIS (SPEARMINT) LEAF OIL, HELIANTHUS ANNUUS (SUNFLOWER) SEED OIL, CARVONE, LIMONENE, BETA-CARYOPHYLLENE, PINENE, CI 45410 (RED 27)<\/div>\n<\/div>\n<\/div>\n<div><\/div>\n<\/div>\n<div>\n<div>\n<div class=\"product--description\"><\/div>\n<\/div>\n<div><\/div>\n<\/div>\n<div id=\"dpahahyoutubeVideoPipContainer\" class=\"youtubeVideoPipScaleup\" style=\"z-index: 1102; display: none;\"><\/div>\n","protected":false},"excerpt":{"rendered":"<div>\n<div class=\"product--description\">\n<div><\/div>\n<div><\/div>\n<div><\/div>\n<div>Glanz &amp; Volumen. Das feuchtigkeitsspendende Lippen\u00f6l verw\u00f6hnt die Lippen mit einer ausgewogenen Komposition aus drei ausgew\u00e4hlten Pflanzen\u00f6len. Enthaltene selbstverf\u00e4rbende Pigmente h\u00fcllen je nach individuellem pH-Wert die Lippen in ein zartes Rosa oder frisches Pink. Schafft ein gl\u00e4nzendes Finish auf den Lippen, ohne klebrig zu wirken. Durch die gl\u00e4nzende Transparenz des Produkts wirken die Lippen optisch voller. Mit erfrischendem Spearmint-Aroma. Parabenfrei<\/div>\n<\/div>\n<\/div>\n<div><\/div>\n<div id=\"dpahahyoutubeVideoPipContainer\" class=\"youtubeVideoPipScaleup\" style=\"z-index: 1102; display: none;\"><\/div>\n","protected":false},"featured_media":3304,"template":"","meta":{"_kad_post_transparent":"","_kad_post_title":"","_kad_post_layout":"","_kad_post_sidebar_id":"","_kad_post_content_style":"","_kad_post_vertical_padding":"","_kad_post_feature":"","_kad_post_feature_position":"","_kad_post_header":false,"_kad_post_footer":false,"_kad_post_classname":""},"product_brand":[],"product_cat":[20,44],"product_tag":[39],"class_list":{"0":"post-2331","1":"product","2":"type-product","3":"status-publish","4":"has-post-thumbnail","6":"product_cat-lippen","7":"product_cat-malu-wilz","8":"product_tag-make-up","10":"first","11":"instock","12":"shipping-taxable","13":"purchasable","14":"product-type-simple","15":"entry","16":"content-bg","17":"loop-entry"},"_links":{"self":[{"href":"https:\/\/personal-shopper-graz.at\/index.php?rest_route=\/wp\/v2\/product\/2331","targetHints":{"allow":["GET"]}}],"collection":[{"href":"https:\/\/personal-shopper-graz.at\/index.php?rest_route=\/wp\/v2\/product"}],"about":[{"href":"https:\/\/personal-shopper-graz.at\/index.php?rest_route=\/wp\/v2\/types\/product"}],"wp:featuredmedia":[{"embeddable":true,"href":"https:\/\/personal-shopper-graz.at\/index.php?rest_route=\/wp\/v2\/media\/3304"}],"wp:attachment":[{"href":"https:\/\/personal-shopper-graz.at\/index.php?rest_route=%2Fwp%2Fv2%2Fmedia&parent=2331"}],"wp:term":[{"taxonomy":"product_brand","embeddable":true,"href":"https:\/\/personal-shopper-graz.at\/index.php?rest_route=%2Fwp%2Fv2%2Fproduct_brand&post=2331"},{"taxonomy":"product_cat","embeddable":true,"href":"https:\/\/personal-shopper-graz.at\/index.php?rest_route=%2Fwp%2Fv2%2Fproduct_cat&post=2331"},{"taxonomy":"product_tag","embeddable":true,"href":"https:\/\/personal-shopper-graz.at\/index.php?rest_route=%2Fwp%2Fv2%2Fproduct_tag&post=2331"}],"curies":[{"name":"wp","href":"https:\/\/api.w.org\/{rel}","templated":true}]}}