{"id":2489,"date":"2023-09-25T13:13:04","date_gmt":"2023-09-25T13:13:04","guid":{"rendered":"https:\/\/personal-shopper-graz.at\/?post_type=product&#038;p=2489"},"modified":"2023-09-25T13:17:33","modified_gmt":"2023-09-25T13:17:33","slug":"mens-nature-24-h-deo-50ml-roll-on","status":"publish","type":"product","link":"https:\/\/personal-shopper-graz.at\/?product=mens-nature-24-h-deo-50ml-roll-on","title":{"rendered":"Men&#8217;s Nature 24 h-Deo  50ml Roll-on"},"content":{"rendered":"<div class=\"emz-product-info-column js-emz-info-column\">\n<div id=\"collapseEmzProductInfo1\" class=\"emz-product-info-column-content collapse js-emz-column-content show\" aria-labelledby=\"collapseEmzProductInfoTitle1\">\n<div id=\"collapseEmzProductInfo1\" class=\"emz-product-info-column-content collapse js-emz-column-content show\" aria-labelledby=\"collapseEmzProductInfoTitle1\">\n<ul>\n<li style=\"list-style-type: none;\">\n<ul>\n<li>\n<div id=\"collapseEmzProductInfo1\" class=\"emz-product-info-column-content collapse js-emz-column-content show\" aria-labelledby=\"collapseEmzProductInfoTitle1\">\n<ul>\n<li>\n<div id=\"collapseEmzProductInfoTitle1\" class=\"emz-product-info-column-headline has-color js-collapse-emz-column-trigger show\" data-target=\"#collapseEmzProductInfo1\" aria-expanded=\"true\" aria-controls=\"collapseEmzProductInfo1\"><span class=\"emz-product-info-title\">Beschreibung<\/span><\/div>\n<div id=\"collapseEmzProductInfo1\" class=\"emz-product-info-column-content collapse js-emz-column-content show\" aria-labelledby=\"collapseEmzProductInfoTitle1\">\n<p>Das effektive Anti-Transpirant verhindert zuverl\u00e4ssig K\u00f6rpergeruch und reduziert die Schwei\u00dfbildung. Mit MeeresTIEFwasser, einem Eismeeralgen- sowie Seekamillen-Extrakt sorgt es den ganzen Tag f\u00fcr ein angenehmes Frische-Gef\u00fchl.<\/p>\n<ul>\n<li>Anti-Transpirant, bis zu 24 Stunden wirksam<\/li>\n<li>reduziert die Schwei\u00dfbildung und verhindert K\u00f6rpergeruch<\/li>\n<li>sch\u00fctzt die Haut vor negativen Umwelteinfl\u00fcssen<\/li>\n<li>zieht schnell ein<\/li>\n<li>verleiht eine angenehme Frische<\/li>\n<li>sehr gut hautvertr\u00e4glich \u2013 dermatologisch best\u00e4tigt durch ein unabh\u00e4ngiges Institut<\/li>\n<li>frei von Mineral- und Silikon-\u00d6len, konventionellen Emulgatoren, Parabenen, Farbstoffen, PEG<\/li>\n<li>vegan \u2013 frei von tierischen Inhaltsstoffen<\/li>\n<\/ul>\n<\/div>\n<\/li>\n<\/ul>\n<\/div>\n<\/li>\n<\/ul>\n<\/li>\n<\/ul>\n<\/div>\n<p><img loading=\"lazy\" decoding=\"async\" class=\"\" src=\"https:\/\/www.biomaris.com\/media\/45\/36\/33\/1632320492\/siegel_dermatologisch-getestet-mn.svg\" width=\"164\" height=\"164\" \/> <img loading=\"lazy\" decoding=\"async\" class=\"\" src=\"https:\/\/www.biomaris.com\/media\/d5\/d0\/63\/1628767376\/siegel-einzigartig-mtw-mn.svg\" width=\"159\" height=\"159\" \/><\/p>\n<\/div>\n<\/div>\n<div class=\"emz-product-info-column js-emz-info-column\">\n<div data-target=\"#collapseEmzProductInfo2\" aria-expanded=\"true\" aria-controls=\"collapseEmzProductInfo2\">\n<div class=\"emz-product-info-column js-emz-info-column has-border-bottom\">\n<div id=\"collapseEmzProductInfo3\" class=\"emz-product-info-column-content collapse js-emz-column-content \" aria-labelledby=\"collapseEmzProductInfoTitle3\">\n<div class=\"emz-product-info-column js-emz-info-column\"><\/div>\n<div class=\"emz-product-info-column js-emz-info-column has-border-bottom\">\n<div id=\"collapseEmzProductInfo3\" class=\"emz-product-info-column-content collapse js-emz-column-content \" aria-labelledby=\"collapseEmzProductInfoTitle3\">\n<div class=\"emz-product-info-column js-emz-info-column\"><\/div>\n<div class=\"emz-product-info-column js-emz-info-column has-border-bottom\">\n<div id=\"collapseEmzProductInfo3\" class=\"emz-product-info-column-content collapse js-emz-column-content \" aria-labelledby=\"collapseEmzProductInfoTitle3\">\n<div class=\"emz-product-info-column js-emz-info-column\">\n<div id=\"collapseEmzProductInfoTitle2\" class=\"emz-product-info-column-headline has-color has-line js-collapse-emz-column-trigger show\" data-target=\"#collapseEmzProductInfo2\" aria-expanded=\"true\" aria-controls=\"collapseEmzProductInfo2\"><span class=\"emz-product-info-title\">Wirkstoffe<\/span><\/div>\n<div id=\"collapseEmzProductInfo2\" class=\"emz-product-info-column-content collapse js-emz-column-content show\" aria-labelledby=\"collapseEmzProductInfoTitle2\">\n<ul>\n<li>MeeresTIEFwasser<\/li>\n<li>Eismeeralgen-Extrakt <i>Durvillaea Antarctica<\/i> aus der Antarktis \u2013 mit Anti-Pollution-Effekt<\/li>\n<li>Seekamillen-Extrakt<\/li>\n<li>Aluminium-Salze<\/li>\n<li>Alkohol<\/li>\n<\/ul>\n<\/div>\n<\/div>\n<div class=\"emz-product-info-column js-emz-info-column has-border-bottom\">\n<div id=\"collapseEmzProductInfoTitle3\" class=\"emz-product-info-column-headline has-color has-line js-collapse-emz-column-trigger \" data-target=\"#collapseEmzProductInfo3\" aria-expanded=\"true\" aria-controls=\"collapseEmzProductInfo3\"><span class=\"emz-product-info-title\">Anwendung<\/span><\/div>\n<div id=\"collapseEmzProductInfo3\" class=\"emz-product-info-column-content collapse js-emz-column-content \" aria-labelledby=\"collapseEmzProductInfoTitle3\">Auf die gereinigte, trockene Haut auftragen.<\/div>\n<\/div>\n<\/div>\n<\/div>\n<\/div>\n<\/div>\n<\/div>\n<\/div>\n<\/div>\n<\/div>\n","protected":false},"excerpt":{"rendered":"<p>Effektives Anti-Transpirant f\u00fcr den Mann. Bis zu 24 Stunden wirksam f\u00fcr ein anhaltendes Frische-Gef\u00fchl.<\/p>\n","protected":false},"featured_media":2490,"template":"","meta":{"_kad_post_transparent":"","_kad_post_title":"","_kad_post_layout":"","_kad_post_sidebar_id":"","_kad_post_content_style":"","_kad_post_vertical_padding":"","_kad_post_feature":"","_kad_post_feature_position":"","_kad_post_header":false,"_kad_post_footer":false,"_kad_post_classname":""},"product_brand":[],"product_cat":[45],"product_tag":[],"class_list":{"0":"post-2489","1":"product","2":"type-product","3":"status-publish","4":"has-post-thumbnail","6":"product_cat-maennerkosmetik","8":"first","9":"instock","10":"shipping-taxable","11":"purchasable","12":"product-type-simple","13":"entry","14":"content-bg","15":"loop-entry"},"_links":{"self":[{"href":"https:\/\/personal-shopper-graz.at\/index.php?rest_route=\/wp\/v2\/product\/2489","targetHints":{"allow":["GET"]}}],"collection":[{"href":"https:\/\/personal-shopper-graz.at\/index.php?rest_route=\/wp\/v2\/product"}],"about":[{"href":"https:\/\/personal-shopper-graz.at\/index.php?rest_route=\/wp\/v2\/types\/product"}],"wp:featuredmedia":[{"embeddable":true,"href":"https:\/\/personal-shopper-graz.at\/index.php?rest_route=\/wp\/v2\/media\/2490"}],"wp:attachment":[{"href":"https:\/\/personal-shopper-graz.at\/index.php?rest_route=%2Fwp%2Fv2%2Fmedia&parent=2489"}],"wp:term":[{"taxonomy":"product_brand","embeddable":true,"href":"https:\/\/personal-shopper-graz.at\/index.php?rest_route=%2Fwp%2Fv2%2Fproduct_brand&post=2489"},{"taxonomy":"product_cat","embeddable":true,"href":"https:\/\/personal-shopper-graz.at\/index.php?rest_route=%2Fwp%2Fv2%2Fproduct_cat&post=2489"},{"taxonomy":"product_tag","embeddable":true,"href":"https:\/\/personal-shopper-graz.at\/index.php?rest_route=%2Fwp%2Fv2%2Fproduct_tag&post=2489"}],"curies":[{"name":"wp","href":"https:\/\/api.w.org\/{rel}","templated":true}]}}