{"id":2899,"date":"2025-05-19T11:36:04","date_gmt":"2025-05-19T11:36:04","guid":{"rendered":"https:\/\/personal-shopper-graz.at\/?post_type=product&#038;p=2899"},"modified":"2025-12-07T12:22:48","modified_gmt":"2025-12-07T12:22:48","slug":"malu-wilz-radiant-light-foundation","status":"publish","type":"product","link":"https:\/\/personal-shopper-graz.at\/?product=malu-wilz-radiant-light-foundation","title":{"rendered":"Malu Wilz Radiant Light Foundation"},"content":{"rendered":"<p>Vor der Anwendung einmal gut sch\u00fctteln, damit die Pigmente sich gleichm\u00e4\u00dfig entfalten. Textur mit Hilfe eines Foundation Pinsel auf die gereinigte Haut auftragen. Anschlie\u00dfend eine kleine Menge sorgf\u00e4ltig von der Gesichtsmitte aus nach au\u00dfen hin verblenden und gleichm\u00e4\u00dfig verteilen. Besonders im Bereich des Halses, der Ohren sowie am Haaransatz auf ein sauberes Verblenden achten.<\/p>\n<p>AQUA (WATER), C9-12 ALKANE, GLYCERIN, COCO-CAPRYLATE\/CAPRATE, PROPANEDIOL, SQUALANE, PENTYLENE GLYCOL, DISTEARDIMONIUM HECTORITE, POLYGLYCERYL-3 POLYRICINOLEATE, SORBITAN ISOSTEARATE, ETHYL OLEATE, ETHYL STEARATE, SIMMONDSIA CHINENSIS (JOJOBA) SEED OIL, GLYCERYL CAPRYLATE\/CAPRATE, ALUMINUM HYDROXIDE, BUTYROSPERMUM PARKII (SHEA) BUTTER UNSAPONIFIABLES, ETHYL LINOLEATE, XANTHAN GUM, ETHYL PALMITATE, AVENA SATIVA (OAT) KERNEL OIL, SODIUM LAUROYL GLUTAMATE, BACILLUS FERMENT, LYSINE, MAGNESIUM CHLORIDE, GLUCOSE, TOCOPHEROL, HYDROLYZED PEA PROTEIN, SODIUM CHLORIDE, SODIUM SUCCINATE, CITRIC ACID, [+\/- (MAY CONTAIN) CI 77491 (IRON OXIDES), CI 77492 (IRON OXIDES), CI 77499 (IRON OXIDES), CI 77891 (TITANIUM DIOXIDE)]<\/p>\n","protected":false},"excerpt":{"rendered":"<p>Diese leichte<strong> Radiant Light Foundation<\/strong> &#8211; Textur besteht zu mindestens 90 % aus Inhaltsstoffen nat\u00fcrlichen Ursprungs und ist damit die ideale Pflege f\u00fcr trockene Haut. Die atmungsaktive Formulierung verschmilzt auf der Haut und hinterl\u00e4sst ein nat\u00fcrliches, strahlendes und ebenm\u00e4\u00dfiges Hautbild &#8211; f\u00fcr einen sichtbar verbesserten Teint. Mit ihrer fl\u00fcssigen Konsistenz und ohne Mineral\u00f6l\/Paraffin, Silikonen, Parabenen und Talk bietet sie eine schonende Pflege. RSPO-zertifiziertes Palm\u00f6l und Lumesens sch\u00fctzen die Haut vor blauem Licht, reduzieren Falten und Flecken. Der enthaltene, \u00f6kologisch nachhaltige Symbiome-Komplex unterst\u00fctzt die Mikrobiota-Vielfalt und verbessert die Sauerstoffversorgung der Haut.<\/p>\n","protected":false},"featured_media":3291,"template":"","meta":{"_kad_post_transparent":"","_kad_post_title":"","_kad_post_layout":"","_kad_post_sidebar_id":"","_kad_post_content_style":"","_kad_post_vertical_padding":"","_kad_post_feature":"","_kad_post_feature_position":"","_kad_post_header":false,"_kad_post_footer":false,"_kad_post_classname":""},"product_brand":[],"product_cat":[26,44],"product_tag":[39],"class_list":{"0":"post-2899","1":"product","2":"type-product","3":"status-publish","4":"has-post-thumbnail","6":"product_cat-make-up","7":"product_cat-malu-wilz","8":"product_tag-make-up","10":"first","11":"instock","12":"shipping-taxable","13":"purchasable","14":"product-type-variable","15":"entry","16":"content-bg","17":"loop-entry"},"_links":{"self":[{"href":"https:\/\/personal-shopper-graz.at\/index.php?rest_route=\/wp\/v2\/product\/2899","targetHints":{"allow":["GET"]}}],"collection":[{"href":"https:\/\/personal-shopper-graz.at\/index.php?rest_route=\/wp\/v2\/product"}],"about":[{"href":"https:\/\/personal-shopper-graz.at\/index.php?rest_route=\/wp\/v2\/types\/product"}],"wp:featuredmedia":[{"embeddable":true,"href":"https:\/\/personal-shopper-graz.at\/index.php?rest_route=\/wp\/v2\/media\/3291"}],"wp:attachment":[{"href":"https:\/\/personal-shopper-graz.at\/index.php?rest_route=%2Fwp%2Fv2%2Fmedia&parent=2899"}],"wp:term":[{"taxonomy":"product_brand","embeddable":true,"href":"https:\/\/personal-shopper-graz.at\/index.php?rest_route=%2Fwp%2Fv2%2Fproduct_brand&post=2899"},{"taxonomy":"product_cat","embeddable":true,"href":"https:\/\/personal-shopper-graz.at\/index.php?rest_route=%2Fwp%2Fv2%2Fproduct_cat&post=2899"},{"taxonomy":"product_tag","embeddable":true,"href":"https:\/\/personal-shopper-graz.at\/index.php?rest_route=%2Fwp%2Fv2%2Fproduct_tag&post=2899"}],"curies":[{"name":"wp","href":"https:\/\/api.w.org\/{rel}","templated":true}]}}