{"id":2915,"date":"2025-05-19T11:57:15","date_gmt":"2025-05-19T11:57:15","guid":{"rendered":"https:\/\/personal-shopper-graz.at\/?post_type=product&#038;p=2915"},"modified":"2025-12-07T08:55:55","modified_gmt":"2025-12-07T08:55:55","slug":"malu-wilz-it-piece-primer-spf-30","status":"publish","type":"product","link":"https:\/\/personal-shopper-graz.at\/?product=malu-wilz-it-piece-primer-spf-30","title":{"rendered":"Malu Wilz IT Piece Primer SPF 30"},"content":{"rendered":"<div class=\"bwvp bwaa bwai bwhr\" aria-expanded=\"false\">\n<div>Eine kleine Menge des IT PIECE PRIMER SPF 30 mit den Fingerspitzen oder einem Make-up-Pinsel gleichm\u00e4\u00dfig im Gesicht auftragen und in die Haut einarbeiten. Anschlie\u00dfend Foundation wie gewohnt auftragen.<\/div>\n<div><\/div>\n<div><\/div>\n<div class=\"bwjy\">\n<p>AQUA (WATER), PEG-6 STEARATE, ETHYLHEXYL METHOXYCINNAMATE, ISONONYL ISONONANOATE, BUTYL METHOXYDIBENZOYLMETHANE, ETHYLHEXYL SALICYLATE, GLYCERYL STEARATE, OCTOCRYLENE, GLYCOL STEARATE, PEG-32 STEARATE, METHYLENE BIS-BENZOTRIAZOLYL TETRAMETHYLBUTYLPHENOL (NANO), GLYCERIN, PHENOXYETHANOL, CAPRYLYL GLYCOL, HYDROXYETHYL ACRYLATE\/SODIUM ACRYLOYLDIMETHYL TAURATE COPOLYMER, CETYL PALMITATE, PARFUM (FRAGRANCE), XANTHAN GUM, POLYISOBUTENE, DECYL GLUCOSIDE, DISODIUM EDTA, TOCOPHERYL ACETATE, PROPYLENE GLYCOL, CHAMOMILLA RECUTITA (MATRICARIA) FLOWER WATER, PEG-7 TRIMETHYLOLPROPANE COCONUT ETHER, SORBITAN ISOSTEARATE, BHT, BENZYL ALCOHOL, ALOE BARBADENSIS LEAF EXTRACT, CALENDULA OFFICINALIS FLOWER EXTRACT, SODIUM BENZOATE, POTASSIUM SORBATE, CI 14700 (RED 4), CI 15985 (YELLOW 6)<\/p>\n<div class=\"bwab\"><\/div>\n<\/div>\n<\/div>\n","protected":false},"excerpt":{"rendered":"<div id=\"dpahahyoutubeVideoPipContainer\" class=\"youtubeVideoPipScaleup\"><\/div>\n<div id=\"dpahahyoutubeVideoPipContainer\" class=\"youtubeVideoPipScaleup\" style=\"z-index: 1102;\">Leichter Primer mit Lichtschutzfaktor 30 &#8211; Der IT PIECE PRIMER SPF 30 sch\u00fctzt die Haut mit Lichtschutzfaktor 30 vor sch\u00e4dlicher UVA und UVB-Strahlung sowie sch\u00e4digenden Umwelteinfl\u00fcssen. Die leichte, cremige Textur passt sich dem nat\u00fcrlichen Hautton an und unterstreicht Ihre nat\u00fcrliche Sch\u00f6nheit. Praktisches 2in1 Produkt: Primer mit integriertem Sonnenschutz. Verl\u00e4ngert die Haltbarkeit der Foundation -f\u00fcr makelloses Make-up den ganzen Tag! Kamillenwasser beruhigt und pflegt die Haut. Enth\u00e4lt Aloe Vera und Calendula Extrakt. Verleiht ein leichtes mattes Finish. F\u00fcr alle Hauttypen geeignet. Hautvertr\u00e4glichkeit dermatologisch best\u00e4tigt. Frei von: Mineral\u00f6l, Parabene, Silikone, Talc. TIPP: Kann auch ohne ein folgendes Make-up angewendet werden und bietet dank SPF 30 t\u00e4glichen Sonnenschutz.<\/div>\n","protected":false},"featured_media":3289,"template":"","meta":{"_kad_post_transparent":"","_kad_post_title":"","_kad_post_layout":"","_kad_post_sidebar_id":"","_kad_post_content_style":"","_kad_post_vertical_padding":"","_kad_post_feature":"","_kad_post_feature_position":"","_kad_post_header":false,"_kad_post_footer":false,"_kad_post_classname":""},"product_brand":[],"product_cat":[26,44],"product_tag":[39],"class_list":{"0":"post-2915","1":"product","2":"type-product","3":"status-publish","4":"has-post-thumbnail","6":"product_cat-make-up","7":"product_cat-malu-wilz","8":"product_tag-make-up","10":"first","11":"instock","12":"shipping-taxable","13":"purchasable","14":"product-type-simple","15":"entry","16":"content-bg","17":"loop-entry"},"_links":{"self":[{"href":"https:\/\/personal-shopper-graz.at\/index.php?rest_route=\/wp\/v2\/product\/2915","targetHints":{"allow":["GET"]}}],"collection":[{"href":"https:\/\/personal-shopper-graz.at\/index.php?rest_route=\/wp\/v2\/product"}],"about":[{"href":"https:\/\/personal-shopper-graz.at\/index.php?rest_route=\/wp\/v2\/types\/product"}],"wp:featuredmedia":[{"embeddable":true,"href":"https:\/\/personal-shopper-graz.at\/index.php?rest_route=\/wp\/v2\/media\/3289"}],"wp:attachment":[{"href":"https:\/\/personal-shopper-graz.at\/index.php?rest_route=%2Fwp%2Fv2%2Fmedia&parent=2915"}],"wp:term":[{"taxonomy":"product_brand","embeddable":true,"href":"https:\/\/personal-shopper-graz.at\/index.php?rest_route=%2Fwp%2Fv2%2Fproduct_brand&post=2915"},{"taxonomy":"product_cat","embeddable":true,"href":"https:\/\/personal-shopper-graz.at\/index.php?rest_route=%2Fwp%2Fv2%2Fproduct_cat&post=2915"},{"taxonomy":"product_tag","embeddable":true,"href":"https:\/\/personal-shopper-graz.at\/index.php?rest_route=%2Fwp%2Fv2%2Fproduct_tag&post=2915"}],"curies":[{"name":"wp","href":"https:\/\/api.w.org\/{rel}","templated":true}]}}