{"id":2931,"date":"2025-05-20T10:56:26","date_gmt":"2025-05-20T10:56:26","guid":{"rendered":"https:\/\/personal-shopper-graz.at\/?post_type=product&#038;p=2931"},"modified":"2026-02-12T15:26:40","modified_gmt":"2026-02-12T15:26:40","slug":"malu-wilz-skin-fusion-cream-foundation","status":"publish","type":"product","link":"https:\/\/personal-shopper-graz.at\/?product=malu-wilz-skin-fusion-cream-foundation","title":{"rendered":"Malu Wilz Skin Fusion Cream Foundation"},"content":{"rendered":"<p>Nach der Tagespflege mit einem Make-up Schw\u00e4mmchen gleichm\u00e4\u00dfig auftragen. Vorgang wiederholen bis die gew\u00fcnschte Deckkraft erreicht ist.<\/p>\n<p>Inhaltsstoffe:<\/p>\n<p>C12-15 ALKYL BENZOATE, CAPRYLIC\/CAPRIC TRIGLYCERIDE, DIMETHICONE\/VINYL DIMETHICONE CROSSPOLYMER, POLYMETHYL METHACRYLATE, POLYGLYCERYL-2 DIISOSTEARATE, MICA, OZOKERITE, POLYETHYLENE, POLYMETHYLSILSESQUIOXANE, DIPENTAERYTHRITYL HEXAHYDROXYSTEARATE, DISTEARDIMONIUM HECTORITE, OCTYLDODECANOL, TRIETHOXYCAPRYLYLSILANE, DICALCIUM PHOSPHATE, PROPYLENE CARBONATE, SILICA, ALCOHOL, PENTAERYTHRITYL TETRA-DI-T-BUTYL HYDROXYHYDROCINNAMATE, KAOLIN, LAURETH-4, AQUA (WATER), [+\/- (MAY CONTAIN) CI 77007 (ULTRAMARINES), CI 77491 (IRON OXIDES), CI 77492 (IRON OXIDES), CI 77499 (IRON OXIDES), CI 77891 (TITANIUM DIOXIDE)]<\/p>\n","protected":false},"excerpt":{"rendered":"<div class=\"product--description\">\n<p>Die Skin Fusion Cream Foundation ist eine Hautpflegende Make-up-Formulierung mit aufbaubarer Deckkraft. Sie ist schwerelos und atmungsaktiv und bietet gleichzeitig eine perfekte Deckkraft. Die Creme-Foundation, l\u00e4sst sich m\u00fchelos in die Haut einarbeiten, ohne zu kleben. Sie bietet eine leichte, porenverfeinernde Abdeckung, die der Haut einen nat\u00fcrlichen Glanz verleiht und eine Grundierung \u00fcberfl\u00fcssig macht. Sorgt f\u00fcr ein perfektioniertes, zartes Hautbild, kaschiert Unebenheiten und Augenringe, ohne dass die Haut austrocknet.<\/p>\n<p>* Frei von Parabene, Talc und Parfum.<\/p>\n<p>Die Skin Fusion ist nachf\u00fcllbar und erm\u00f6glicht eine nachhaltige Anwendung, sodass dieses Lieblingsprodukt\u00a0 jederzeit wieder aufgef\u00fcllt werden kann.<\/p>\n<\/div>\n","protected":false},"featured_media":3272,"template":"","meta":{"_kad_post_transparent":"","_kad_post_title":"","_kad_post_layout":"","_kad_post_sidebar_id":"","_kad_post_content_style":"","_kad_post_vertical_padding":"","_kad_post_feature":"","_kad_post_feature_position":"","_kad_post_header":false,"_kad_post_footer":false,"_kad_post_classname":""},"product_brand":[],"product_cat":[26,44],"product_tag":[39],"class_list":{"0":"post-2931","1":"product","2":"type-product","3":"status-publish","4":"has-post-thumbnail","6":"product_cat-make-up","7":"product_cat-malu-wilz","8":"product_tag-make-up","10":"first","11":"instock","12":"shipping-taxable","13":"purchasable","14":"product-type-variable","15":"entry","16":"content-bg","17":"loop-entry"},"_links":{"self":[{"href":"https:\/\/personal-shopper-graz.at\/index.php?rest_route=\/wp\/v2\/product\/2931","targetHints":{"allow":["GET"]}}],"collection":[{"href":"https:\/\/personal-shopper-graz.at\/index.php?rest_route=\/wp\/v2\/product"}],"about":[{"href":"https:\/\/personal-shopper-graz.at\/index.php?rest_route=\/wp\/v2\/types\/product"}],"wp:featuredmedia":[{"embeddable":true,"href":"https:\/\/personal-shopper-graz.at\/index.php?rest_route=\/wp\/v2\/media\/3272"}],"wp:attachment":[{"href":"https:\/\/personal-shopper-graz.at\/index.php?rest_route=%2Fwp%2Fv2%2Fmedia&parent=2931"}],"wp:term":[{"taxonomy":"product_brand","embeddable":true,"href":"https:\/\/personal-shopper-graz.at\/index.php?rest_route=%2Fwp%2Fv2%2Fproduct_brand&post=2931"},{"taxonomy":"product_cat","embeddable":true,"href":"https:\/\/personal-shopper-graz.at\/index.php?rest_route=%2Fwp%2Fv2%2Fproduct_cat&post=2931"},{"taxonomy":"product_tag","embeddable":true,"href":"https:\/\/personal-shopper-graz.at\/index.php?rest_route=%2Fwp%2Fv2%2Fproduct_tag&post=2931"}],"curies":[{"name":"wp","href":"https:\/\/api.w.org\/{rel}","templated":true}]}}