{"id":2952,"date":"2025-05-20T11:29:37","date_gmt":"2025-05-20T11:29:37","guid":{"rendered":"https:\/\/personal-shopper-graz.at\/?post_type=product&#038;p=2952"},"modified":"2025-12-06T21:17:41","modified_gmt":"2025-12-06T21:17:41","slug":"malu-wilz-silk-touch-compact-powder","status":"publish","type":"product","link":"https:\/\/personal-shopper-graz.at\/?product=malu-wilz-silk-touch-compact-powder","title":{"rendered":"Malu Wilz Silk Touch Compact Powder"},"content":{"rendered":"<div class=\"product--description\"><\/div>\n<div>Mit einem Pinsel oder Schw\u00e4mmchen gleichm\u00e4\u00dfig auf die Haut auftragen, um das Make-up zu fixieren und Glanz zu reduzieren. F\u00fcr mehr Deckkraft den Puder in mehreren Schichten auftragen.<\/div>\n<div><\/div>\n<div>Inhaltsstoffe:<\/div>\n<div><\/div>\n<div>MICA, SYNTHETIC FLUORPHLOGOPITE, OCTYLDODECYL STEAROYL STEARATE, ZEA MAYS (CORN) STARCH, ZINC STEARATE, DIISOSTEARYL MALATE, SILICA, CAPRYLYL GLYCOL, PENTYLENE GLYCOL, SODIUM DEHYDROACETATE, KAOLIN, TOCOPHERYL ACETATE, TIN OXIDE, [+\/- (MAY CONTAIN) CI 15850 (RED 7 LAKE), CI 15850 (RED 6), CI 19140 (YELLOW 5 LAKE), CI 73360 (RED 30 LAKE), CI 77007 (ULTRAMARINES), CI 77491 (IRON OXIDES), CI 77492 (IRON OXIDES), CI 77499 (IRON OXIDES), CI 77742 (MANGANESE VIOLET), CI 77891 (TITANIUM DIOXIDE)]<\/div>\n<div id=\"dpahahyoutubeVideoPipContainer\" class=\"youtubeVideoPipScaleup\" style=\"z-index: 1102; display: none;\"><\/div>\n","protected":false},"excerpt":{"rendered":"<div class=\"product--description\">\n<p>Der SILK TOUCH COMPACT POWDER sorgt f\u00fcr ein seidig-mattes Finish und fixiert das Make-up langanhaltend. Die ultrafeine Textur l\u00e4sst sich m\u00fchelos verblenden und bietet einen angenehmen Tragekomfort. Der Puder mattiert zuverl\u00e4ssig gl\u00e4nzende Stellen und sorgt f\u00fcr ein perfektes Finish, das den ganzen Tag h\u00e4lt.<\/p>\n<p>Mit leichter bis mittlerer Deckkraft, die individuell aufgebaut werden kann, bietet der Puder ein makelloses Aussehen. Vitamin E sch\u00fctzt vor \u00e4u\u00dferen Umwelteinfl\u00fcssen, w\u00e4hrend Kieselerde und Maisst\u00e4rke die Talgproduktion regulieren und f\u00fcr ein langanhaltend mattiertes Ergebnis sorgen. Die wischfeste, schwerelose Formel f\u00fchlt sich angenehm auf der Haut an und hinterl\u00e4sst keinen maskenhaften Effekt.<\/p>\n<p>Der SILK TOUCH COMPACT POWDER ist nachf\u00fcllbar und erm\u00f6glicht eine nachhaltige Anwendung, sodass der Lieblingspuder jederzeit wieder aufgef\u00fcllt werden kann.<\/p>\n<\/div>\n","protected":false},"featured_media":3270,"template":"","meta":{"_kad_post_transparent":"","_kad_post_title":"","_kad_post_layout":"","_kad_post_sidebar_id":"","_kad_post_content_style":"","_kad_post_vertical_padding":"","_kad_post_feature":"","_kad_post_feature_position":"","_kad_post_header":false,"_kad_post_footer":false,"_kad_post_classname":""},"product_brand":[],"product_cat":[26,44,18],"product_tag":[39],"class_list":{"0":"post-2952","1":"product","2":"type-product","3":"status-publish","4":"has-post-thumbnail","6":"product_cat-make-up","7":"product_cat-malu-wilz","8":"product_cat-powder","9":"product_tag-make-up","11":"first","12":"instock","13":"shipping-taxable","14":"purchasable","15":"product-type-variable","16":"entry","17":"content-bg","18":"loop-entry"},"_links":{"self":[{"href":"https:\/\/personal-shopper-graz.at\/index.php?rest_route=\/wp\/v2\/product\/2952","targetHints":{"allow":["GET"]}}],"collection":[{"href":"https:\/\/personal-shopper-graz.at\/index.php?rest_route=\/wp\/v2\/product"}],"about":[{"href":"https:\/\/personal-shopper-graz.at\/index.php?rest_route=\/wp\/v2\/types\/product"}],"wp:featuredmedia":[{"embeddable":true,"href":"https:\/\/personal-shopper-graz.at\/index.php?rest_route=\/wp\/v2\/media\/3270"}],"wp:attachment":[{"href":"https:\/\/personal-shopper-graz.at\/index.php?rest_route=%2Fwp%2Fv2%2Fmedia&parent=2952"}],"wp:term":[{"taxonomy":"product_brand","embeddable":true,"href":"https:\/\/personal-shopper-graz.at\/index.php?rest_route=%2Fwp%2Fv2%2Fproduct_brand&post=2952"},{"taxonomy":"product_cat","embeddable":true,"href":"https:\/\/personal-shopper-graz.at\/index.php?rest_route=%2Fwp%2Fv2%2Fproduct_cat&post=2952"},{"taxonomy":"product_tag","embeddable":true,"href":"https:\/\/personal-shopper-graz.at\/index.php?rest_route=%2Fwp%2Fv2%2Fproduct_tag&post=2952"}],"curies":[{"name":"wp","href":"https:\/\/api.w.org\/{rel}","templated":true}]}}