{"id":2977,"date":"2025-05-20T13:05:36","date_gmt":"2025-05-20T13:05:36","guid":{"rendered":"https:\/\/personal-shopper-graz.at\/?post_type=product&#038;p=2977"},"modified":"2025-12-19T13:15:58","modified_gmt":"2025-12-19T13:15:58","slug":"malu-wilz-luxury-lip-serum","status":"publish","type":"product","link":"https:\/\/personal-shopper-graz.at\/?product=malu-wilz-luxury-lip-serum","title":{"rendered":"Malu Wilz Luxury Lip Serum"},"content":{"rendered":"<div>\n<div>\n<div class=\"product--description\"><\/div>\n<\/div>\n<div>F\u00fcr den besten Effekt eine kleine Menge des LUXURY LIP SERUM mit dem praktischen Flockapplikator auf die Mitte der Ober- und Unterlippe auftragen. Anschlie\u00dfend das Serum sanft mit der Spitze des Applikators verteilen. Wer zus\u00e4tzlich mehr Farbe und Glanz m\u00f6chte, kann das Serum auch \u00fcber den MALU WILZ CLASSIC LIPSTICK tragen. Die feuchtigkeitsspendende, aufpolsternde Formel sorgt f\u00fcr langanhaltenden Komfort und ein glossiges Finish, das die Lippen optisch voller und geschmeidiger erscheinen l\u00e4sst.<\/div>\n<div>Inhaltsstoffe:<\/div>\n<div>HYDROGENATED POLYISOBUTENE, TRIMETHYLOLPROPANE TRIISOSTEARATE,POLYBUTENE, DIISOSTEARYL MALATE, SILICA SILYLATE, HYDROGENATED STYRENE\/ISOPRENECOPOLYMER, CAPRYLIC\/CAPRIC TRIGLYCERIDE, CALCIUM SODIUM BOROSILICATE, DICALCIUMPHOSPHATE, MICA, PENTAERYTHRITYL TETRA-DI-T-BUTYL HYDROXYHYDROCINNAMATE,AROMA (FLAVOR), CALCIUM ALUMINUM BOROSILICATE, SILICA, GERANIOL, CITRONELLOL, TINOXIDE, TOCOPHEROL, ROSA HYBRID FLOWER EXTRACT, RUBUS IDAEUS (RASPBERRY) LEAFEXTRACT, VITIS VINIFERA (GRAPE) FRUIT EXTRACT, CALCIUM TITANIUM BOROSILICATE,ALUMINA, SYNTHETIC FLUORPHLOGOPITE, [+\/- (MAY CONTAIN) CI 15850 (RED 7 LAKE), CI 15850 (RED 6), CI 19140 (YELLOW 5 LAKE), CI 42090 (BLUE 1 LAKE), CI 45410 (RED 28 LAKE), CI 77491(IRON OXIDES), CI 77492 (IRON OXIDES), CI 77891 (TITANIUM DIOXIDE)]<\/div>\n<\/div>\n<div>\n<div>\n<div class=\"product--description\"><\/div>\n<\/div>\n<div><\/div>\n<\/div>\n<div id=\"dpahahyoutubeVideoPipContainer\" class=\"youtubeVideoPipScaleup\" style=\"z-index: 1102; display: none;\"><\/div>\n","protected":false},"excerpt":{"rendered":"<div>\n<div class=\"product--description\">\n<div>\n<div class=\"product--description\">\n<p>Das LUXURY LIP SERUM ist eine luxuri\u00f6se Lippenpflege, die intensiv pflegt und gleichzeitig einen sichtbaren Aufpolsterungseffekt erzielt. Mit einer innovativen Formulierung, die wertvolle Stammzellen der Teerose und Himbeerstammzellen enth\u00e4lt, wirkt das Serum tiefenwirksam und unterst\u00fctzt die Produktion von Hyalurons\u00e4ure und Ceramiden in der Lippenhaut. Die leichte, cremige Textur versorgt die Lippen sofort mit Feuchtigkeit, gl\u00e4ttet sie und hinterl\u00e4sst ein geschmeidiges Gef\u00fchl. Durch den Anti-Aging-Effekt von Vita Rose wird die Hautelastizit\u00e4t erh\u00f6ht und die Lippen wirken sichtbar straffer. Der Berryflux Vita-Komplex aus Himbeerstammzellen bek\u00e4mpft Falten und bewahrt die Feuchtigkeit der Lippen. Erg\u00e4nzt wird die Pflege mit Vitis Vita, einem Traubenmarkextrakt, der zus\u00e4tzlich hydratisiert und einen antioxidativen Schutz bietet. Die resultierende Formulierung bildet eine sch\u00fctzende Feuchtigkeitsbarriere, die den Wasserverlust minimiert und den Lippen ein gl\u00e4nzendes Finish verleiht, das f\u00fcr mehr Volumen sorgt. Ein harmonisches Gleichgewicht aus Pflege und einem zarten Hauch von Farbe macht das LUXURY LIP SERUM zu einer unverzichtbaren Erg\u00e4nzung f\u00fcr geschmeidige, gepflegte Lippen.<\/p>\n<\/div>\n<div class=\"product--application-title content--title\"><\/div>\n<\/div>\n<\/div>\n<\/div>\n<div><\/div>\n<div id=\"dpahahyoutubeVideoPipContainer\" class=\"youtubeVideoPipScaleup\" style=\"z-index: 1102; display: none;\"><\/div>\n","protected":false},"featured_media":3267,"template":"","meta":{"_kad_post_transparent":"","_kad_post_title":"","_kad_post_layout":"","_kad_post_sidebar_id":"","_kad_post_content_style":"","_kad_post_vertical_padding":"","_kad_post_feature":"","_kad_post_feature_position":"","_kad_post_header":false,"_kad_post_footer":false,"_kad_post_classname":""},"product_brand":[],"product_cat":[20,44],"product_tag":[39],"class_list":{"0":"post-2977","1":"product","2":"type-product","3":"status-publish","4":"has-post-thumbnail","6":"product_cat-lippen","7":"product_cat-malu-wilz","8":"product_tag-make-up","10":"first","11":"instock","12":"shipping-taxable","13":"purchasable","14":"product-type-simple","15":"entry","16":"content-bg","17":"loop-entry"},"_links":{"self":[{"href":"https:\/\/personal-shopper-graz.at\/index.php?rest_route=\/wp\/v2\/product\/2977","targetHints":{"allow":["GET"]}}],"collection":[{"href":"https:\/\/personal-shopper-graz.at\/index.php?rest_route=\/wp\/v2\/product"}],"about":[{"href":"https:\/\/personal-shopper-graz.at\/index.php?rest_route=\/wp\/v2\/types\/product"}],"wp:featuredmedia":[{"embeddable":true,"href":"https:\/\/personal-shopper-graz.at\/index.php?rest_route=\/wp\/v2\/media\/3267"}],"wp:attachment":[{"href":"https:\/\/personal-shopper-graz.at\/index.php?rest_route=%2Fwp%2Fv2%2Fmedia&parent=2977"}],"wp:term":[{"taxonomy":"product_brand","embeddable":true,"href":"https:\/\/personal-shopper-graz.at\/index.php?rest_route=%2Fwp%2Fv2%2Fproduct_brand&post=2977"},{"taxonomy":"product_cat","embeddable":true,"href":"https:\/\/personal-shopper-graz.at\/index.php?rest_route=%2Fwp%2Fv2%2Fproduct_cat&post=2977"},{"taxonomy":"product_tag","embeddable":true,"href":"https:\/\/personal-shopper-graz.at\/index.php?rest_route=%2Fwp%2Fv2%2Fproduct_tag&post=2977"}],"curies":[{"name":"wp","href":"https:\/\/api.w.org\/{rel}","templated":true}]}}