{"id":3084,"date":"2025-08-19T06:38:42","date_gmt":"2025-08-19T06:38:42","guid":{"rendered":"https:\/\/personal-shopper-graz.at\/?post_type=product&#038;p=3084"},"modified":"2026-03-31T10:19:06","modified_gmt":"2026-03-31T10:19:06","slug":"malu-wilz-soft-eye-styler","status":"publish","type":"product","link":"https:\/\/personal-shopper-graz.at\/?product=malu-wilz-soft-eye-styler","title":{"rendered":"Malu Wilz Soft Eye Styler"},"content":{"rendered":"<div>\n<div>Sanfter Augenkonturstift mit pflegenden Mineralien f\u00fcr ein pr\u00e4zises Augen-Make up. Die cremig weiche Textur sorgt f\u00fcr ein angenehmes Tragegef\u00fchl. Dank der praktischen Griffmulde mit rutschfestem Gummibesatz und der schmalen Minenform wird eine optimale Linienf\u00fchrung erm\u00f6glicht. Die Soft Eye Styler \u00fcberzeugen mit hoher Farbabgabe, sind langanhaltend, wischfest und auch f\u00fcr empfindliche Augen geeignet.<\/div>\n<\/div>\n<div id=\"dpahahyoutubeVideoPipContainer\" class=\"youtubeVideoPipScaleup\" style=\"z-index: 1102; display: none;\"><\/div>\n","protected":false},"excerpt":{"rendered":"<div id=\"dpahahyoutubeVideoPipContainer\" class=\"youtubeVideoPipScaleup\">\n<div class=\"product--description\"><\/div>\n<div class=\"product--application-title content--title\"><\/div>\n<p>.<\/p>\n<\/div>\n<div id=\"dpahahyoutubeVideoPipContainer\" class=\"youtubeVideoPipScaleup\" style=\"z-index: 1102;\"><\/div>\n","protected":false},"featured_media":3260,"template":"","meta":{"_kad_post_transparent":"default","_kad_post_title":"","_kad_post_layout":"default","_kad_post_sidebar_id":"","_kad_post_content_style":"default","_kad_post_vertical_padding":"default","_kad_post_feature":"","_kad_post_feature_position":"","_kad_post_header":false,"_kad_post_footer":false,"_kad_post_classname":""},"product_brand":[],"product_cat":[19,44],"product_tag":[39],"class_list":{"0":"post-3084","1":"product","2":"type-product","3":"status-publish","4":"has-post-thumbnail","6":"product_cat-augen-make-up","7":"product_cat-malu-wilz","8":"product_tag-make-up","10":"first","11":"instock","12":"sale","13":"shipping-taxable","14":"purchasable","15":"product-type-variable","16":"entry","17":"content-bg","18":"loop-entry"},"_links":{"self":[{"href":"https:\/\/personal-shopper-graz.at\/index.php?rest_route=\/wp\/v2\/product\/3084","targetHints":{"allow":["GET"]}}],"collection":[{"href":"https:\/\/personal-shopper-graz.at\/index.php?rest_route=\/wp\/v2\/product"}],"about":[{"href":"https:\/\/personal-shopper-graz.at\/index.php?rest_route=\/wp\/v2\/types\/product"}],"wp:featuredmedia":[{"embeddable":true,"href":"https:\/\/personal-shopper-graz.at\/index.php?rest_route=\/wp\/v2\/media\/3260"}],"wp:attachment":[{"href":"https:\/\/personal-shopper-graz.at\/index.php?rest_route=%2Fwp%2Fv2%2Fmedia&parent=3084"}],"wp:term":[{"taxonomy":"product_brand","embeddable":true,"href":"https:\/\/personal-shopper-graz.at\/index.php?rest_route=%2Fwp%2Fv2%2Fproduct_brand&post=3084"},{"taxonomy":"product_cat","embeddable":true,"href":"https:\/\/personal-shopper-graz.at\/index.php?rest_route=%2Fwp%2Fv2%2Fproduct_cat&post=3084"},{"taxonomy":"product_tag","embeddable":true,"href":"https:\/\/personal-shopper-graz.at\/index.php?rest_route=%2Fwp%2Fv2%2Fproduct_tag&post=3084"}],"curies":[{"name":"wp","href":"https:\/\/api.w.org\/{rel}","templated":true}]}}