{"id":3146,"date":"2025-09-09T10:09:11","date_gmt":"2025-09-09T10:09:11","guid":{"rendered":"https:\/\/personal-shopper-graz.at\/?post_type=product&#038;p=3146"},"modified":"2026-01-08T15:25:32","modified_gmt":"2026-01-08T15:25:32","slug":"malu-wilz-super-precision-eyebrow-liner","status":"publish","type":"product","link":"https:\/\/personal-shopper-graz.at\/?product=malu-wilz-super-precision-eyebrow-liner","title":{"rendered":"Malu Wilz Super Precision Eyebrow Liner"},"content":{"rendered":"<p>Ideal geeignet, um die Augenbrauen auszuf\u00fcllen und zu konturieren. Durch die integrierte B\u00fcrste lassen sich die Augenbrauenhaare in Form k\u00e4mmen und anschlie\u00dfend korrigieren. Erzeugt sehr weiche Linien mit einer intensiven Farbabgabe wodurch die Augenbrauen optisch verdichtet wirken und L\u00fccken aufgef\u00fcllt werden. Das 2-in-1-Produkt bietet pr\u00e4zises Auftragen, ein B\u00fcrstchen zum Formen und Styling sowie pflegendes Candelillawachs f\u00fcr die Brauen.<\/p>\n","protected":false},"excerpt":{"rendered":"<p><i>Augenbrauenstift mit integriertem B\u00fcrstchen<\/i><\/p>\n","protected":false},"featured_media":1536,"template":"","meta":{"_kad_post_transparent":"","_kad_post_title":"","_kad_post_layout":"","_kad_post_sidebar_id":"","_kad_post_content_style":"","_kad_post_vertical_padding":"","_kad_post_feature":"","_kad_post_feature_position":"","_kad_post_header":false,"_kad_post_footer":false,"_kad_post_classname":""},"product_brand":[],"product_cat":[19],"product_tag":[],"class_list":{"0":"post-3146","1":"product","2":"type-product","3":"status-publish","4":"has-post-thumbnail","6":"product_cat-augen-make-up","8":"first","9":"instock","10":"sale","11":"shipping-taxable","12":"purchasable","13":"product-type-variable","14":"entry","15":"content-bg","16":"loop-entry"},"_links":{"self":[{"href":"https:\/\/personal-shopper-graz.at\/index.php?rest_route=\/wp\/v2\/product\/3146","targetHints":{"allow":["GET"]}}],"collection":[{"href":"https:\/\/personal-shopper-graz.at\/index.php?rest_route=\/wp\/v2\/product"}],"about":[{"href":"https:\/\/personal-shopper-graz.at\/index.php?rest_route=\/wp\/v2\/types\/product"}],"wp:featuredmedia":[{"embeddable":true,"href":"https:\/\/personal-shopper-graz.at\/index.php?rest_route=\/wp\/v2\/media\/1536"}],"wp:attachment":[{"href":"https:\/\/personal-shopper-graz.at\/index.php?rest_route=%2Fwp%2Fv2%2Fmedia&parent=3146"}],"wp:term":[{"taxonomy":"product_brand","embeddable":true,"href":"https:\/\/personal-shopper-graz.at\/index.php?rest_route=%2Fwp%2Fv2%2Fproduct_brand&post=3146"},{"taxonomy":"product_cat","embeddable":true,"href":"https:\/\/personal-shopper-graz.at\/index.php?rest_route=%2Fwp%2Fv2%2Fproduct_cat&post=3146"},{"taxonomy":"product_tag","embeddable":true,"href":"https:\/\/personal-shopper-graz.at\/index.php?rest_route=%2Fwp%2Fv2%2Fproduct_tag&post=3146"}],"curies":[{"name":"wp","href":"https:\/\/api.w.org\/{rel}","templated":true}]}}