{"id":3337,"date":"2025-12-11T15:04:10","date_gmt":"2025-12-11T15:04:10","guid":{"rendered":"https:\/\/personal-shopper-graz.at\/?post_type=product&#038;p=3337"},"modified":"2025-12-19T13:16:54","modified_gmt":"2025-12-19T13:16:54","slug":"malu-wilz-protect-radiant-light-foundation","status":"publish","type":"product","link":"https:\/\/personal-shopper-graz.at\/?product=malu-wilz-protect-radiant-light-foundation","title":{"rendered":"Malu Wilz Protect RADIANT LIGHT FOUNDATION"},"content":{"rendered":"<div class=\"product--description\"><\/div>\n<p>Vor der Anwendung einmal gut sch\u00fctteln, damit die Pigmente sich gleichm\u00e4\u00dfig entfalten. Textur mit Hilfe eines Foundation Pinsel auf die gereinigte Haut auftragen. Anschlie\u00dfend eine kleine Menge sorgf\u00e4ltig von der Gesichtsmitte aus nach au\u00dfen hin verblenden und gleichm\u00e4\u00dfig verteilen. Besonders im Bereich des Halses, der Ohren sowie am Haaransatz auf ein sauberes Verblenden achten.<\/p>\n<p>&nbsp;<\/p>\n<p>Inhaltsstoffe:<\/p>\n<p>AQUA (WATER), C9-12 ALKANE, GLYCERIN, COCO-CAPRYLATE\/CAPRATE, PROPANEDIOL, SQUALANE, PENTYLENE GLYCOL, DISTEARDIMONIUM HECTORITE, POLYGLYCERYL-3 POLYRICINOLEATE, SORBITAN ISOSTEARATE, ETHYL OLEATE, ETHYL STEARATE, SIMMONDSIA CHINENSIS (JOJOBA) SEED OIL, GLYCERYL CAPRYLATE\/CAPRATE, ALUMINUM HYDROXIDE, BUTYROSPERMUM PARKII (SHEA) BUTTER UNSAPONIFIABLES, ETHYL LINOLEATE, XANTHAN GUM, ETHYL PALMITATE, AVENA SATIVA (OAT) KERNEL OIL, SODIUM LAUROYL GLUTAMATE, BACILLUS FERMENT, LYSINE, MAGNESIUM CHLORIDE, GLUCOSE, TOCOPHEROL, HYDROLYZED PEA PROTEIN, SODIUM CHLORIDE, SODIUM SUCCINATE, CITRIC ACID, [+\/- (MAY CONTAIN) CI 77491 (IRON OXIDES), CI 77492 (IRON OXIDES), CI 77499 (IRON OXIDES), CI 77891 (TITANIUM DIOXIDE)]<\/p>\n<div id=\"dpahahyoutubeVideoPipContainer\" class=\"youtubeVideoPipScaleup\" style=\"z-index: 1102; display: none;\"><\/div>\n","protected":false},"excerpt":{"rendered":"<p>Die RADIANT LIGHT FOUNDATION verschmilzt mit ihrer seidigen Textur perfekt mit der Haut und verleiht dem Teint ein strahlendes, nat\u00fcrliches Finish. Die atmungsaktive Formel bietet eine leichte bis mittlere Deckkraft, die f\u00fcr ein gleichm\u00e4\u00dfiges Ergebnis sorgt \u2013 ideal f\u00fcr normale, trockene und sensible Haut! Der Inhaltsstoff Lumesens sch\u00fctzt unsere Haut vor blauem Licht, welches durch die Nutzung von digitalen Technologien entsteht und unsere Haut schneller altern l\u00e4sst.<\/p>\n","protected":false},"featured_media":3342,"template":"","meta":{"_kad_post_transparent":"","_kad_post_title":"","_kad_post_layout":"","_kad_post_sidebar_id":"","_kad_post_content_style":"","_kad_post_vertical_padding":"","_kad_post_feature":"","_kad_post_feature_position":"","_kad_post_header":false,"_kad_post_footer":false,"_kad_post_classname":""},"product_brand":[],"product_cat":[26,44,18],"product_tag":[39],"class_list":{"0":"post-3337","1":"product","2":"type-product","3":"status-publish","4":"has-post-thumbnail","6":"product_cat-make-up","7":"product_cat-malu-wilz","8":"product_cat-powder","9":"product_tag-make-up","11":"first","12":"instock","13":"shipping-taxable","14":"purchasable","15":"product-type-variable","16":"entry","17":"content-bg","18":"loop-entry"},"_links":{"self":[{"href":"https:\/\/personal-shopper-graz.at\/index.php?rest_route=\/wp\/v2\/product\/3337","targetHints":{"allow":["GET"]}}],"collection":[{"href":"https:\/\/personal-shopper-graz.at\/index.php?rest_route=\/wp\/v2\/product"}],"about":[{"href":"https:\/\/personal-shopper-graz.at\/index.php?rest_route=\/wp\/v2\/types\/product"}],"wp:featuredmedia":[{"embeddable":true,"href":"https:\/\/personal-shopper-graz.at\/index.php?rest_route=\/wp\/v2\/media\/3342"}],"wp:attachment":[{"href":"https:\/\/personal-shopper-graz.at\/index.php?rest_route=%2Fwp%2Fv2%2Fmedia&parent=3337"}],"wp:term":[{"taxonomy":"product_brand","embeddable":true,"href":"https:\/\/personal-shopper-graz.at\/index.php?rest_route=%2Fwp%2Fv2%2Fproduct_brand&post=3337"},{"taxonomy":"product_cat","embeddable":true,"href":"https:\/\/personal-shopper-graz.at\/index.php?rest_route=%2Fwp%2Fv2%2Fproduct_cat&post=3337"},{"taxonomy":"product_tag","embeddable":true,"href":"https:\/\/personal-shopper-graz.at\/index.php?rest_route=%2Fwp%2Fv2%2Fproduct_tag&post=3337"}],"curies":[{"name":"wp","href":"https:\/\/api.w.org\/{rel}","templated":true}]}}