{"id":3408,"date":"2026-01-08T12:41:51","date_gmt":"2026-01-08T12:41:51","guid":{"rendered":"https:\/\/personal-shopper-graz.at\/?post_type=product&#038;p=3408"},"modified":"2026-01-08T12:46:06","modified_gmt":"2026-01-08T12:46:06","slug":"malu-wilz-contouring-powder-fb-10","status":"publish","type":"product","link":"https:\/\/personal-shopper-graz.at\/?product=malu-wilz-contouring-powder-fb-10","title":{"rendered":"Malu Wilz Contouring Powder FB.10"},"content":{"rendered":"<div class=\"product--description\"><\/div>\n<div>\n<div class=\"product--anaesthetic-title content--title\"><strong>Wirkstoffe<\/strong><\/div>\n<div class=\"product--anaesthetic-text\">Parf\u00fcmfrei, Parabenfrei.<br \/>\nINCI:<br \/>\nINGREDIENTS: TALC, ALUMINUM STARCH OCTENYLSUCCINATE, OCTYLDODECYL STEAROYL STEARATE, LAUROYL LYSINE, NYLON-12, BIS-DIGLYCERYL POLYACYLADIPATE-2, COCO-CAPRYLATE, UNDECYLENOYL GLYCINE, SODIUM DEHYDROACETATE, CAPRYLOYL GLYCINE, TOCOPHEROL, [+\/- (MAY CONTAIN) CI 12085 (RED 36), CI 73360 (RED 30), CI 77491 (IRON OXIDES), CI 77492 (IRON OXIDES), CI 77499 (IRON OXIDES), CI 77742 (MANGANESE VIOLET)]<\/div>\n<\/div>\n<div id=\"dpahahyoutubeVideoPipContainer\" class=\"youtubeVideoPipScaleup\" style=\"z-index: 1102; display: none;\"><\/div>\n","protected":false},"excerpt":{"rendered":"<p>Matte Textur zum perfekten Konturieren der Gesichtsz\u00fcge. Der Contouring Powder l\u00e4sst sich einfach auftragen und verblenden. Durch zarte Schattierungen k\u00f6nnen kleine Makel in den Hintergrund ger\u00fcckt werden (z.B. breitere Nase optisch kleiner schminken). Die seidige Textur l\u00e4sst sich optimal mit der Haut verblenden. Der Puder schenkt ein angenehmes Tragegef\u00fchl mit einem sehr nat\u00fcrlichen Finish. Der Puder hat eine gute Haltbarkeit. Hautvertr\u00e4glichkeit dermatologisch best\u00e4tigt.<\/p>\n","protected":false},"featured_media":3409,"template":"","meta":{"_kad_post_transparent":"","_kad_post_title":"","_kad_post_layout":"","_kad_post_sidebar_id":"","_kad_post_content_style":"","_kad_post_vertical_padding":"","_kad_post_feature":"","_kad_post_feature_position":"","_kad_post_header":false,"_kad_post_footer":false,"_kad_post_classname":""},"product_brand":[],"product_cat":[26,44,18],"product_tag":[39],"class_list":{"0":"post-3408","1":"product","2":"type-product","3":"status-publish","4":"has-post-thumbnail","6":"product_cat-make-up","7":"product_cat-malu-wilz","8":"product_cat-powder","9":"product_tag-make-up","11":"first","12":"instock","13":"shipping-taxable","14":"purchasable","15":"product-type-simple","16":"entry","17":"content-bg","18":"loop-entry"},"_links":{"self":[{"href":"https:\/\/personal-shopper-graz.at\/index.php?rest_route=\/wp\/v2\/product\/3408","targetHints":{"allow":["GET"]}}],"collection":[{"href":"https:\/\/personal-shopper-graz.at\/index.php?rest_route=\/wp\/v2\/product"}],"about":[{"href":"https:\/\/personal-shopper-graz.at\/index.php?rest_route=\/wp\/v2\/types\/product"}],"wp:featuredmedia":[{"embeddable":true,"href":"https:\/\/personal-shopper-graz.at\/index.php?rest_route=\/wp\/v2\/media\/3409"}],"wp:attachment":[{"href":"https:\/\/personal-shopper-graz.at\/index.php?rest_route=%2Fwp%2Fv2%2Fmedia&parent=3408"}],"wp:term":[{"taxonomy":"product_brand","embeddable":true,"href":"https:\/\/personal-shopper-graz.at\/index.php?rest_route=%2Fwp%2Fv2%2Fproduct_brand&post=3408"},{"taxonomy":"product_cat","embeddable":true,"href":"https:\/\/personal-shopper-graz.at\/index.php?rest_route=%2Fwp%2Fv2%2Fproduct_cat&post=3408"},{"taxonomy":"product_tag","embeddable":true,"href":"https:\/\/personal-shopper-graz.at\/index.php?rest_route=%2Fwp%2Fv2%2Fproduct_tag&post=3408"}],"curies":[{"name":"wp","href":"https:\/\/api.w.org\/{rel}","templated":true}]}}