{"id":3418,"date":"2026-01-08T13:57:33","date_gmt":"2026-01-08T13:57:33","guid":{"rendered":"https:\/\/personal-shopper-graz.at\/?post_type=product&#038;p=3418"},"modified":"2026-01-08T14:02:48","modified_gmt":"2026-01-08T14:02:48","slug":"malu-wilz-long-lasting-concelar-fb-6","status":"publish","type":"product","link":"https:\/\/personal-shopper-graz.at\/?product=malu-wilz-long-lasting-concelar-fb-6","title":{"rendered":"Malu Wilz Long-Lasting Concelar Fb.6"},"content":{"rendered":"<div>\n<div class=\"row\">\n<div class=\"col-12\">\n<div class=\"description-item\">\n<p>Mit dem Flockapplikator auf Augenringe, Linien und Unregelm\u00e4\u00dfigkeiten auftragen und mit den Fingerspitzen oder dem MALU WILZ Concealer Brush ausblenden.<\/p>\n<p>Inhaltsstoffe:<\/p>\n<p class=\"\" data-changevarupdatevalue=\"ingredients\">AQUA (WATER), CYCLOPENTASILOXANE, TALC, BUTYLENE GLYCOL, CETYL PEG\/PPG-10\/1 DIMETHICONE, GLYCERYL ETHYLHEXANOATE\/STEARATE\/ADIPATE, ISONONYL ISONONANOATE, POLYGLYCERYL-4 ISOSTEARATE, GLYCERIN, TRIMETHYLSILOXYSILICATE, KAOLIN, DISTEARDIMONIUM HECTORITE, PHENOXYETHANOL, SODIUM DEHYDROACETATE, TOCOPHERYL ACETATE, HYDROGEN DIMETHICONE, PROPYLENE GLYCOL, METHYLPARABEN, SILICA, SODIUM CHLORIDE, XANTHAN GUM, ETHYLPARABEN, DISODIUM EDTA, PROPYLPARABEN, DIPOTASSIUM GLYCYRRHIZATE, HESPERIDIN METHYL CHALCONE, PARFUM (FRAGRANCE), CARBOMER, SODIUM HYALURONATE, STEARETH-20, POLYSORBATE 20, PALMITOYL PENTAPEPTIDE-4, DIPEPTIDE-2, PALMITOYL TETRAPEPTIDE-7, [+\/- (MAY CONTAIN) CI 77491 (IRON OXIDES), CI 77492 (IRON OXIDES), CI 77499 (IRON OXIDES), CI 77891 (TITANIUM DIOXIDE)]<\/p>\n<p>&nbsp;<\/p>\n<p>&nbsp;<\/p>\n<p>&nbsp;<\/p>\n<p>&nbsp;<\/p>\n<\/div>\n<\/div>\n<\/div>\n<div class=\"inhoud\"><\/div>\n<\/div>\n","protected":false},"excerpt":{"rendered":"<p>Langanhaltender Concealer f\u00fcr ein wisch und wasserfestes Finish. Die Textur zeichnet sich durch Wisch und Wasserfestigkeit aus und kaschiert so zuverl\u00e4ssig Augenringe, Linien und F\u00e4ltchen. Der Concealer wird somit zum perfekten Begleiter im Sommer\/zur hei\u00dfen Jahreszeit Lichtreflektierende Mikro Pigmente sorgen f\u00fcr einen ausgeglichenen Farbton der Haut. Die optimal kaschierende Textur zaubert ein deckendes, aber zugleich nat\u00fcrliches Finish Soft Focus Pigmente streuen den Lichteinfall und lassen den Teint frisch und ebenm\u00e4\u00dfig wirken Spezielle Inhaltsstoffe bewahren die Haut vor unerw\u00fcnschtem Glanz ohne Auszutrocknen.<\/p>\n","protected":false},"featured_media":3419,"template":"","meta":{"_kad_post_transparent":"","_kad_post_title":"","_kad_post_layout":"","_kad_post_sidebar_id":"","_kad_post_content_style":"","_kad_post_vertical_padding":"","_kad_post_feature":"","_kad_post_feature_position":"","_kad_post_header":false,"_kad_post_footer":false,"_kad_post_classname":""},"product_brand":[],"product_cat":[26,44],"product_tag":[39],"class_list":{"0":"post-3418","1":"product","2":"type-product","3":"status-publish","4":"has-post-thumbnail","6":"product_cat-make-up","7":"product_cat-malu-wilz","8":"product_tag-make-up","10":"first","11":"instock","12":"shipping-taxable","13":"purchasable","14":"product-type-simple","15":"entry","16":"content-bg","17":"loop-entry"},"_links":{"self":[{"href":"https:\/\/personal-shopper-graz.at\/index.php?rest_route=\/wp\/v2\/product\/3418","targetHints":{"allow":["GET"]}}],"collection":[{"href":"https:\/\/personal-shopper-graz.at\/index.php?rest_route=\/wp\/v2\/product"}],"about":[{"href":"https:\/\/personal-shopper-graz.at\/index.php?rest_route=\/wp\/v2\/types\/product"}],"wp:featuredmedia":[{"embeddable":true,"href":"https:\/\/personal-shopper-graz.at\/index.php?rest_route=\/wp\/v2\/media\/3419"}],"wp:attachment":[{"href":"https:\/\/personal-shopper-graz.at\/index.php?rest_route=%2Fwp%2Fv2%2Fmedia&parent=3418"}],"wp:term":[{"taxonomy":"product_brand","embeddable":true,"href":"https:\/\/personal-shopper-graz.at\/index.php?rest_route=%2Fwp%2Fv2%2Fproduct_brand&post=3418"},{"taxonomy":"product_cat","embeddable":true,"href":"https:\/\/personal-shopper-graz.at\/index.php?rest_route=%2Fwp%2Fv2%2Fproduct_cat&post=3418"},{"taxonomy":"product_tag","embeddable":true,"href":"https:\/\/personal-shopper-graz.at\/index.php?rest_route=%2Fwp%2Fv2%2Fproduct_tag&post=3418"}],"curies":[{"name":"wp","href":"https:\/\/api.w.org\/{rel}","templated":true}]}}