{"id":3448,"date":"2026-01-08T15:12:17","date_gmt":"2026-01-08T15:12:17","guid":{"rendered":"https:\/\/personal-shopper-graz.at\/?post_type=product&#038;p=3448"},"modified":"2026-02-27T13:08:14","modified_gmt":"2026-02-27T13:08:14","slug":"malu-wilz-longwear-eyeshadow-pen-fb-5","status":"publish","type":"product","link":"https:\/\/personal-shopper-graz.at\/?product=malu-wilz-longwear-eyeshadow-pen-fb-5","title":{"rendered":"Malu Wilz LONGWEAR EYESHADOW PEN FB.5"},"content":{"rendered":"<div>\n<div class=\"product--description\"><\/div>\n<\/div>\n<div>\n<div>Der wasserfeste, hochpigmentierte Lidschattenstift kann auf dem gesamten Augenlid als Lidschatten, als Highlighter, als Liner und ebenso auf der Wasserlinie getragen werden. Garantierter langanhaltender und sicherer Halt am Auge f\u00fcr bis zu 10 Stunden, ohne zu verschmieren oder sich in der Lidfalte abzusetzen, da er nach Auftrag innerhalb weniger Minuten absolut wischfest wird. Inklusive integriertem Spitzer am Stiftende \u2013 somit auch ideal f\u00fcr unterwegs.<\/div>\n<\/div>\n<div id=\"dpahahyoutubeVideoPipContainer\" class=\"youtubeVideoPipScaleup\" style=\"z-index: 1102; display: none;\"><\/div>\n","protected":false},"excerpt":{"rendered":"<div id=\"dpahahyoutubeVideoPipContainer\" class=\"youtubeVideoPipScaleup\"><\/div>\n<div id=\"dpahahyoutubeVideoPipContainer\" class=\"youtubeVideoPipScaleup\"><\/div>\n<div>\n<div class=\"neos-nodetypes-text\"><\/div>\n<\/div>\n<div>\n<div class=\"product--description\">Wasserfester Lidschatten in Stiftform. Hochpigmentierter, dennoch schwereloser Lidschattenstift kann auf dem gesamten Augenlid als Lidschatten, als Liner und ebenso auf der Wasserlinie getragen werden.Garantierter langanhaltender und sicherer Halt am Auge f\u00fcr bis zu 10 Stunden ohne zu verschmieren oder sich in der Lidfalte abzusetzen. Die zart cremige, geschmeidige Textur l\u00e4sst sich einfach verteilen.Inklusive integriertem Spitzer am Stiftende. Parfumfrei. Augenvertr\u00e4glichkeit \u00e4rztlich best\u00e4tigt.<\/div>\n<\/div>\n<div id=\"dpahahyoutubeVideoPipContainer\" class=\"youtubeVideoPipScaleup\" style=\"z-index: 1102;\"><\/div>\n","protected":false},"featured_media":3449,"template":"","meta":{"_kad_post_transparent":"","_kad_post_title":"","_kad_post_layout":"","_kad_post_sidebar_id":"","_kad_post_content_style":"","_kad_post_vertical_padding":"","_kad_post_feature":"","_kad_post_feature_position":"","_kad_post_header":false,"_kad_post_footer":false,"_kad_post_classname":""},"product_brand":[],"product_cat":[19,44],"product_tag":[39],"class_list":{"0":"post-3448","1":"product","2":"type-product","3":"status-publish","4":"has-post-thumbnail","6":"product_cat-augen-make-up","7":"product_cat-malu-wilz","8":"product_tag-make-up","10":"first","11":"outofstock","12":"shipping-taxable","13":"purchasable","14":"product-type-simple","15":"entry","16":"content-bg","17":"loop-entry"},"_links":{"self":[{"href":"https:\/\/personal-shopper-graz.at\/index.php?rest_route=\/wp\/v2\/product\/3448","targetHints":{"allow":["GET"]}}],"collection":[{"href":"https:\/\/personal-shopper-graz.at\/index.php?rest_route=\/wp\/v2\/product"}],"about":[{"href":"https:\/\/personal-shopper-graz.at\/index.php?rest_route=\/wp\/v2\/types\/product"}],"wp:featuredmedia":[{"embeddable":true,"href":"https:\/\/personal-shopper-graz.at\/index.php?rest_route=\/wp\/v2\/media\/3449"}],"wp:attachment":[{"href":"https:\/\/personal-shopper-graz.at\/index.php?rest_route=%2Fwp%2Fv2%2Fmedia&parent=3448"}],"wp:term":[{"taxonomy":"product_brand","embeddable":true,"href":"https:\/\/personal-shopper-graz.at\/index.php?rest_route=%2Fwp%2Fv2%2Fproduct_brand&post=3448"},{"taxonomy":"product_cat","embeddable":true,"href":"https:\/\/personal-shopper-graz.at\/index.php?rest_route=%2Fwp%2Fv2%2Fproduct_cat&post=3448"},{"taxonomy":"product_tag","embeddable":true,"href":"https:\/\/personal-shopper-graz.at\/index.php?rest_route=%2Fwp%2Fv2%2Fproduct_tag&post=3448"}],"curies":[{"name":"wp","href":"https:\/\/api.w.org\/{rel}","templated":true}]}}