{"id":3454,"date":"2026-01-08T15:33:48","date_gmt":"2026-01-08T15:33:48","guid":{"rendered":"https:\/\/personal-shopper-graz.at\/?post_type=product&#038;p=3454"},"modified":"2026-03-28T13:23:36","modified_gmt":"2026-03-28T13:23:36","slug":"malu-wilz-brow-control-gel","status":"publish","type":"product","link":"https:\/\/personal-shopper-graz.at\/?product=malu-wilz-brow-control-gel","title":{"rendered":"Malu Wilz Brow Control Gel"},"content":{"rendered":"<div class=\"product--description\">\n<div class=\"product--application-title content--title\">Anwendung<\/div>\n<div class=\"product--application-text\">Zun\u00e4chst die Brauen mit der integrierten B\u00fcrste in Form k\u00e4mmen. Anschlie\u00dfend das Gel mit sanften, nach oben gerichteten Bewegungen auftragen, um die H\u00e4rchen zu definieren und zu fixieren. Das Gel kurz trocknen lassen, um ein nat\u00fcrliches, langanhaltendes Finish zu erzielen. Es kann sowohl einzeln als auch \u00fcber einem Augenbrauenstift ver<\/div>\n<p>Inhaltstoffe:<\/p>\n<p>AQUA (WATER), BUTYLENE GLYCOL, PVP, GLYCERIN, ACRYLATES COPOLYMER, PANTHENOL, PHENOXYETHANOL, SODIUM HYDROXIDE<\/p>\n<\/div>\n<div class=\"product--application-title content--title\"><\/div>\n<div><\/div>\n<div id=\"dpahahyoutubeVideoPipContainer\" class=\"youtubeVideoPipScaleup\" style=\"z-index: 1102; display: none;\"><\/div>\n","protected":false},"excerpt":{"rendered":"<div class=\"product--description\">\n<p>Das BROW CONTROL GEL ist die perfekte L\u00f6sung f\u00fcr nat\u00fcrlich gestylte und fixierte Augenbrauen. Die schwerelose, schnelltrocknende Gel-Formel modelliert die Brauenhaare m\u00fchelos und sorgt f\u00fcr langanhaltenden Halt, ohne zu verkleben oder zu br\u00f6ckeln. Dank der innovativen Kunststoffb\u00fcrste lassen sich die H\u00e4rchen pr\u00e4zise k\u00e4mmen und in die gew\u00fcnschte Form bringen. Die Formel ist mit Panthenol angereichert, das die Brauen pflegt und Feuchtigkeit bewahrt. Das Gel kann alleine f\u00fcr einen dezenten Look oder als letzter Schritt \u00fcber einem Augenbrauenstift verwendet werden, um Farbe und Form zu perfektionieren. Es ist in einer transparenten sowie in get\u00f6nten Varianten erh\u00e4ltlich, um verschiedene Brauenfarben optimal zu erg\u00e4nzen.<\/p>\n<\/div>\n<div class=\"product--application-title content--title\"><\/div>\n","protected":false},"featured_media":3457,"template":"","meta":{"_kad_post_transparent":"","_kad_post_title":"","_kad_post_layout":"","_kad_post_sidebar_id":"","_kad_post_content_style":"","_kad_post_vertical_padding":"","_kad_post_feature":"","_kad_post_feature_position":"","_kad_post_header":false,"_kad_post_footer":false,"_kad_post_classname":""},"product_brand":[],"product_cat":[19,44],"product_tag":[],"class_list":{"0":"post-3454","1":"product","2":"type-product","3":"status-publish","4":"has-post-thumbnail","6":"product_cat-augen-make-up","7":"product_cat-malu-wilz","9":"first","10":"instock","11":"shipping-taxable","12":"purchasable","13":"product-type-variable","14":"entry","15":"content-bg","16":"loop-entry"},"_links":{"self":[{"href":"https:\/\/personal-shopper-graz.at\/index.php?rest_route=\/wp\/v2\/product\/3454","targetHints":{"allow":["GET"]}}],"collection":[{"href":"https:\/\/personal-shopper-graz.at\/index.php?rest_route=\/wp\/v2\/product"}],"about":[{"href":"https:\/\/personal-shopper-graz.at\/index.php?rest_route=\/wp\/v2\/types\/product"}],"wp:featuredmedia":[{"embeddable":true,"href":"https:\/\/personal-shopper-graz.at\/index.php?rest_route=\/wp\/v2\/media\/3457"}],"wp:attachment":[{"href":"https:\/\/personal-shopper-graz.at\/index.php?rest_route=%2Fwp%2Fv2%2Fmedia&parent=3454"}],"wp:term":[{"taxonomy":"product_brand","embeddable":true,"href":"https:\/\/personal-shopper-graz.at\/index.php?rest_route=%2Fwp%2Fv2%2Fproduct_brand&post=3454"},{"taxonomy":"product_cat","embeddable":true,"href":"https:\/\/personal-shopper-graz.at\/index.php?rest_route=%2Fwp%2Fv2%2Fproduct_cat&post=3454"},{"taxonomy":"product_tag","embeddable":true,"href":"https:\/\/personal-shopper-graz.at\/index.php?rest_route=%2Fwp%2Fv2%2Fproduct_tag&post=3454"}],"curies":[{"name":"wp","href":"https:\/\/api.w.org\/{rel}","templated":true}]}}