{"id":670,"date":"2020-04-28T13:48:20","date_gmt":"2020-04-28T13:48:20","guid":{"rendered":"https:\/\/personal-shopper-graz.at\/?post_type=product&#038;p=670"},"modified":"2026-02-04T14:37:32","modified_gmt":"2026-02-04T14:37:32","slug":"flawless-lift-foundation","status":"publish","type":"product","link":"https:\/\/personal-shopper-graz.at\/?product=flawless-lift-foundation","title":{"rendered":"Malu Wilz Natural Finish Foundation"},"content":{"rendered":"<h4>Die fl\u00fcssige\u00a0 Foundation verleiht ein nat\u00fcrliches Finish. Die samtig weiche Textur verschmilzt mit der Haut und schafft einen ebenm\u00e4\u00dfigen, strahlenden Teint. Wertvolle Mineralien wie Tourmalin und Mica verst\u00e4rken optisch die Ausstrahlung der Haut. Die cremige Textur sorgt f\u00fcr ein komfortables Tragegef\u00fchl den ganzen Tag lang. Kleine Unebenheiten wie feine Linien und F\u00e4ltchen wirken optisch kaschiert. Die Allround-Foundation ist f\u00fcr jeden Hauttyp geeignet. Die leichte bis mittlere Deckkraft kann durch wiederholte Applikation noch verst\u00e4rkt werden. Der praktische Pumpspender erm\u00f6glicht eine einfache Dosierung. Parf\u00fcmfrei. Talkfrei. Lanolinfrei. In sechs Farben erh\u00e4ltlich.<\/h4>\n","protected":false},"excerpt":{"rendered":"<div id=\"dpahahyoutubeVideoPipContainer\" class=\"youtubeVideoPipScaleup\"><\/div>\n<div>\n<div class=\"neos-nodetypes-text\">\n<div>\n<p>ALLE HAUTTYPEN &amp; EMPFINDLICHE HAUT<\/p>\n<ul>\n<li>Fl\u00fcssige Allround-Foundation mit nat\u00fcrlichem Finish.<\/li>\n<li>Verschmilzt mit der Haut und schafft einen strahlenden Teint.<\/li>\n<li>Mit wertvollen Mineralien.<\/li>\n<\/ul>\n<\/div>\n<\/div>\n<div class=\"neos-nodetypes-text\">\n<div>\n<p>LEICHTE CREME<\/p>\n<p>LEICHTE BIS MITTLERE DECKKRAFT<\/p>\n<p>NAT\u00dcRLICHES FINISH<\/p>\n<\/div>\n<\/div>\n<\/div>\n","protected":false},"featured_media":2193,"template":"","meta":{"_kad_post_transparent":"","_kad_post_title":"","_kad_post_layout":"","_kad_post_sidebar_id":"","_kad_post_content_style":"","_kad_post_vertical_padding":"","_kad_post_feature":"","_kad_post_feature_position":"","_kad_post_header":false,"_kad_post_footer":false,"_kad_post_classname":""},"product_brand":[],"product_cat":[26,44],"product_tag":[39],"class_list":{"0":"post-670","1":"product","2":"type-product","3":"status-publish","4":"has-post-thumbnail","6":"product_cat-make-up","7":"product_cat-malu-wilz","8":"product_tag-make-up","10":"first","11":"instock","12":"sale","13":"shipping-taxable","14":"purchasable","15":"product-type-variable","16":"entry","17":"content-bg","18":"loop-entry"},"_links":{"self":[{"href":"https:\/\/personal-shopper-graz.at\/index.php?rest_route=\/wp\/v2\/product\/670","targetHints":{"allow":["GET"]}}],"collection":[{"href":"https:\/\/personal-shopper-graz.at\/index.php?rest_route=\/wp\/v2\/product"}],"about":[{"href":"https:\/\/personal-shopper-graz.at\/index.php?rest_route=\/wp\/v2\/types\/product"}],"wp:featuredmedia":[{"embeddable":true,"href":"https:\/\/personal-shopper-graz.at\/index.php?rest_route=\/wp\/v2\/media\/2193"}],"wp:attachment":[{"href":"https:\/\/personal-shopper-graz.at\/index.php?rest_route=%2Fwp%2Fv2%2Fmedia&parent=670"}],"wp:term":[{"taxonomy":"product_brand","embeddable":true,"href":"https:\/\/personal-shopper-graz.at\/index.php?rest_route=%2Fwp%2Fv2%2Fproduct_brand&post=670"},{"taxonomy":"product_cat","embeddable":true,"href":"https:\/\/personal-shopper-graz.at\/index.php?rest_route=%2Fwp%2Fv2%2Fproduct_cat&post=670"},{"taxonomy":"product_tag","embeddable":true,"href":"https:\/\/personal-shopper-graz.at\/index.php?rest_route=%2Fwp%2Fv2%2Fproduct_tag&post=670"}],"curies":[{"name":"wp","href":"https:\/\/api.w.org\/{rel}","templated":true}]}}