{"id":702,"date":"2020-04-29T15:21:13","date_gmt":"2020-04-29T15:21:13","guid":{"rendered":"https:\/\/personal-shopper-graz.at\/?post_type=product&#038;p=702"},"modified":"2025-11-03T08:00:18","modified_gmt":"2025-11-03T08:00:18","slug":"arabesque-perfect-color-lippenstift","status":"publish","type":"product","link":"https:\/\/personal-shopper-graz.at\/?product=arabesque-perfect-color-lippenstift","title":{"rendered":"Arabesque Perfect Color Lippenstift"},"content":{"rendered":"<h1><\/h1>\n<p><strong>Der ARABESQUE Profi-Tipp:<\/strong><\/p>\n<p>Durch die umfangreiche Farbpalette ist der ARABESQUE Ihr stetiger Begleiter: Von einem nat\u00fcrlichen Look im Alltag bis hin zu einem verf\u00fchrerischen Lippen-Make-up am Abend ist bei der Farbauswahl alles gegeben.<\/p>\n<div><\/div>\n<div id=\"dpahahyoutubeVideoPipContainer\" class=\"youtubeVideoPipScaleup\"><\/div>\n<div>\n<p>Tragen Sie den ARABESQUE Lippenstift direkt auf die Lippen auf. Seine ergonomische Form erm\u00f6glicht eine pr\u00e4zise Linienf\u00fchrung f\u00fcr einen perfekt definierten Mund.<\/p>\n<p>Glanzpunkte k\u00f6nnen Sie in Kombination mit dem Lip Gloss supermoist setzen.<\/p>\n<p>Mit dem passenden Lipliner waterproof k\u00f6nnen Sie die Lippenkontur ausbessern und das Auslaufen des Lippenstifts verhindern.<\/p>\n<\/div>\n<div id=\"dpahahyoutubeVideoPipContainer\" class=\"youtubeVideoPipScaleup\"><\/div>\n","protected":false},"excerpt":{"rendered":"<h1><span class=\"PRODUKT_KURZBESCHREIBUNG h2\">Langanhaltender Lippenstift<\/span><\/h1>\n<p>Lippenstift f\u00fcr satte Farbe und Plumping-Effekt<\/p>\n<p>Die Spitzenqualit\u00e4t der <strong>ARABESQUE Perfect Color Lippenstifte<\/strong> vereint lange <strong>Haltbarkeit<\/strong> und wirksame <strong>Pflege<\/strong>. Ein Lippenstift f\u00fcr die Frau mit vielen Traumfarben.<\/p>\n<div>\n<p>Der pflegende <strong>ARABESQUE Lippenstift<\/strong> garaniert eine satte Farbabgabe und die optimale Pflege der Lippen.\u00a0Die innovative Formulierung auf Gel-Basis sorgt f\u00fcr einen Plumping-Effekt und extra lange Haltbarkeit, ganz ohne die Lippen auszutrocknen.<\/p>\n<p>Der langanhaltende Lippenstift beinhaltet Hyaluron und spezielle Peptide &#8211; glatte und volle Lippen sind das Ergebnis. Zus\u00e4tzlich pflegen spezielle Wachse, \u00d6le und Vitamin E die Lippen und bilden zudem einen sanften Schutzfilm.<\/p>\n<\/div>\n<div id=\"dpahahyoutubeVideoPipContainer\" class=\"youtubeVideoPipScaleup\"><\/div>\n<div>\n<p>Neben der perfekten, gleichm\u00e4\u00dfigen Farbabgabe und der ausgewogenen Farbintensit\u00e4t begeistert der ARABESQUE Lippenstift mit einem zarten Vanilleduft.<\/p>\n<p>Paraben- und Talkfrei.<\/p>\n<\/div>\n<div id=\"dpahahyoutubeVideoPipContainer\" class=\"youtubeVideoPipScaleup\"><\/div>\n","protected":false},"featured_media":1522,"template":"","meta":{"_kad_post_transparent":"","_kad_post_title":"","_kad_post_layout":"","_kad_post_sidebar_id":"","_kad_post_content_style":"","_kad_post_vertical_padding":"","_kad_post_feature":"","_kad_post_feature_position":"","_kad_post_header":false,"_kad_post_footer":false,"_kad_post_classname":""},"product_brand":[],"product_cat":[20],"product_tag":[],"class_list":{"0":"post-702","1":"product","2":"type-product","3":"status-publish","4":"has-post-thumbnail","6":"product_cat-lippen","8":"first","9":"instock","10":"shipping-taxable","11":"purchasable","12":"product-type-variable","13":"entry","14":"content-bg","15":"loop-entry"},"_links":{"self":[{"href":"https:\/\/personal-shopper-graz.at\/index.php?rest_route=\/wp\/v2\/product\/702","targetHints":{"allow":["GET"]}}],"collection":[{"href":"https:\/\/personal-shopper-graz.at\/index.php?rest_route=\/wp\/v2\/product"}],"about":[{"href":"https:\/\/personal-shopper-graz.at\/index.php?rest_route=\/wp\/v2\/types\/product"}],"wp:featuredmedia":[{"embeddable":true,"href":"https:\/\/personal-shopper-graz.at\/index.php?rest_route=\/wp\/v2\/media\/1522"}],"wp:attachment":[{"href":"https:\/\/personal-shopper-graz.at\/index.php?rest_route=%2Fwp%2Fv2%2Fmedia&parent=702"}],"wp:term":[{"taxonomy":"product_brand","embeddable":true,"href":"https:\/\/personal-shopper-graz.at\/index.php?rest_route=%2Fwp%2Fv2%2Fproduct_brand&post=702"},{"taxonomy":"product_cat","embeddable":true,"href":"https:\/\/personal-shopper-graz.at\/index.php?rest_route=%2Fwp%2Fv2%2Fproduct_cat&post=702"},{"taxonomy":"product_tag","embeddable":true,"href":"https:\/\/personal-shopper-graz.at\/index.php?rest_route=%2Fwp%2Fv2%2Fproduct_tag&post=702"}],"curies":[{"name":"wp","href":"https:\/\/api.w.org\/{rel}","templated":true}]}}