{"id":861,"date":"2020-05-19T16:08:52","date_gmt":"2020-05-19T16:08:52","guid":{"rendered":"https:\/\/personal-shopper-graz.at\/?post_type=product&#038;p=861"},"modified":"2025-12-07T16:51:45","modified_gmt":"2025-12-07T16:51:45","slug":"dr-grandel-hyaluron-filler-caps-28-kapseln","status":"publish","type":"product","link":"https:\/\/personal-shopper-graz.at\/?product=dr-grandel-hyaluron-filler-caps-28-kapseln","title":{"rendered":"Dr. Grandel Hyaluron Filler Caps 28 Kapseln"},"content":{"rendered":"<div>28 Feuchtigkeit spendende Hyaluron Kapseln mit &#8222;Falten-F\u00fcller-Effekt&#8220;<\/div>\n<div><\/div>\n<div>\n<div class=\"col-md-8\">\n<article id=\"PRODUKTBESCHREIBUNG\" class=\"block\">Die Hyaluron Kapseln von DR. GRANDEL gl\u00e4tten sofort sichtbar und versorgen die Haut un\u00fcbertroffen schnell und effektiv mit viel Feuchtigkeit.<br \/>\nSelbst ausgepr\u00e4gte Trockenheitsf\u00e4ltchen werden mit den Hyaluron Kapseln gezielt von innen aufgepolstert und deutlich gemildert. Die Haut erh\u00e4lt\u00a0innerhalb von Minuten ihr frisches, pralles Aussehen zur\u00fcck.Inhalt: 28 St\u00fcckVERPACKUNG: Spender<\/article>\n<article><\/article>\n<\/div>\n<\/div>\n<div id=\"dpahahyoutubeVideoPipContainer\" class=\"youtubeVideoPipScaleup\"><\/div>\n","protected":false},"excerpt":{"rendered":"<h1>28 Feuchtigkeit spendende Hyaluron Kapseln mit &#8222;Falten-F\u00fcller-Effekt&#8220;<\/h1>\n<p>\u00d6ffnungsende der Hyaluron Kapseln abdrehen oder abschneiden. Kapselinhalt durch leichten Druck auf die Kapsel in die Handfl\u00e4che geben und sanft in die gereinigte Haut von Gesicht, Hals und Dekollet\u00e9 einmassieren. Um gezielt F\u00e4ltchen zu mildern, Produkt entlang der Linien\/F\u00e4ltchen vermehrt auftragen und intensiv einmassieren. Anschlie\u00dfend eine DR. GRANDEL Pflegecreme auftragen.<br \/>\nKAPSEL NICHT EINNEHMEN. NUR ZUR \u00c4USSERLICHEN ANWENDUNG. NICHT IN AUGENN\u00c4HE VERWENDEN. VOR KINDERN GESICHERT AUFBEWAHREN.<\/p>\n<div id=\"dpahahyoutubeVideoPipContainer\" class=\"youtubeVideoPipScaleup\"><\/div>\n","protected":false},"featured_media":3315,"template":"","meta":{"_kad_post_transparent":"","_kad_post_title":"","_kad_post_layout":"","_kad_post_sidebar_id":"","_kad_post_content_style":"","_kad_post_vertical_padding":"","_kad_post_feature":"","_kad_post_feature_position":"","_kad_post_header":false,"_kad_post_footer":false,"_kad_post_classname":""},"product_brand":[],"product_cat":[24],"product_tag":[],"class_list":{"0":"post-861","1":"product","2":"type-product","3":"status-publish","4":"has-post-thumbnail","6":"product_cat-pflege","8":"first","9":"instock","10":"shipping-taxable","11":"purchasable","12":"product-type-simple","13":"entry","14":"content-bg","15":"loop-entry"},"_links":{"self":[{"href":"https:\/\/personal-shopper-graz.at\/index.php?rest_route=\/wp\/v2\/product\/861","targetHints":{"allow":["GET"]}}],"collection":[{"href":"https:\/\/personal-shopper-graz.at\/index.php?rest_route=\/wp\/v2\/product"}],"about":[{"href":"https:\/\/personal-shopper-graz.at\/index.php?rest_route=\/wp\/v2\/types\/product"}],"wp:featuredmedia":[{"embeddable":true,"href":"https:\/\/personal-shopper-graz.at\/index.php?rest_route=\/wp\/v2\/media\/3315"}],"wp:attachment":[{"href":"https:\/\/personal-shopper-graz.at\/index.php?rest_route=%2Fwp%2Fv2%2Fmedia&parent=861"}],"wp:term":[{"taxonomy":"product_brand","embeddable":true,"href":"https:\/\/personal-shopper-graz.at\/index.php?rest_route=%2Fwp%2Fv2%2Fproduct_brand&post=861"},{"taxonomy":"product_cat","embeddable":true,"href":"https:\/\/personal-shopper-graz.at\/index.php?rest_route=%2Fwp%2Fv2%2Fproduct_cat&post=861"},{"taxonomy":"product_tag","embeddable":true,"href":"https:\/\/personal-shopper-graz.at\/index.php?rest_route=%2Fwp%2Fv2%2Fproduct_tag&post=861"}],"curies":[{"name":"wp","href":"https:\/\/api.w.org\/{rel}","templated":true}]}}