{"id":867,"date":"2020-05-19T16:28:29","date_gmt":"2020-05-19T16:28:29","guid":{"rendered":"https:\/\/personal-shopper-graz.at\/?post_type=product&#038;p=867"},"modified":"2025-12-07T16:49:10","modified_gmt":"2025-12-07T16:49:10","slug":"dr-grandel-micell-cleansing-water-mizellen-reinigungswasser","status":"publish","type":"product","link":"https:\/\/personal-shopper-graz.at\/?product=dr-grandel-micell-cleansing-water-mizellen-reinigungswasser","title":{"rendered":"Dr. Grandel Micell Cleansing Water Mizellen Reinigungswasser"},"content":{"rendered":"<h1>Reinigungswasser mit Mizellen-Technologie f\u00fcr ein porentief reines, befreites Hautgef\u00fchl<\/h1>\n<p>Porentief rein und von Schmutz befreit &#8211; Lassen Sie sich von dem Haut-Gef\u00fchl nach der Reinigung mit dem <strong>Mizellen Reinigungswasser<\/strong> von DR. GRANDEL begeistern. Dank der Mizellen-Technologie ist bei der Gesichtsreinigung mit dem Micell Cleansing Water weder Reiben mit Druck noch Zugabe von Wasser n\u00f6tig.<br \/>\nWie ein Magnet: Die im Mizellenwasser enthaltenen Mizellen\u00a0entfernen sowohl wasser- als auch fettl\u00f6sliche R\u00fcckst\u00e4nde von der Haut und sorgen so f\u00fcr eine gr\u00fcndliche Entfernung von Schmutz, Talg und Make-up Resten.<\/p>\n<p>DR. GRANDEL Micell Cleansing Water &#8211; feel free<\/p>\n<p>VERPACKUNG: Flasche<\/p>\n<p><strong>Vorteile von Mizellen Reinigungswasser<\/strong><br \/>\n\u25cf Einfache Anwendung f\u00fcr schnelles Abschminken<br \/>\n\u25cf Besonders gr\u00fcndliches Entfernen von Schmutzpartikeln<br \/>\n\u25cf Schonende Reinigung ohne Gef\u00fchl eines Fettfilms auf der Haut<br \/>\n\u25cf Wirkt entz\u00fcndungshemmend und verfeinert die Poren<br \/>\n\u25cf F\u00fcr alle Hauttypen, vor allem auch f\u00fcr empfindliche Haut geeignet<\/p>\n<div id=\"dpahahyoutubeVideoPipContainer\" class=\"youtubeVideoPipScaleup\"><\/div>\n","protected":false},"excerpt":{"rendered":"<p>Reinigungswasser mit Mizellen-Technologie f\u00fcr ein porentief reines, befreites Hautgef\u00fchl Porentief rein und von Schmutz befreit &#8211; Lassen Sie sich von dem Haut-Gef\u00fchl nach der Reinigung mit dem Mizellen Reinigungswasser von DR. GRANDEL begeistern. Dank der Mizellen-Technologie ist bei der Gesichtsreinigung mit dem Micell Cleansing Water weder Reiben mit Druck noch Zugabe von Wasser n\u00f6tig. Wie&#8230;<\/p>\n","protected":false},"featured_media":3314,"template":"","meta":{"_kad_post_transparent":"","_kad_post_title":"","_kad_post_layout":"","_kad_post_sidebar_id":"","_kad_post_content_style":"","_kad_post_vertical_padding":"","_kad_post_feature":"","_kad_post_feature_position":"","_kad_post_header":false,"_kad_post_footer":false,"_kad_post_classname":""},"product_brand":[],"product_cat":[24],"product_tag":[],"class_list":{"0":"post-867","1":"product","2":"type-product","3":"status-publish","4":"has-post-thumbnail","6":"product_cat-pflege","8":"first","9":"instock","10":"shipping-taxable","11":"purchasable","12":"product-type-simple","13":"entry","14":"content-bg","15":"loop-entry"},"_links":{"self":[{"href":"https:\/\/personal-shopper-graz.at\/index.php?rest_route=\/wp\/v2\/product\/867","targetHints":{"allow":["GET"]}}],"collection":[{"href":"https:\/\/personal-shopper-graz.at\/index.php?rest_route=\/wp\/v2\/product"}],"about":[{"href":"https:\/\/personal-shopper-graz.at\/index.php?rest_route=\/wp\/v2\/types\/product"}],"wp:featuredmedia":[{"embeddable":true,"href":"https:\/\/personal-shopper-graz.at\/index.php?rest_route=\/wp\/v2\/media\/3314"}],"wp:attachment":[{"href":"https:\/\/personal-shopper-graz.at\/index.php?rest_route=%2Fwp%2Fv2%2Fmedia&parent=867"}],"wp:term":[{"taxonomy":"product_brand","embeddable":true,"href":"https:\/\/personal-shopper-graz.at\/index.php?rest_route=%2Fwp%2Fv2%2Fproduct_brand&post=867"},{"taxonomy":"product_cat","embeddable":true,"href":"https:\/\/personal-shopper-graz.at\/index.php?rest_route=%2Fwp%2Fv2%2Fproduct_cat&post=867"},{"taxonomy":"product_tag","embeddable":true,"href":"https:\/\/personal-shopper-graz.at\/index.php?rest_route=%2Fwp%2Fv2%2Fproduct_tag&post=867"}],"curies":[{"name":"wp","href":"https:\/\/api.w.org\/{rel}","templated":true}]}}